{"id":5421,"date":"2021-06-07T18:12:25","date_gmt":"2021-06-07T18:12:25","guid":{"rendered":"https:\/\/redur.es\/cookies-policy\/"},"modified":"2025-10-21T13:34:31","modified_gmt":"2025-10-21T13:34:31","slug":"cookies-policy","status":"publish","type":"page","link":"https:\/\/redur.es\/en\/cookies-policy\/","title":{"rendered":"Cookies policy"},"content":{"rendered":"<section id=\"header-block_6b92ab46303370bfa5fa1b40af454117\" class=\"block-header bg_svg_0 height_1 dark_mode\" style=\"min-height: 1vh;background-color:  ;\">\n\t<div class=\"img-header bg d-flex flex-column justify-content-end justify-content-md-center \" style=\"min-height: 1vh; background-image: url('');\" data-default=\"\" data-mobile=\"\" >\n        <div class=\"container d-flex flex-column justify-content-between \">\n            <div class=\"display-2\">\n                            \t                    <h1>Purpose<\/h1>\n                            <\/div>\n               \n            \n        <\/div>\n    <\/div>\n        \n            <script type=\"text\/javascript\">\n            var element = document.getElementById(\"masthead\");\n            element.classList.add(\"dark-style\");\n        <\/script>\n    <\/section>\n<h2 class=\"wp-block-heading\">Cookies policy<\/h2>\n\n<h3 class=\"wp-block-heading\">1. Informaci\u00f3n General<\/h3>\n\n<p><span class=\"has-inline-color\" style=\"color: #0c4c49;\"><strong><strong>M\u00e1s informaci\u00f3n sobre las cookies<\/strong><\/strong><\/span><\/p>\n\n<h4 class=\"wp-block-heading\">\u00bfQu\u00e9 son las cookies?<\/h4>\n\n<p>Las cookies y otros dispositivos similares, como p\u00edxeles, web bugs, etc. son archivos de texto o imagen que se instalan en el navegador del usuario cuando este accede a un servicio online.<\/p>\n\n<p>Las cookies permiten, entre otras cosas, almacenar y recuperar informaci\u00f3n sobre el usuario, su navegador, sus dispositivos y la actividad del usuario en el servicio al que se conecta.<\/p>\n\n<h4 class=\"wp-block-heading\">\u00bfQu\u00e9 tipos de cookies existen?<\/h4>\n\n<p>Existen muchos tipos de cookies. A continuaci\u00f3n, ofrecemos al usuario algunas clasificaciones de las mismas, sin que ello implique necesariamente que este servicio utiliza todos estos tipos de cookies:<\/p>\n\n<p>a) Seg\u00fan la entidad que gestiona las cookies:<\/p>\n\n<ul class=\"wp-block-list\">\n<li><strong>Cookies propias<\/strong>: son aqu\u00e9llas que se env\u00edan al dispositivo o terminal del usuario desde el equipo o dominio perteneciente al titular de un servicio, y gestionadas por \u00e9ste.<\/li>\n\n\n\n<li><strong>Cookies de terceros<\/strong>: son aqu\u00e9llas que son enviadas al dispositivo o terminal del usuario desde un equipo o dominio que no es gestionado por el titular de un servicio, sino por un tercero que tratar\u00e1 la informaci\u00f3n obtenida a trav\u00e9s de las cookies.<\/li>\n<\/ul>\n\n<p>b) Seg\u00fan el tiempo de conservaci\u00f3n:<\/p>\n\n<ul class=\"wp-block-list\">\n<li><strong>Cookies de sesi\u00f3n<\/strong>: son aqu\u00e9llas que recaban y almacenan los datos cuando el usuario accede a un servicio y cesan una vez que el usuario sale de \u00e9sta.<\/li>\n\n\n\n<li><strong>Cookies persistentes<\/strong>: son aqu\u00e9llas que tienen una duraci\u00f3n determinada en el tiempo por el responsable del servicio. El tiempo de conservaci\u00f3n puede variar entre unos minutos a varios a\u00f1os. Se utilizan para guardar y recuperar ciertos par\u00e1metros cada vez que el usuario visite un servicio.<\/li>\n<\/ul>\n\n<p>c) Seg\u00fan su finalidad:<\/p>\n\n<ul class=\"wp-block-list\">\n<li><strong>Cookies t\u00e9cnicas<\/strong>: son aqu\u00e9llas imprescindibles y estrictamente necesarias para el correcto funcionamiento, uso de las diferentes opciones o servicios ofrecidos por los responsables del mismo. Por ejemplo, las que sirven para el mantenimiento de la sesi\u00f3n, la gesti\u00f3n del tiempo de respuesta, rendimiento o validaci\u00f3n de opciones, utilizar elementos de seguridad, etc.<\/li>\n\n\n\n<li><strong>Cookies de personalizaci\u00f3n<\/strong>: son aqu\u00e9llas que permiten que el usuario pueda especificar o personalizar algunas caracter\u00edsticas de un servicio. Por ejemplo, definir el idioma, configuraci\u00f3n regional o tipo de navegador.<\/li>\n\n\n\n<li><strong>Cookies anal\u00edticas<\/strong>: son aqu\u00e9llas que permiten contar el n\u00famero de visitantes \u00fanicos y realizar un an\u00e1lisis del uso de un servicio para medir el inter\u00e9s de \u00e9ste o de determinadas \u00e1reas del mismo. Por ejemplo, mediante una cookie anal\u00edtica se controlar\u00edan las \u00e1reas geogr\u00e1ficas desde donde se conectan mayores porcentajes de usuarios, cu\u00e1l es el producto o servicio de m\u00e1s aceptaci\u00f3n, etc.<\/li>\n\n\n\n<li><strong>Cookies publicitarias<\/strong>: son aqu\u00e9llas que permiten la gesti\u00f3n de los espacios publicitarios en un servicio.<\/li>\n\n\n\n<li><strong>Cookies de publicidad comportamental<\/strong>: son aqu\u00e9llas que permiten la gesti\u00f3n de espacios publicitarios en un servicio. La funci\u00f3n de estas cookies es almacenar informaci\u00f3n del comportamiento de los usuarios de un servicio, para posteriormente mostrar publicidad personalizada.<\/li>\n<\/ul>\n\n<p>d) Otras tecnolog\u00edas:<\/p>\n\n<ul class=\"wp-block-list\">\n<li><strong>Pixeles, web bugs o trackers<\/strong>: tambi\u00e9n conocidos como p\u00edxeles de rastreo, tracking pixel, pixel tag o p\u00edxeles de conversi\u00f3n, web beacons o balizas web. Son diminutas im\u00e1genes de 1&#215;1 p\u00edxeles transparentes que se insertan en un servicio a fin de realizar mediciones de actividad. Una vez que determinada p\u00e1gina del servicio se carga en un navegador, dicha imagen se cargar\u00e1, pudiendo este dato ser medido. Los p\u00edxeles de seguimiento permiten, generalmente, conocer el recorrido que ha realizado una determinada IP de usuario en un servicio online.<\/li>\n\n\n\n<li><strong>Almacenamiento HTML5<\/strong>: consiste en aprovechar las capacidades de la tecnolog\u00eda HTML5 para almacenar en el navegador del usuario determinados par\u00e1metros que pueden ser utilizados para identificar el navegador del mismo.<\/li>\n\n\n\n<li><strong>Objetos locales compartidos (LSO)<\/strong>: tambi\u00e9n conocidos como \u201cflash cookies\u201d, consiste en el almacenamiento de informaci\u00f3n sin cookies en el equipo del usuario, aprovechando la tecnolog\u00eda Adobe Flash Player.<\/li>\n\n\n\n<li><strong>Etags<\/strong>: se trata de un mecanismo del protocolo HTTP que permite la validaci\u00f3n del cach\u00e9 que el usuario guarda en su navegador de una web. Esta tecnolog\u00eda se usa principalmente para ahorrar ancho de banda, evitando descarga de contenidos por duplicado. No obstante, tambi\u00e9n es posible utilizarla para reconocer el navegador del usuario.<\/li>\n\n\n\n<li><strong>Canvas fingerprinting<\/strong>: consiste en la generaci\u00f3n de una forma \u00fanica en el navegador del usuario aprovechando la tecnolog\u00eda del est\u00e1ndar web HTML5 para identificar el equipo del usuario.<\/li>\n\n\n\n<li><strong>Detecci\u00f3n de fuentes<\/strong>: esta t\u00e9cnica consiste en identificar la configuraci\u00f3n de fuentes del equipo del usuario para obtener una identificaci\u00f3n \u00fanica del equipo.<\/li>\n\n\n\n<li><strong>Cach\u00e9 del navegador<\/strong>: como su propio nombre indica, esta t\u00e9cnica consiste en el almacenaje de informaci\u00f3n en el cach\u00e9 del navegador.<\/li>\n\n\n\n<li><strong>WebGL<\/strong>: esta t\u00e9cnica permite aprovechar las capacidades para representar figuras en tres dimensiones de los navegadores modernos para obtener una identificaci\u00f3n \u00fanica del equipo, debido a las diferentes configuraciones de cada uno.<\/li>\n<\/ul>\n\n<h3 class=\"wp-block-heading\">2. Informaci\u00f3n Espec\u00edfica<\/h3>\n\n<h4 class=\"wp-block-heading\"><strong>\u00bfQui\u00e9n es el responsable de este servicio?<\/strong><\/h4>\n\n<p>Este sitio web es responsabilidad de REDUR S.L. con NIF A79131405 empresa domiciliada en Crta. Algete &#8211; Madrid Km 2,500 28110 Algete, Madrid, Espa\u00f1a, entidad inscrita en el Registro Mercantil de MADRID T-27131 FOLIO 116 SECCION 8 HOJA M68173 (en adelante, REDUR).<\/p>\n\n<h4 class=\"wp-block-heading\"><strong>\u00bfQu\u00e9 tecnolog\u00edas utilizamos?<\/strong><\/h4>\n\n<p>En concreto, este servicio online utiliza cookies y otros dispositivos similares con las siguientes finalidades:<\/p>\n\n<figure class=\"wp-block-table\"><table class=\"has-fixed-layout\"><tbody><tr><td>Finalidad<\/td><td>Persistencia<\/td><td>Origen\/Proveedor<\/td><td>M\u00e1s info<\/td><\/tr><tr><td>T\u00e9cnicas<\/td><td>1 a\u00f1o<\/td><td>Propias<\/td><td>N\/A<\/td><\/tr><tr><td>Anal\u00edticas<\/td><td>1 a\u00f1o<\/td><td>Google (*)<\/td><td>Link de Google<\/td><\/tr><tr><td>T\u00e9cnicas (Cloudflare Bot Management)<\/td><td>1 hora<\/td><td>Vimeo \/ Cloudflare<\/td><td>Se usa para gestionar y proteger frente a bots.<\/td><\/tr><tr><td>T\u00e9cnicas (Sesi\u00f3n de Cloudflare)<\/td><td>Sesi\u00f3n<\/td><td>Vimeo \/ Cloudflare<\/td><td>Mantiene la coherencia de sesi\u00f3n y mejora la experiencia del usuario.<\/td><\/tr><tr><td>Anal\u00edticas (Google Analytics &#8211; vistas de p\u00e1gina)<\/td><td>1 a\u00f1o 1 mes 4 d\u00edas<\/td><td>Google<\/td><td>Almacena y cuenta las vistas de p\u00e1gina.<\/td><\/tr><tr><td>Anal\u00edticas (Google Analytics &#8211; visitantes \u00fanicos)<\/td><td>1 a\u00f1o 1 mes 4 d\u00edas<\/td><td>Google<\/td><td>Calcula datos de visitantes, sesiones y campa\u00f1as de forma an\u00f3nima.<\/td><\/tr><tr><td>T\u00e9cnicas (Compatibilidad de emojis en WordPress)<\/td><td>Sesi\u00f3n<\/td><td>Propias (WordPress)<\/td><td>Determina si el navegador puede mostrar emojis correctamente.<\/td><\/tr><\/tbody><\/table><\/figure>\n\n<p>(*) Proveedores no ubicados en la Uni\u00f3n Europea ni en pa\u00edses con legislaci\u00f3n equivalente en materia de protecci\u00f3n de datos.<\/p>\n\n<p>La informaci\u00f3n obtenida a trav\u00e9s de estas cookies se almacena en servidores de los proveedores indicados, que se encuentran ubicados en pa\u00edses fuera de la Uni\u00f3n Europea, en general ubicados en Estados Unidos. No obstante, le informamos de que estos proveedores ofrecen garant\u00edas adecuadas de protecci\u00f3n de datos mediante su adhesi\u00f3n al Marco de Privacidad de Datos UE-EEUU que declara un nivel adecuado de protecci\u00f3n por la Comisi\u00f3n Europea o mediante la firma de las Cl\u00e1usulas Contractuales Tipo aprobadas por la Comisi\u00f3n Europea.<\/p>\n\n<h4 class=\"wp-block-heading\"><strong>\u00bfC\u00f3mo deshabilitar o eliminar las cookies?<\/strong><\/h4>\n\n<p>Al acceder al servicio por primera vez, el usuario ver\u00e1 un aviso de cookies en el que se le informar\u00e1 de la forma en la que puede prestar o rechazar su consentimiento.<\/p>\n\n<p>En caso de que el usuario hubiese prestado su consentimiento, en cualquier momento podr\u00e1 deshabilitar o eliminar las cookies enunciadas a trav\u00e9s de la configuraci\u00f3n de las opciones del navegador utilizado en su dispositivo o terminal.<\/p>\n\n<p>No obstante, el usuario debe tener en cuenta que, si rechaza o borra las cookies, no podremos mantener sus preferencias y algunas caracter\u00edsticas no estar\u00e1n operativas, por lo que no podremos ofrecerle servicios personalizados y cada vez que vayan a utilizar el servicio figurar\u00e1 como un nuevo usuario al que se le solicitar\u00e1 su autorizaci\u00f3n para el uso de cookies.<\/p>\n\n<p>A continuaci\u00f3n, ofrecemos enlaces en los que el usuario encontrar\u00e1 informaci\u00f3n sobre c\u00f3mo desactivar las cookies y similares en los principales navegadores:<\/p>\n\n<ul class=\"wp-block-list\">\n<li>Configuraci\u00f3n de cookies para Google Chrome<\/li>\n\n\n\n<li>Configuraci\u00f3n de cookies para Mozilla Firefox<\/li>\n\n\n\n<li>Configuraci\u00f3n de cookies para Internet Explorer<\/li>\n\n\n\n<li>Configuraci\u00f3n de cookies para Safari<\/li>\n<\/ul>\n\n<h4 class=\"wp-block-heading\">\u00bfC\u00f3mo afecta el uso de cookies a la protecci\u00f3n de los datos personales del usuario?<\/h4>\n\n<p>La mayor\u00eda de las cookies recopilan informaci\u00f3n an\u00f3nima, que no permite obtener la identidad del usuario, si bien algunos de los c\u00f3digos que se incluyen sirven para singularizar o individualizar al navegador de su dispositivo utilizado, pudiendo ser de aplicaci\u00f3n la normativa en materia de protecci\u00f3n de datos personales. Por ello, le informamos de que la informaci\u00f3n que se obtiene por medio de las cookies ser\u00e1 tratada con las finalidades indicadas en la presente Pol\u00edtica de Cookies. Asimismo, est\u00e1 informaci\u00f3n tambi\u00e9n ser\u00e1 tratada por aquellas empresas que proveen cookies con la finalidad indicada en  sus respectivas pol\u00edticas de privacidad.<\/p>\n\n<p>No obstante, teniendo en cuenta que estos c\u00f3digos no permiten la identificaci\u00f3n del Usuario, no ser\u00e1n aplicables los derechos de acceso, rectificaci\u00f3n, supresi\u00f3n, oposici\u00f3n, limitaci\u00f3n o portabilidad reconocidos en la normativa de protecci\u00f3n de datos, salvo que el Usuario sea capaz de aportar informaci\u00f3n adicional que permita vincular su identidad con los c\u00f3digos identificativos de sus cookies. En caso de considerar vulnerado su derecho a la protecci\u00f3n de datos, el usuario podr\u00e1 presentar una reclamaci\u00f3n ante la Agencia Espa\u00f1ola de Protecci\u00f3n de Datos (<a href=\"http:\/\/www.aepd.es\">www.aepd.es<\/a>).<\/p>\n\n<h4 class=\"wp-block-heading\">M\u00e1s informaci\u00f3n<\/h4>\n\n<p>El usuario puede plantear cualquier consulta relacionada con el uso de cookies que no est\u00e9 contestada en esta Pol\u00edtica de Cookies a trav\u00e9s del correo <a href=\"mailto:LOPD@redur.es\">LOPD@redur.es<\/a>.<\/p>\n","protected":false},"excerpt":{"rendered":"<p>Cookies policy 1. Informaci\u00f3n General M\u00e1s informaci\u00f3n sobre las cookies \u00bfQu\u00e9 son las cookies? Las cookies y otros dispositivos similares, como p\u00edxeles, web bugs, etc. son archivos de texto o imagen que se instalan en el navegador del usuario cuando este accede a un servicio online. Las cookies permiten, entre otras cosas, almacenar y recuperar [&hellip;]<\/p>\n","protected":false},"author":1,"featured_media":0,"parent":0,"menu_order":0,"comment_status":"closed","ping_status":"closed","template":"page-legal.php","meta":{"_acf_changed":false,"footnotes":""},"class_list":["post-5421","page","type-page","status-publish","hentry"],"acf":[],"yoast_head":"<!-- This site is optimized with the Yoast SEO plugin v23.6 - https:\/\/yoast.com\/wordpress\/plugins\/seo\/ -->\n<title>Cookies policy | REDUR<\/title>\n<meta name=\"robots\" content=\"noindex, follow\" \/>\n<meta property=\"og:locale\" content=\"en_US\" \/>\n<meta property=\"og:type\" content=\"article\" \/>\n<meta property=\"og:title\" content=\"Cookies policy | REDUR\" \/>\n<meta property=\"og:description\" content=\"Cookies policy 1. Informaci\u00f3n General M\u00e1s informaci\u00f3n sobre las cookies \u00bfQu\u00e9 son las cookies? Las cookies y otros dispositivos similares, como p\u00edxeles, web bugs, etc. son archivos de texto o imagen que se instalan en el navegador del usuario cuando este accede a un servicio online. Las cookies permiten, entre otras cosas, almacenar y recuperar [&hellip;]\" \/>\n<meta property=\"og:url\" content=\"https:\/\/redur.es\/en\/cookies-policy\/\" \/>\n<meta property=\"og:site_name\" content=\"REDUR\" \/>\n<meta property=\"article:modified_time\" content=\"2025-10-21T13:34:31+00:00\" \/>\n<meta name=\"twitter:card\" content=\"summary_large_image\" \/>\n<meta name=\"twitter:label1\" content=\"Est. reading time\" \/>\n\t<meta name=\"twitter:data1\" content=\"8 minutes\" \/>\n<script type=\"application\/ld+json\" class=\"yoast-schema-graph\">{\"@context\":\"https:\/\/schema.org\",\"@graph\":[{\"@type\":\"WebPage\",\"@id\":\"https:\/\/redur.es\/en\/cookies-policy\/\",\"url\":\"https:\/\/redur.es\/en\/cookies-policy\/\",\"name\":\"Cookies policy | REDUR\",\"isPartOf\":{\"@id\":\"https:\/\/redur.es\/en\/#website\"},\"datePublished\":\"2021-06-07T18:12:25+00:00\",\"dateModified\":\"2025-10-21T13:34:31+00:00\",\"breadcrumb\":{\"@id\":\"https:\/\/redur.es\/en\/cookies-policy\/#breadcrumb\"},\"inLanguage\":\"en-US\",\"potentialAction\":[{\"@type\":\"ReadAction\",\"target\":[\"https:\/\/redur.es\/en\/cookies-policy\/\"]}]},{\"@type\":\"BreadcrumbList\",\"@id\":\"https:\/\/redur.es\/en\/cookies-policy\/#breadcrumb\",\"itemListElement\":[{\"@type\":\"ListItem\",\"position\":1,\"name\":\"Portada\",\"item\":\"https:\/\/redur.es\/en\/\"},{\"@type\":\"ListItem\",\"position\":2,\"name\":\"Cookies policy\"}]},{\"@type\":\"WebSite\",\"@id\":\"https:\/\/redur.es\/en\/#website\",\"url\":\"https:\/\/redur.es\/en\/\",\"name\":\"REDUR\",\"description\":\"Logistics and Transportation\",\"publisher\":{\"@id\":\"https:\/\/redur.es\/en\/#organization\"},\"potentialAction\":[{\"@type\":\"SearchAction\",\"target\":{\"@type\":\"EntryPoint\",\"urlTemplate\":\"https:\/\/redur.es\/en\/?s={search_term_string}\"},\"query-input\":{\"@type\":\"PropertyValueSpecification\",\"valueRequired\":true,\"valueName\":\"search_term_string\"}}],\"inLanguage\":\"en-US\"},{\"@type\":\"Organization\",\"@id\":\"https:\/\/redur.es\/en\/#organization\",\"name\":\"REDUR\",\"url\":\"https:\/\/redur.es\/en\/\",\"logo\":{\"@type\":\"ImageObject\",\"inLanguage\":\"en-US\",\"@id\":\"https:\/\/redur.es\/en\/#\/schema\/logo\/image\/\",\"url\":\"\",\"contentUrl\":\"\",\"caption\":\"REDUR\"},\"image\":{\"@id\":\"https:\/\/redur.es\/en\/#\/schema\/logo\/image\/\"}}]}<\/script>\n<!-- \/ Yoast SEO plugin. -->","yoast_head_json":{"title":"Cookies policy | REDUR","robots":{"index":"noindex","follow":"follow"},"og_locale":"en_US","og_type":"article","og_title":"Cookies policy | REDUR","og_description":"Cookies policy 1. Informaci\u00f3n General M\u00e1s informaci\u00f3n sobre las cookies \u00bfQu\u00e9 son las cookies? Las cookies y otros dispositivos similares, como p\u00edxeles, web bugs, etc. son archivos de texto o imagen que se instalan en el navegador del usuario cuando este accede a un servicio online. Las cookies permiten, entre otras cosas, almacenar y recuperar [&hellip;]","og_url":"https:\/\/redur.es\/en\/cookies-policy\/","og_site_name":"REDUR","article_modified_time":"2025-10-21T13:34:31+00:00","twitter_card":"summary_large_image","twitter_misc":{"Est. reading time":"8 minutes"},"schema":{"@context":"https:\/\/schema.org","@graph":[{"@type":"WebPage","@id":"https:\/\/redur.es\/en\/cookies-policy\/","url":"https:\/\/redur.es\/en\/cookies-policy\/","name":"Cookies policy | REDUR","isPartOf":{"@id":"https:\/\/redur.es\/en\/#website"},"datePublished":"2021-06-07T18:12:25+00:00","dateModified":"2025-10-21T13:34:31+00:00","breadcrumb":{"@id":"https:\/\/redur.es\/en\/cookies-policy\/#breadcrumb"},"inLanguage":"en-US","potentialAction":[{"@type":"ReadAction","target":["https:\/\/redur.es\/en\/cookies-policy\/"]}]},{"@type":"BreadcrumbList","@id":"https:\/\/redur.es\/en\/cookies-policy\/#breadcrumb","itemListElement":[{"@type":"ListItem","position":1,"name":"Portada","item":"https:\/\/redur.es\/en\/"},{"@type":"ListItem","position":2,"name":"Cookies policy"}]},{"@type":"WebSite","@id":"https:\/\/redur.es\/en\/#website","url":"https:\/\/redur.es\/en\/","name":"REDUR","description":"Logistics and Transportation","publisher":{"@id":"https:\/\/redur.es\/en\/#organization"},"potentialAction":[{"@type":"SearchAction","target":{"@type":"EntryPoint","urlTemplate":"https:\/\/redur.es\/en\/?s={search_term_string}"},"query-input":{"@type":"PropertyValueSpecification","valueRequired":true,"valueName":"search_term_string"}}],"inLanguage":"en-US"},{"@type":"Organization","@id":"https:\/\/redur.es\/en\/#organization","name":"REDUR","url":"https:\/\/redur.es\/en\/","logo":{"@type":"ImageObject","inLanguage":"en-US","@id":"https:\/\/redur.es\/en\/#\/schema\/logo\/image\/","url":"","contentUrl":"","caption":"REDUR"},"image":{"@id":"https:\/\/redur.es\/en\/#\/schema\/logo\/image\/"}}]}},"_links":{"self":[{"href":"https:\/\/redur.es\/en\/wp-json\/wp\/v2\/pages\/5421","targetHints":{"allow":["GET"]}}],"collection":[{"href":"https:\/\/redur.es\/en\/wp-json\/wp\/v2\/pages"}],"about":[{"href":"https:\/\/redur.es\/en\/wp-json\/wp\/v2\/types\/page"}],"author":[{"embeddable":true,"href":"https:\/\/redur.es\/en\/wp-json\/wp\/v2\/users\/1"}],"replies":[{"embeddable":true,"href":"https:\/\/redur.es\/en\/wp-json\/wp\/v2\/comments?post=5421"}],"version-history":[{"count":5,"href":"https:\/\/redur.es\/en\/wp-json\/wp\/v2\/pages\/5421\/revisions"}],"predecessor-version":[{"id":8444,"href":"https:\/\/redur.es\/en\/wp-json\/wp\/v2\/pages\/5421\/revisions\/8444"}],"wp:attachment":[{"href":"https:\/\/redur.es\/en\/wp-json\/wp\/v2\/media?parent=5421"}],"curies":[{"name":"wp","href":"https:\/\/api.w.org\/{rel}","templated":true}]}}