{"id":8272,"date":"2025-03-20T14:02:25","date_gmt":"2025-03-20T14:02:25","guid":{"rendered":"https:\/\/redur.es\/internal-information-system\/"},"modified":"2025-12-17T15:53:56","modified_gmt":"2025-12-17T15:53:56","slug":"internal-information-system","status":"publish","type":"page","link":"https:\/\/redur.es\/en\/internal-information-system\/","title":{"rendered":"Internal information system"},"content":{"rendered":"<section id=\"header-block_6fa35c73427fde34e039c79194760c66\" class=\"block-header bg_svg_1 height_73 \" style=\"min-height: 73vh;background-color:  ;\">\n\t<div class=\"img-header bg d-flex flex-column justify-content-end justify-content-md-center \" style=\"min-height: 73vh; background-image: url('');\" data-default=\"\" data-mobile=\"\" >\n        <div class=\"container d-flex flex-column justify-content-between \">\n            <div class=\"display-2\">\n                            \t                    <h1>Internal information system<\/h1>\n                            <\/div>\n               \n            \n        <\/div>\n    <\/div>\n                <svg id=\"background-header-1\" class=\"background-header\" xmlns=\"http:\/\/www.w3.org\/2000\/svg\" viewBox=\"0 0 1506.6 678.5\"><title>svg_1<\/title><path d=\"M579.9,678.5H0v-90H579.9A180.37,180.37,0,0,0,760.4,408V270.5A270.41,270.41,0,0,1,1030.9,0h475.7V90H1030.9A180.61,180.61,0,0,0,850.4,270.5V408A270.4,270.4,0,0,1,579.9,678.5Z\" style=\"fill: var(--color-green-primary)\"\/><\/svg>\n            <svg version=\"1.1\" id=\"background-header-1-1\" class=\"background-header\" xmlns=\"http:\/\/www.w3.org\/2000\/svg\" xmlns:xlink=\"http:\/\/www.w3.org\/1999\/xlink\" x=\"0px\" y=\"0px\" viewBox=\"0 0 860.8 681.8\" xml:space=\"preserve\"><path class=\"st0\" d=\"M331.3,681.8H0v-50h331.3c27.7,0,53.8-10.8,73.4-30.4c19.6-19.6,30.4-45.7,30.4-73.4V153.9C435.2,69,504.2,0,589,0c0,0,0,0,0,0h271.8v50H589c-57.3,0-103.9,46.6-103.9,103.9v374.1c0,41.1-16,79.7-45.1,108.8C411.1,665.8,372.4,681.8,331.3,681.8z\"  style=\"fill: var(--color-green-primary);\"\/><\/svg>\n             \n    <\/section>\n<div style=\"height:70px\" aria-hidden=\"true\" class=\"wp-block-spacer\"><\/div>\n\n<div class=\"wp-block-columns container-fluid is-layout-flex wp-container-core-columns-is-layout-9d6595d7 wp-block-columns-is-layout-flex\">\n<div class=\"wp-block-column is-layout-flow wp-block-column-is-layout-flow\" style=\"flex-basis:15%\"><\/div>\n\n\n\n<div class=\"wp-block-column is-layout-flow wp-block-column-is-layout-flow\" style=\"flex-basis:70%\">\n<p class=\"has-text-align-center\">Accede a nuestro canal del informante a trav\u00e9s del siguiente enlace:<\/p>\n\n\n\n<div class=\"wp-block-buttons is-content-justification-center is-layout-flex wp-container-core-buttons-is-layout-16018d1d wp-block-buttons-is-layout-flex\">\n<div class=\"wp-block-button\"><a class=\"wp-block-button__link has-background wp-element-button\" href=\"https:\/\/compliance.legalsending.com\/canal\/?C=48601689019015288\" style=\"background-color:#0c4c49\" target=\"_blank\" rel=\"noreferrer noopener\">Canal del informante<\/a><\/div>\n\n\n<\/div>\n\n\n\n<div style=\"height:40px\" aria-hidden=\"true\" class=\"wp-block-spacer\"><\/div>\n\n\n\n<p class=\"has-text-align-center\">Tambi\u00e9n puede descargarte:&#13;\n<a href=\"https:\/\/redur.es\/wp-content\/uploads\/2024\/06\/POLITICA-INTERNA-DEL-CANAL-DE-DENUNCIAS.pdf\">Pol\u00edtica interna del canal del informante<\/a>&#13;\n<a href=\"https:\/\/redur.es\/wp-content\/uploads\/2023\/12\/procedimiento-gestion-comunicaciones-canal-interno-informacion-grupo-redur.pdf\">Procedimiento de gesti\u00f3n del canal del informante<\/a><\/p>\n<\/div>\n\n\n\n<div class=\"wp-block-column is-layout-flow wp-block-column-is-layout-flow\" style=\"flex-basis:15%\"><\/div>\n<\/div>\n\n<div style=\"height:50px\" aria-hidden=\"true\" class=\"wp-block-spacer\"><\/div>\n","protected":false},"excerpt":{"rendered":"<p>Accede a nuestro canal del informante a trav\u00e9s del siguiente enlace: Tambi\u00e9n puede descargarte:&#13; Pol\u00edtica interna del canal del informante&#13; Procedimiento de gesti\u00f3n del canal del informante<\/p>\n","protected":false},"author":1,"featured_media":0,"parent":0,"menu_order":0,"comment_status":"closed","ping_status":"closed","template":"","meta":{"_acf_changed":false,"footnotes":""},"class_list":["post-8272","page","type-page","status-publish","hentry"],"acf":[],"yoast_head":"<!-- This site is optimized with the Yoast SEO plugin v23.6 - https:\/\/yoast.com\/wordpress\/plugins\/seo\/ -->\n<title>Internal information system | REDUR<\/title>\n<meta name=\"robots\" content=\"index, follow, max-snippet:-1, max-image-preview:large, max-video-preview:-1\" \/>\n<link rel=\"canonical\" href=\"https:\/\/redur.es\/en\/internal-information-system\/\" \/>\n<meta property=\"og:locale\" content=\"en_US\" \/>\n<meta property=\"og:type\" content=\"article\" \/>\n<meta property=\"og:title\" content=\"Internal information system | REDUR\" \/>\n<meta property=\"og:description\" content=\"Accede a nuestro canal del informante a trav\u00e9s del siguiente enlace: Tambi\u00e9n puede descargarte:&#013; Pol\u00edtica interna del canal del informante&#013; Procedimiento de gesti\u00f3n del canal del informante\" \/>\n<meta property=\"og:url\" content=\"https:\/\/redur.es\/en\/internal-information-system\/\" \/>\n<meta property=\"og:site_name\" content=\"REDUR\" \/>\n<meta property=\"article:modified_time\" content=\"2025-12-17T15:53:56+00:00\" \/>\n<meta name=\"twitter:card\" content=\"summary_large_image\" \/>\n<script type=\"application\/ld+json\" class=\"yoast-schema-graph\">{\"@context\":\"https:\/\/schema.org\",\"@graph\":[{\"@type\":\"WebPage\",\"@id\":\"https:\/\/redur.es\/en\/internal-information-system\/\",\"url\":\"https:\/\/redur.es\/en\/internal-information-system\/\",\"name\":\"Internal information system | REDUR\",\"isPartOf\":{\"@id\":\"https:\/\/redur.es\/en\/#website\"},\"datePublished\":\"2025-03-20T14:02:25+00:00\",\"dateModified\":\"2025-12-17T15:53:56+00:00\",\"breadcrumb\":{\"@id\":\"https:\/\/redur.es\/en\/internal-information-system\/#breadcrumb\"},\"inLanguage\":\"en-US\",\"potentialAction\":[{\"@type\":\"ReadAction\",\"target\":[\"https:\/\/redur.es\/en\/internal-information-system\/\"]}]},{\"@type\":\"BreadcrumbList\",\"@id\":\"https:\/\/redur.es\/en\/internal-information-system\/#breadcrumb\",\"itemListElement\":[{\"@type\":\"ListItem\",\"position\":1,\"name\":\"Portada\",\"item\":\"https:\/\/redur.es\/en\/\"},{\"@type\":\"ListItem\",\"position\":2,\"name\":\"Internal information system\"}]},{\"@type\":\"WebSite\",\"@id\":\"https:\/\/redur.es\/en\/#website\",\"url\":\"https:\/\/redur.es\/en\/\",\"name\":\"REDUR\",\"description\":\"Logistics and Transportation\",\"publisher\":{\"@id\":\"https:\/\/redur.es\/en\/#organization\"},\"potentialAction\":[{\"@type\":\"SearchAction\",\"target\":{\"@type\":\"EntryPoint\",\"urlTemplate\":\"https:\/\/redur.es\/en\/?s={search_term_string}\"},\"query-input\":{\"@type\":\"PropertyValueSpecification\",\"valueRequired\":true,\"valueName\":\"search_term_string\"}}],\"inLanguage\":\"en-US\"},{\"@type\":\"Organization\",\"@id\":\"https:\/\/redur.es\/en\/#organization\",\"name\":\"REDUR\",\"url\":\"https:\/\/redur.es\/en\/\",\"logo\":{\"@type\":\"ImageObject\",\"inLanguage\":\"en-US\",\"@id\":\"https:\/\/redur.es\/en\/#\/schema\/logo\/image\/\",\"url\":\"\",\"contentUrl\":\"\",\"caption\":\"REDUR\"},\"image\":{\"@id\":\"https:\/\/redur.es\/en\/#\/schema\/logo\/image\/\"}}]}<\/script>\n<!-- \/ Yoast SEO plugin. -->","yoast_head_json":{"title":"Internal information system | REDUR","robots":{"index":"index","follow":"follow","max-snippet":"max-snippet:-1","max-image-preview":"max-image-preview:large","max-video-preview":"max-video-preview:-1"},"canonical":"https:\/\/redur.es\/en\/internal-information-system\/","og_locale":"en_US","og_type":"article","og_title":"Internal information system | REDUR","og_description":"Accede a nuestro canal del informante a trav\u00e9s del siguiente enlace: Tambi\u00e9n puede descargarte:&#13; Pol\u00edtica interna del canal del informante&#13; Procedimiento de gesti\u00f3n del canal del informante","og_url":"https:\/\/redur.es\/en\/internal-information-system\/","og_site_name":"REDUR","article_modified_time":"2025-12-17T15:53:56+00:00","twitter_card":"summary_large_image","schema":{"@context":"https:\/\/schema.org","@graph":[{"@type":"WebPage","@id":"https:\/\/redur.es\/en\/internal-information-system\/","url":"https:\/\/redur.es\/en\/internal-information-system\/","name":"Internal information system | REDUR","isPartOf":{"@id":"https:\/\/redur.es\/en\/#website"},"datePublished":"2025-03-20T14:02:25+00:00","dateModified":"2025-12-17T15:53:56+00:00","breadcrumb":{"@id":"https:\/\/redur.es\/en\/internal-information-system\/#breadcrumb"},"inLanguage":"en-US","potentialAction":[{"@type":"ReadAction","target":["https:\/\/redur.es\/en\/internal-information-system\/"]}]},{"@type":"BreadcrumbList","@id":"https:\/\/redur.es\/en\/internal-information-system\/#breadcrumb","itemListElement":[{"@type":"ListItem","position":1,"name":"Portada","item":"https:\/\/redur.es\/en\/"},{"@type":"ListItem","position":2,"name":"Internal information system"}]},{"@type":"WebSite","@id":"https:\/\/redur.es\/en\/#website","url":"https:\/\/redur.es\/en\/","name":"REDUR","description":"Logistics and Transportation","publisher":{"@id":"https:\/\/redur.es\/en\/#organization"},"potentialAction":[{"@type":"SearchAction","target":{"@type":"EntryPoint","urlTemplate":"https:\/\/redur.es\/en\/?s={search_term_string}"},"query-input":{"@type":"PropertyValueSpecification","valueRequired":true,"valueName":"search_term_string"}}],"inLanguage":"en-US"},{"@type":"Organization","@id":"https:\/\/redur.es\/en\/#organization","name":"REDUR","url":"https:\/\/redur.es\/en\/","logo":{"@type":"ImageObject","inLanguage":"en-US","@id":"https:\/\/redur.es\/en\/#\/schema\/logo\/image\/","url":"","contentUrl":"","caption":"REDUR"},"image":{"@id":"https:\/\/redur.es\/en\/#\/schema\/logo\/image\/"}}]}},"_links":{"self":[{"href":"https:\/\/redur.es\/en\/wp-json\/wp\/v2\/pages\/8272","targetHints":{"allow":["GET"]}}],"collection":[{"href":"https:\/\/redur.es\/en\/wp-json\/wp\/v2\/pages"}],"about":[{"href":"https:\/\/redur.es\/en\/wp-json\/wp\/v2\/types\/page"}],"author":[{"embeddable":true,"href":"https:\/\/redur.es\/en\/wp-json\/wp\/v2\/users\/1"}],"replies":[{"embeddable":true,"href":"https:\/\/redur.es\/en\/wp-json\/wp\/v2\/comments?post=8272"}],"version-history":[{"count":5,"href":"https:\/\/redur.es\/en\/wp-json\/wp\/v2\/pages\/8272\/revisions"}],"predecessor-version":[{"id":8534,"href":"https:\/\/redur.es\/en\/wp-json\/wp\/v2\/pages\/8272\/revisions\/8534"}],"wp:attachment":[{"href":"https:\/\/redur.es\/en\/wp-json\/wp\/v2\/media?parent=8272"}],"curies":[{"name":"wp","href":"https:\/\/api.w.org\/{rel}","templated":true}]}}