{"id":5173,"date":"2021-06-03T09:26:45","date_gmt":"2021-06-03T09:26:45","guid":{"rendered":"https:\/\/redur.es\/aviso-legal\/"},"modified":"2024-05-22T08:51:38","modified_gmt":"2024-05-22T08:51:38","slug":"aviso-legal","status":"publish","type":"page","link":"https:\/\/redur.es\/pt-pt\/aviso-legal\/","title":{"rendered":"Aviso Legal"},"content":{"rendered":"<section id=\"header-block_6005813cf634b\" class=\"block-header bg_svg_0 height_1 dark_mode\" style=\"min-height: 1vh;background-color:  ;\">\n\t<div class=\"img-header bg d-flex flex-column justify-content-end justify-content-md-center \" style=\"min-height: 1vh; background-image: url('');\" data-default=\"\" data-mobile=\"\" >\n        <div class=\"container d-flex flex-column justify-content-between \">\n            <div class=\"display-2\">\n                            \t                    <h1>Objeto<\/h1>\n                            <\/div>\n               \n            \n        <\/div>\n    <\/div>\n        \n            <script type=\"text\/javascript\">\n            var element = document.getElementById(\"masthead\");\n            element.classList.add(\"dark-style\");\n        <\/script>\n    <\/section>\n<h2 class=\"wp-block-heading\">Aviso Legal<\/h2>\n\n<ol class=\"wp-block-list\"><li><span style=\"color:#0c4c49\" class=\"has-inline-color\"><strong>OBJETO<\/strong><\/span><\/li><\/ol>\n\n<p>O presente aviso legal regula o uso e utiliza\u00e7\u00e3o do s\u00edtio web www.redur.es, do qual \u00e9 titular REDUR, S.A. (doravante, o PROPRIET\u00c1RIO DA WEB).<\/p>\n\n<p>A navega\u00e7\u00e3o pelo s\u00edtio web do PROPRIET\u00c1RIO DA WEB atribui-lhe a condi\u00e7\u00e3o de UTILIZADOR do mesmo e implica a aceita\u00e7\u00e3o plena e sem reservas de todas as condi\u00e7\u00f5es publicadas neste aviso legal, advertindo que as referidas condi\u00e7\u00f5es poder\u00e3o ser modificadas sem notifica\u00e7\u00e3o pr\u00e9via por parte do PROPRIET\u00c1RIO DA WEB, em cujo caso se ir\u00e1 proceder \u00e0 sua publica\u00e7\u00e3o e aviso com a m\u00e1xima anteced\u00eancia poss\u00edvel.<\/p>\n\n<p>Por isso, \u00e9 recomend\u00e1vel ler atentamente o seu conte\u00fado no caso de desejar aceder e fazer uso da informa\u00e7\u00e3o e dos servi\u00e7os oferecidos a partir deste s\u00edtio web.<\/p>\n\n<p>Para al\u00e9m disso, o utilizador obriga-se a fazer um uso correto do s\u00edtio web, em conformidade com as leis, a boa-f\u00e9, a ordem p\u00fablica, os usos do tr\u00e1fego e o presente Aviso Legal, e ir\u00e1 responder perante o PROPRIET\u00c1RIO DA WEB ou perante terceiros, sobre quaisquer danos e preju\u00edzos que pudessem ser causados como consequ\u00eancia do incumprimento da referida obriga\u00e7\u00e3o.<\/p>\n\n<p>Qualquer utiliza\u00e7\u00e3o distinta \u00e0 autorizada est\u00e1 expressamente proibida, podendo o PROPRIET\u00c1RIO DA WEB denegar ou retirar o acesso e o seu uso em qualquer momento.<\/p>\n\n<p><span style=\"color:#0c4c49\" class=\"has-inline-color\"><strong>2. IDENTIFICA\u00c7\u00c3O<\/strong><\/span><\/p>\n\n<p>O PROPRIET\u00c1RIO DA WEB, em cumprimento da Lei 34\/2002, de 11 de julho, de Servi\u00e7os da Sociedade da Informa\u00e7\u00e3o e de Com\u00e9rcio Eletr\u00f3nico, informa que:<\/p>\n\n<ul class=\"wp-block-list\"><li>A sua denomina\u00e7\u00e3o social \u00e9: REDUR, S.A.<\/li><li>O seu CIF \u00e9: A -79131405<\/li><li>O seu domic\u00edlio social \u00e9 em: Crta. Algete-Madrid, Km. 2.5; C.P.:28110 (Madrid)<\/li><li>Inscrita no Registro Comercial de MADRID T-27131 F\u00d3LIO 116 SEC\u00c7\u00c3O 8&#13;\n FOLHA M68173&#13;\n<\/li><\/ul>\n\n<p><strong><span style=\"color:#0c4c49\" class=\"has-inline-color\">3. COMUNICA\u00c7\u00d5ES<\/span><\/strong><\/p>\n\n<p>Para comunicar connosco, colocamos \u00e0 sua disposi\u00e7\u00e3o diferentes meios de contacto que detalhamos em seguida:<\/p>\n\n<ul class=\"wp-block-list\"><li>Tel.: (+34) 916 204 610<\/li><li>Email: <a href=\"mailto:info@redur.es\">info@redur.es<\/a><\/li><\/ul>\n\n<p>Todas as notifica\u00e7\u00f5es e comunica\u00e7\u00f5es entre os utilizadores e o PROPRIET\u00c1RIO DA WEB ser\u00e3o consideradas eficazes, a todos os efeitos, quando se realizem atrav\u00e9s de qualquer um dos meios acima detalhados.<br\/><br\/><span style=\"color:#0c4c49\" class=\"has-inline-color\"><strong>4. CONDI\u00c7\u00d5ES DE ACESSO E UTILIZA\u00c7\u00c3O<\/strong><\/span><\/p>\n\n<p>O s\u00edtio web e os seus servi\u00e7os s\u00e3o de acesso livre e gratuito. N\u00e3o obstante, o PROPRIET\u00c1RIO DA WEB pode condicionar a utiliza\u00e7\u00e3o de alguns dos servi\u00e7os oferecidos na sua web ao preenchimento pr\u00e9vio do formul\u00e1rio correspondente.<\/p>\n\n<p>O utilizador garante a autenticidade e atualidade de todos os dados que comunique ao PROPRIET\u00c1RIO DA WEB e ser\u00e1 o \u00fanico respons\u00e1vel pelas manifesta\u00e7\u00f5es falsas ou inexatas que realize.<\/p>\n\n<p>O utilizador compromete-se expressamente a fazer um uso adequado dos conte\u00fados e servi\u00e7os do PROPRIET\u00c1RIO DA WEB e a n\u00e3o os usar para, entre outros:<\/p>\n\n<ol class=\"wp-block-list\" type=\"a\"><li>Difundir conte\u00fados delituosos, violentos, pornogr\u00e1ficos, racistas, xen\u00f3fobos, ofensivos, de apologia do terrorismo ou, em geral, contr\u00e1rios \u00e0 lei ou \u00e0 ordem p\u00fablica.<\/li><li>Introduzir na rede v\u00edrus inform\u00e1ticos ou realizar a\u00e7\u00f5es suscet\u00edveis de alterar, danificar, interromper ou gerar erros ou danos nos documentos eletr\u00f3nicos, dados ou sistemas f\u00edsicos e l\u00f3gicos do PROPRIET\u00c1RIO DA WEB ou de terceiros, assim como obstaculizar o acesso de outros utilizadores ao s\u00edtio web e aos seus servi\u00e7os mediante o consumo massivo dos recursos inform\u00e1ticos atrav\u00e9s dos quais o PROPRIET\u00c1RIO DA WEB presta os seus servi\u00e7os.<\/li><li>Tentar aceder \u00e0s contas de correio eletr\u00f3nico de outros utilizadores ou a \u00e1reas restringidas dos sistemas inform\u00e1ticos do PROPRIET\u00c1RIO DA WEB ou de terceiros e, se for o caso, extrair informa\u00e7\u00e3o.<\/li><li>Violar os direitos de propriedade intelectual ou industrial, assim como violar a confidencialidade da informa\u00e7\u00e3o do PROPRIET\u00c1RIO DA WEB ou de terceiros.<\/li><li>Suplantar a identidade de qualquer outro utilizador.<\/li><li>Reproduzir, copiar, distribuir, colocar \u00e0 disposi\u00e7\u00e3o de, ou qualquer outra forma de comunica\u00e7\u00e3o p\u00fablica, transformar ou modificar os conte\u00fados, a menos que se conte com a autoriza\u00e7\u00e3o do titular dos correspondentes direitos ou isso seja legalmente permitido.<\/li><li>Recolher dados com finalidade publicit\u00e1ria e de remeter publicidade de qualquer tipo e comunica\u00e7\u00f5es com fins de venda ou outras de natureza comercial sem que medie a sua pr\u00e9via solicita\u00e7\u00e3o ou consentimento.<\/li><\/ol>\n\n<p>Todos os conte\u00fados do s\u00edtio web, como textos, fotografias, gr\u00e1ficos, imagens, \u00edcones, tecnologia, software, assim como o seu desenho gr\u00e1fico e c\u00f3digos-fonte, constituem uma obra cuja propriedade pertencente ao PROPRIET\u00c1RIO DA WEB, sem que se possam entender como cedidos ao utilizador nenhum dos direitos de explora\u00e7\u00e3o sobre os mesmos, para al\u00e9m do estritamente necess\u00e1rio para o correto uso da web.<\/p>\n\n<p>Finalmente, os utilizadores que acedam a este s\u00edtio web podem visualizar os conte\u00fados e efetuar, consoante o caso, c\u00f3pias privadas autorizadas sempre que os elementos reproduzidos n\u00e3o sejam posteriormente cedidos a terceiros, nem se instalem em servidores conectados a redes, nem sejam objeto de nenhum tipo de explora\u00e7\u00e3o.<\/p>\n\n<p>Da mesma forma, todas as marcas, nomes comerciais ou signos distintivos de qualquer tipo que aparecem no s\u00edtio web s\u00e3o propriedade do PROPRIET\u00c1RIO DA WEB, sem que se possa entender que o uso ou acesso ao mesmo atribua ao utilizador qualquer direito sobre os mesmos.<\/p>\n\n<p>A distribui\u00e7\u00e3o, modifica\u00e7\u00e3o, cess\u00e3o ou comunica\u00e7\u00e3o p\u00fablica dos conte\u00fados e qualquer outro ato que n\u00e3o tenha sido expressamente autorizado pelo titular dos direitos de explora\u00e7\u00e3o s\u00e3o proibidos.<\/p>\n\n<p>O estabelecimento de uma hiperliga\u00e7\u00e3o n\u00e3o implica, em nenhum caso, a exist\u00eancia de rela\u00e7\u00f5es entre o PROPRIET\u00c1RIO DA WEB e o propriet\u00e1rio do s\u00edtio web na qual se estabele\u00e7a, nem a aceita\u00e7\u00e3o e aprova\u00e7\u00e3o por parte do PROPRIET\u00c1RIO DA WEB dos seus conte\u00fados ou servi\u00e7os.<\/p>\n\n<p>O PROPRIET\u00c1RIO DA WEB n\u00e3o se responsabiliza pelo uso que cada utilizador fa\u00e7a dos materiais colocados \u00e0 disposi\u00e7\u00e3o neste s\u00edtio web nem das atua\u00e7\u00f5es que realize com base nos mesmos.<\/p>\n\n<p><span style=\"color:#0c4c49\" class=\"has-inline-color\"><strong>4.1. EXCLUS\u00c3O DE GARANTIA E DE RESPONSABILIDADE NO ACESSO E ATUALIZA\u00c7\u00c3O<\/strong><\/span><\/p>\n\n<p>O conte\u00fado do presente s\u00edtio web \u00e9 de car\u00e1ter geral e tem uma finalidade meramente informativa, sem que se garanta plenamente o acesso a todos os conte\u00fados, nem a sua exaustividade, corre\u00e7\u00e3o, vig\u00eancia ou atualidade, nem a sua idoneidade ou utilidade para um objetivo espec\u00edfico.<\/p>\n\n<p>O PROPRIET\u00c1RIO DA WEB exclui, at\u00e9 onde permite o ordenamento jur\u00eddico, qualquer responsabilidade pelos danos e preju\u00edzos de qualquer natureza derivados de:<\/p>\n\n<ol class=\"wp-block-list\" type=\"a\"><li>A impossibilidade de acesso ao s\u00edtio web ou a falta de veracidade, exatid\u00e3o, exaustividade e\/ou atualidade dos conte\u00fados, assim como a exist\u00eancia de v\u00edcios e defeitos de qualquer tipo dos conte\u00fados transmitidos, difundidos, armazenados, postos \u00e0 disposi\u00e7\u00e3o, aos quais se tenha acedido atrav\u00e9s do s\u00edtio web ou dos servi\u00e7os que se oferecem.<\/li><li>A presen\u00e7a de v\u00edrus ou de outros elementos nos conte\u00fados que possam produzir altera\u00e7\u00f5es nos sistemas inform\u00e1ticos, documentos eletr\u00f3nicos ou dados dos utilizadores.<\/li><li>O incumprimento das leis, a boa-f\u00e9, a ordem p\u00fablica, os usos do tr\u00e1fego e o presente aviso legal como consequ\u00eancia do uso incorreto do s\u00edtio web. Em particular, e a t\u00edtulo de exemplo, o PROPRIET\u00c1RIO DA WEB n\u00e3o se responsabiliza pelas atua\u00e7\u00f5es de terceiros que violem direitos de propriedade intelectual e industrial, segredos empresariais, direitos \u00e0 honra, \u00e0 intimidade pessoal e familiar e \u00e0 pr\u00f3pria imagem, assim como a normativa em mat\u00e9ria de compet\u00eancia desleal e publicidade il\u00edcita.<\/li><\/ol>\n\n<p>Tamb\u00e9m, o PROPRIET\u00c1RIO DA WEB declina qualquer responsabilidade relativamente \u00e0 informa\u00e7\u00e3o que se encontre fora desta web e n\u00e3o seja gerida diretamente pelo nosso webmaster. A fun\u00e7\u00e3o das hiperliga\u00e7\u00f5es que aparecem nesta web \u00e9 exclusivamente a de informar o utilizador sobre a exist\u00eancia de outras fontes suscet\u00edveis de ampliar os conte\u00fados que este s\u00edtio web oferece. O PROPRIET\u00c1RIO DA WEB n\u00e3o garante nem se responsabiliza pelo funcionamento ou acessibilidade dos s\u00edtios hiperligados, nem sugere, convida ou recomenda a visita aos mesmos, pelo que tamb\u00e9m n\u00e3o ser\u00e1 respons\u00e1vel pelo resultado obtido.  O PROPRIET\u00c1RIO DA WEB n\u00e3o se responsabiliza pelo estabelecimento de hiperliga\u00e7\u00f5es por parte de terceiros.<\/p>\n\n<p><strong><span style=\"color:#0c4c49\" class=\"has-inline-color\">4.2. PROCEDIMENTO NO CASO DE REALIZA\u00c7\u00c3O DE ATIVIDADES DE CAR\u00c1CTER IL\u00cdCITO<\/span><\/strong><\/p>\n\n<p>No caso de que qualquer utilizador ou um terceiro considere que existem factos ou circunst\u00e2ncias que revelem o car\u00e1cter il\u00edcito da utiliza\u00e7\u00e3o de qualquer conte\u00fado e\/ou da realiza\u00e7\u00e3o de qualquer atividade nas p\u00e1ginas web inclu\u00eddas ou acess\u00edveis atrav\u00e9s do s\u00edtio web, dever\u00e1 enviar uma notifica\u00e7\u00e3o ao PROPRIET\u00c1RIO DA WEB identificando-se devidamente e especificando as supostas infra\u00e7\u00f5es.<\/p>\n\n<p><strong><span style=\"color:#0c4c49\" class=\"has-inline-color\">4.3. PUBLICA\u00c7\u00d5ES<\/span><\/strong><\/p>\n\n<p>A informa\u00e7\u00e3o administrativa proporcionada atrav\u00e9s do s\u00edtio web n\u00e3o substitui a publicidade legal das leis, normativas, planos, disposi\u00e7\u00f5es gerais e atos que tenham de ser publicados formalmente nos di\u00e1rios oficiais das administra\u00e7\u00f5es p\u00fablicas, que constituem o \u00fanico instrumento que certifica a sua autenticidade e conte\u00fado. A informa\u00e7\u00e3o dispon\u00edvel neste s\u00edtio web deve ser entendida como um guia sem prop\u00f3sito de validez legal.<\/p>\n\n<p><strong><span style=\"color:#0c4c49\" class=\"has-inline-color\">5. LEGISLA\u00c7\u00c3O APLIC\u00c1VEL<\/span><\/strong><\/p>\n\n<p>As condi\u00e7\u00f5es presentes ser\u00e3o regidas pela legisla\u00e7\u00e3o espanhola vigente. <\/p>\n\n<p>O idioma utilizado ser\u00e1 o Castelhano.<\/p>\n","protected":false},"excerpt":{"rendered":"<p>Aviso Legal OBJETO O presente aviso legal regula o uso e utiliza\u00e7\u00e3o do s\u00edtio web www.redur.es, do qual \u00e9 titular REDUR, S.A. (doravante, o PROPRIET\u00c1RIO DA WEB). A navega\u00e7\u00e3o pelo s\u00edtio web do PROPRIET\u00c1RIO DA WEB atribui-lhe a condi\u00e7\u00e3o de UTILIZADOR do mesmo e implica a aceita\u00e7\u00e3o plena e sem reservas de todas as condi\u00e7\u00f5es [&hellip;]<\/p>\n","protected":false},"author":1,"featured_media":0,"parent":0,"menu_order":0,"comment_status":"closed","ping_status":"closed","template":"page-legal.php","meta":{"_acf_changed":false,"footnotes":""},"class_list":["post-5173","page","type-page","status-publish","hentry"],"acf":[],"yoast_head":"<!-- This site is optimized with the Yoast SEO plugin v23.6 - https:\/\/yoast.com\/wordpress\/plugins\/seo\/ -->\n<title>Aviso Legal | REDUR<\/title>\n<meta name=\"robots\" content=\"index, follow, max-snippet:-1, max-image-preview:large, max-video-preview:-1\" \/>\n<link rel=\"canonical\" href=\"https:\/\/redur.es\/pt-pt\/aviso-legal\/\" \/>\n<meta property=\"og:locale\" content=\"pt_PT\" \/>\n<meta property=\"og:type\" content=\"article\" \/>\n<meta property=\"og:title\" content=\"Aviso Legal | REDUR\" \/>\n<meta property=\"og:description\" content=\"Aviso Legal OBJETO O presente aviso legal regula o uso e utiliza\u00e7\u00e3o do s\u00edtio web www.redur.es, do qual \u00e9 titular REDUR, S.A. (doravante, o PROPRIET\u00c1RIO DA WEB). A navega\u00e7\u00e3o pelo s\u00edtio web do PROPRIET\u00c1RIO DA WEB atribui-lhe a condi\u00e7\u00e3o de UTILIZADOR do mesmo e implica a aceita\u00e7\u00e3o plena e sem reservas de todas as condi\u00e7\u00f5es [&hellip;]\" \/>\n<meta property=\"og:url\" content=\"https:\/\/redur.es\/pt-pt\/aviso-legal\/\" \/>\n<meta property=\"og:site_name\" content=\"REDUR\" \/>\n<meta property=\"article:modified_time\" content=\"2024-05-22T08:51:38+00:00\" \/>\n<meta name=\"twitter:card\" content=\"summary_large_image\" \/>\n<meta name=\"twitter:label1\" content=\"Tempo estimado de leitura\" \/>\n\t<meta name=\"twitter:data1\" content=\"8 minutos\" \/>\n<script type=\"application\/ld+json\" class=\"yoast-schema-graph\">{\"@context\":\"https:\/\/schema.org\",\"@graph\":[{\"@type\":\"WebPage\",\"@id\":\"https:\/\/redur.es\/pt-pt\/aviso-legal\/\",\"url\":\"https:\/\/redur.es\/pt-pt\/aviso-legal\/\",\"name\":\"Aviso Legal | REDUR\",\"isPartOf\":{\"@id\":\"https:\/\/redur.es\/pt-pt\/#website\"},\"datePublished\":\"2021-06-03T09:26:45+00:00\",\"dateModified\":\"2024-05-22T08:51:38+00:00\",\"breadcrumb\":{\"@id\":\"https:\/\/redur.es\/pt-pt\/aviso-legal\/#breadcrumb\"},\"inLanguage\":\"pt-PT\",\"potentialAction\":[{\"@type\":\"ReadAction\",\"target\":[\"https:\/\/redur.es\/pt-pt\/aviso-legal\/\"]}]},{\"@type\":\"BreadcrumbList\",\"@id\":\"https:\/\/redur.es\/pt-pt\/aviso-legal\/#breadcrumb\",\"itemListElement\":[{\"@type\":\"ListItem\",\"position\":1,\"name\":\"Portada\",\"item\":\"https:\/\/redur.es\/pt-pt\/\"},{\"@type\":\"ListItem\",\"position\":2,\"name\":\"Aviso Legal\"}]},{\"@type\":\"WebSite\",\"@id\":\"https:\/\/redur.es\/pt-pt\/#website\",\"url\":\"https:\/\/redur.es\/pt-pt\/\",\"name\":\"REDUR\",\"description\":\"Log\u00edstica e Transporte\",\"publisher\":{\"@id\":\"https:\/\/redur.es\/pt-pt\/#organization\"},\"potentialAction\":[{\"@type\":\"SearchAction\",\"target\":{\"@type\":\"EntryPoint\",\"urlTemplate\":\"https:\/\/redur.es\/pt-pt\/?s={search_term_string}\"},\"query-input\":{\"@type\":\"PropertyValueSpecification\",\"valueRequired\":true,\"valueName\":\"search_term_string\"}}],\"inLanguage\":\"pt-PT\"},{\"@type\":\"Organization\",\"@id\":\"https:\/\/redur.es\/pt-pt\/#organization\",\"name\":\"REDUR\",\"url\":\"https:\/\/redur.es\/pt-pt\/\",\"logo\":{\"@type\":\"ImageObject\",\"inLanguage\":\"pt-PT\",\"@id\":\"https:\/\/redur.es\/pt-pt\/#\/schema\/logo\/image\/\",\"url\":\"\",\"contentUrl\":\"\",\"caption\":\"REDUR\"},\"image\":{\"@id\":\"https:\/\/redur.es\/pt-pt\/#\/schema\/logo\/image\/\"}}]}<\/script>\n<!-- \/ Yoast SEO plugin. -->","yoast_head_json":{"title":"Aviso Legal | REDUR","robots":{"index":"index","follow":"follow","max-snippet":"max-snippet:-1","max-image-preview":"max-image-preview:large","max-video-preview":"max-video-preview:-1"},"canonical":"https:\/\/redur.es\/pt-pt\/aviso-legal\/","og_locale":"pt_PT","og_type":"article","og_title":"Aviso Legal | REDUR","og_description":"Aviso Legal OBJETO O presente aviso legal regula o uso e utiliza\u00e7\u00e3o do s\u00edtio web www.redur.es, do qual \u00e9 titular REDUR, S.A. (doravante, o PROPRIET\u00c1RIO DA WEB). A navega\u00e7\u00e3o pelo s\u00edtio web do PROPRIET\u00c1RIO DA WEB atribui-lhe a condi\u00e7\u00e3o de UTILIZADOR do mesmo e implica a aceita\u00e7\u00e3o plena e sem reservas de todas as condi\u00e7\u00f5es [&hellip;]","og_url":"https:\/\/redur.es\/pt-pt\/aviso-legal\/","og_site_name":"REDUR","article_modified_time":"2024-05-22T08:51:38+00:00","twitter_card":"summary_large_image","twitter_misc":{"Tempo estimado de leitura":"8 minutos"},"schema":{"@context":"https:\/\/schema.org","@graph":[{"@type":"WebPage","@id":"https:\/\/redur.es\/pt-pt\/aviso-legal\/","url":"https:\/\/redur.es\/pt-pt\/aviso-legal\/","name":"Aviso Legal | REDUR","isPartOf":{"@id":"https:\/\/redur.es\/pt-pt\/#website"},"datePublished":"2021-06-03T09:26:45+00:00","dateModified":"2024-05-22T08:51:38+00:00","breadcrumb":{"@id":"https:\/\/redur.es\/pt-pt\/aviso-legal\/#breadcrumb"},"inLanguage":"pt-PT","potentialAction":[{"@type":"ReadAction","target":["https:\/\/redur.es\/pt-pt\/aviso-legal\/"]}]},{"@type":"BreadcrumbList","@id":"https:\/\/redur.es\/pt-pt\/aviso-legal\/#breadcrumb","itemListElement":[{"@type":"ListItem","position":1,"name":"Portada","item":"https:\/\/redur.es\/pt-pt\/"},{"@type":"ListItem","position":2,"name":"Aviso Legal"}]},{"@type":"WebSite","@id":"https:\/\/redur.es\/pt-pt\/#website","url":"https:\/\/redur.es\/pt-pt\/","name":"REDUR","description":"Log\u00edstica e Transporte","publisher":{"@id":"https:\/\/redur.es\/pt-pt\/#organization"},"potentialAction":[{"@type":"SearchAction","target":{"@type":"EntryPoint","urlTemplate":"https:\/\/redur.es\/pt-pt\/?s={search_term_string}"},"query-input":{"@type":"PropertyValueSpecification","valueRequired":true,"valueName":"search_term_string"}}],"inLanguage":"pt-PT"},{"@type":"Organization","@id":"https:\/\/redur.es\/pt-pt\/#organization","name":"REDUR","url":"https:\/\/redur.es\/pt-pt\/","logo":{"@type":"ImageObject","inLanguage":"pt-PT","@id":"https:\/\/redur.es\/pt-pt\/#\/schema\/logo\/image\/","url":"","contentUrl":"","caption":"REDUR"},"image":{"@id":"https:\/\/redur.es\/pt-pt\/#\/schema\/logo\/image\/"}}]}},"_links":{"self":[{"href":"https:\/\/redur.es\/pt-pt\/wp-json\/wp\/v2\/pages\/5173","targetHints":{"allow":["GET"]}}],"collection":[{"href":"https:\/\/redur.es\/pt-pt\/wp-json\/wp\/v2\/pages"}],"about":[{"href":"https:\/\/redur.es\/pt-pt\/wp-json\/wp\/v2\/types\/page"}],"author":[{"embeddable":true,"href":"https:\/\/redur.es\/pt-pt\/wp-json\/wp\/v2\/users\/1"}],"replies":[{"embeddable":true,"href":"https:\/\/redur.es\/pt-pt\/wp-json\/wp\/v2\/comments?post=5173"}],"version-history":[{"count":5,"href":"https:\/\/redur.es\/pt-pt\/wp-json\/wp\/v2\/pages\/5173\/revisions"}],"predecessor-version":[{"id":8012,"href":"https:\/\/redur.es\/pt-pt\/wp-json\/wp\/v2\/pages\/5173\/revisions\/8012"}],"wp:attachment":[{"href":"https:\/\/redur.es\/pt-pt\/wp-json\/wp\/v2\/media?parent=5173"}],"curies":[{"name":"wp","href":"https:\/\/api.w.org\/{rel}","templated":true}]}}