{"id":5183,"date":"2021-06-03T09:45:22","date_gmt":"2021-06-03T09:45:22","guid":{"rendered":"https:\/\/redur.es\/especificacoes-volumes\/"},"modified":"2021-06-14T09:20:11","modified_gmt":"2021-06-14T09:20:11","slug":"especificacoes-volumes","status":"publish","type":"page","link":"https:\/\/redur.es\/pt-pt\/especificacoes-volumes\/","title":{"rendered":"Especifica\u00e7\u00f5es Volumes"},"content":{"rendered":"<section id=\"header-block_6012e4ac856a8\" class=\"block-header bg_svg_0 height_57 dark_mode\" style=\"min-height: 57vh;background-color:  ;\">\n\t<div class=\"img-header bg d-flex flex-column justify-content-end justify-content-md-center \" style=\"min-height: 57vh; background-image: url('');\" data-default=\"\" data-mobile=\"\" >\n        <div class=\"container d-flex flex-column justify-content-between \">\n            <div class=\"display-2\">\n                                    <p class=\"subtitle-header\">Servi\u00e7o dom\u00e9stico<br \/>\r\nServi\u00e7o internacional<br \/>\r\nFarma 15-25<br \/>\r\n<br \/>\r\n<\/p>\n                            \t                    <h1>Dimens\u00f5es e <br \/>\r\npesos m\u00e1ximos<br \/>\r\n<\/h1>\n                            <\/div>\n               \n            \n        <\/div>\n    <\/div>\n        \n            <script type=\"text\/javascript\">\n            var element = document.getElementById(\"masthead\");\n            element.classList.add(\"dark-style\");\n        <\/script>\n    <\/section><section id=\"size-weight-block_6012e89722753\" class=\"block-size-weight 4col\" style=\"background-color: #ffffff\">\n  <div class=\"content-block container\">\n                                <div class=\"table-responsive\">\n                      <table class=\"table table_peso_tam\">\n                        <thead>\n                          <tr>\n                                                      <th scope=\"col\">Encomenda<\/th>\n                                                      <th scope=\"col\">Descri\u00e7\u00e3o<\/th>\n                            <th scope=\"col\">M\u00e1x.<\/th>\n                            <th scope=\"col\" >Min.<\/th>\n                          <\/tr>\n                        <\/thead>\n                        <tbody>\n                          <tr>\n                                                      <td data-label=\"Encomenda\"><img decoding=\"async\" src=\"https:\/\/redur.es\/wp-content\/uploads\/2021\/06\/Grupo-5515.svg\" class=\"attachment-full size-full\" alt=\"\" \/><\/td>\n                                                      <td class=\"display_dk_only\">\n                              <p>Comprimento (mm)<\/p>                              <p>Largura (mm)<\/p>                              <p>Altura (mm)<\/p>                              <p>Peso (Kg)<\/p>                            <\/td>\n                            <td class=\"display_dk_only\">\n                              <p>1200<\/p>                              <p>800<\/p>                              <p>800<\/p>                              <p>50<\/p>                            <\/td>\n                            <td class=\"display_dk_only\">\n                              <p>150<\/p>                              <p>100<\/p>                              <p>10<\/p>                              <p>0,2<\/p>                            <\/td>\n                             <td class=\"display_mv_only\" data-label=\"Descri\u00e7\u00e3o - M\u00e1x. - Min.\">\n                              <p><strong>Comprimento (mm)<\/strong> : 1200 &#8211; 150<\/p>                              <p><strong>Largura (mm)<\/strong> : 800 &#8211; 100<\/p>                              <p><strong>Altura (mm)<\/strong> : 800 &#8211; 10<\/p>                              <p><strong>Peso (Kg)<\/strong> : 50 &#8211; 0,2<\/p>                            <\/td>\n                          <\/tr>\n                        <\/tbody>\n                      <\/table>\n                    <\/div>\n                                            <div class=\"explicacion\">\n                            <p>A limita\u00e7\u00e3o na combina\u00e7\u00e3o do comprimento e da largura das encomendas a transportar \u00e9 definida pela regra:<br \/>\n<strong>comprimento + largura < 1800 mm onde comprimento > largura > altura<\/strong><\/p>\n                        <\/div>\n                                                            <div class=\"table-responsive\">\n                      <table class=\"table table_peso_tam\">\n                        <thead>\n                          <tr>\n                                                      <th scope=\"col\">Palete<\/th>\n                                                      <th scope=\"col\">Descri\u00e7\u00e3o<\/th>\n                            <th scope=\"col\">M\u00e1x.<\/th>\n                            <th scope=\"col\" style=\"opacity: 0;\">Min.<\/th>\n                          <\/tr>\n                        <\/thead>\n                        <tbody>\n                          <tr>\n                                                      <td data-label=\"Palete\"><img decoding=\"async\" src=\"https:\/\/redur.es\/wp-content\/uploads\/2021\/06\/Grupo-5517.svg\" class=\"attachment-full size-full\" alt=\"\" \/><\/td>\n                                                      <td class=\"display_dk_only\">\n                              <p>Comprimento (mm)<\/p>                              <p>Largura (mm)<\/p>                              <p>Altura (mm)<\/p>                              <p>Peso (kg)<\/p>                            <\/td>\n                            <td class=\"display_dk_only\">\n                              <p>1200<\/p>                              <p>1200<\/p>                              <p>1800<\/p>                              <p>800<\/p>                            <\/td>\n                            <td class=\"display_dk_only\">\n                                                                                                                                                    <\/td>\n                             <td class=\"display_mv_only\" data-label=\"Descri\u00e7\u00e3o - M\u00e1x.\">\n                              <p><strong>Comprimento (mm)<\/strong> : 1200<\/p>                              <p><strong>Largura (mm)<\/strong> : 1200<\/p>                              <p><strong>Altura (mm)<\/strong> : 1800<\/p>                              <p><strong>Peso (kg)<\/strong> : 800<\/p>                            <\/td>\n                          <\/tr>\n                        <\/tbody>\n                      <\/table>\n                    <\/div>\n                                        <\/div><\/section>\n<div style=\"height:40px\" aria-hidden=\"true\" class=\"wp-block-spacer\"><\/div>\n","protected":false},"excerpt":{"rendered":"","protected":false},"author":1,"featured_media":0,"parent":0,"menu_order":0,"comment_status":"closed","ping_status":"closed","template":"","meta":{"_acf_changed":false,"footnotes":""},"class_list":["post-5183","page","type-page","status-publish","hentry"],"acf":[],"yoast_head":"<!-- This site is optimized with the Yoast SEO plugin v23.6 - https:\/\/yoast.com\/wordpress\/plugins\/seo\/ -->\n<title>Especifica\u00e7\u00f5es Volumes | REDUR<\/title>\n<meta name=\"robots\" content=\"index, follow, max-snippet:-1, max-image-preview:large, max-video-preview:-1\" \/>\n<link rel=\"canonical\" href=\"https:\/\/redur.es\/pt-pt\/especificacoes-volumes\/\" \/>\n<meta property=\"og:locale\" content=\"pt_PT\" \/>\n<meta property=\"og:type\" content=\"article\" \/>\n<meta property=\"og:title\" content=\"Especifica\u00e7\u00f5es Volumes | REDUR\" \/>\n<meta property=\"og:url\" content=\"https:\/\/redur.es\/pt-pt\/especificacoes-volumes\/\" \/>\n<meta property=\"og:site_name\" content=\"REDUR\" \/>\n<meta property=\"article:modified_time\" content=\"2021-06-14T09:20:11+00:00\" \/>\n<meta name=\"twitter:card\" content=\"summary_large_image\" \/>\n<script type=\"application\/ld+json\" class=\"yoast-schema-graph\">{\"@context\":\"https:\/\/schema.org\",\"@graph\":[{\"@type\":\"WebPage\",\"@id\":\"https:\/\/redur.es\/pt-pt\/especificacoes-volumes\/\",\"url\":\"https:\/\/redur.es\/pt-pt\/especificacoes-volumes\/\",\"name\":\"Especifica\u00e7\u00f5es Volumes | REDUR\",\"isPartOf\":{\"@id\":\"https:\/\/redur.es\/pt-pt\/#website\"},\"datePublished\":\"2021-06-03T09:45:22+00:00\",\"dateModified\":\"2021-06-14T09:20:11+00:00\",\"breadcrumb\":{\"@id\":\"https:\/\/redur.es\/pt-pt\/especificacoes-volumes\/#breadcrumb\"},\"inLanguage\":\"pt-PT\",\"potentialAction\":[{\"@type\":\"ReadAction\",\"target\":[\"https:\/\/redur.es\/pt-pt\/especificacoes-volumes\/\"]}]},{\"@type\":\"BreadcrumbList\",\"@id\":\"https:\/\/redur.es\/pt-pt\/especificacoes-volumes\/#breadcrumb\",\"itemListElement\":[{\"@type\":\"ListItem\",\"position\":1,\"name\":\"Portada\",\"item\":\"https:\/\/redur.es\/pt-pt\/\"},{\"@type\":\"ListItem\",\"position\":2,\"name\":\"Especifica\u00e7\u00f5es Volumes\"}]},{\"@type\":\"WebSite\",\"@id\":\"https:\/\/redur.es\/pt-pt\/#website\",\"url\":\"https:\/\/redur.es\/pt-pt\/\",\"name\":\"REDUR\",\"description\":\"Log\u00edstica e Transporte\",\"publisher\":{\"@id\":\"https:\/\/redur.es\/pt-pt\/#organization\"},\"potentialAction\":[{\"@type\":\"SearchAction\",\"target\":{\"@type\":\"EntryPoint\",\"urlTemplate\":\"https:\/\/redur.es\/pt-pt\/?s={search_term_string}\"},\"query-input\":{\"@type\":\"PropertyValueSpecification\",\"valueRequired\":true,\"valueName\":\"search_term_string\"}}],\"inLanguage\":\"pt-PT\"},{\"@type\":\"Organization\",\"@id\":\"https:\/\/redur.es\/pt-pt\/#organization\",\"name\":\"REDUR\",\"url\":\"https:\/\/redur.es\/pt-pt\/\",\"logo\":{\"@type\":\"ImageObject\",\"inLanguage\":\"pt-PT\",\"@id\":\"https:\/\/redur.es\/pt-pt\/#\/schema\/logo\/image\/\",\"url\":\"\",\"contentUrl\":\"\",\"caption\":\"REDUR\"},\"image\":{\"@id\":\"https:\/\/redur.es\/pt-pt\/#\/schema\/logo\/image\/\"}}]}<\/script>\n<!-- \/ Yoast SEO plugin. -->","yoast_head_json":{"title":"Especifica\u00e7\u00f5es Volumes | REDUR","robots":{"index":"index","follow":"follow","max-snippet":"max-snippet:-1","max-image-preview":"max-image-preview:large","max-video-preview":"max-video-preview:-1"},"canonical":"https:\/\/redur.es\/pt-pt\/especificacoes-volumes\/","og_locale":"pt_PT","og_type":"article","og_title":"Especifica\u00e7\u00f5es Volumes | REDUR","og_url":"https:\/\/redur.es\/pt-pt\/especificacoes-volumes\/","og_site_name":"REDUR","article_modified_time":"2021-06-14T09:20:11+00:00","twitter_card":"summary_large_image","schema":{"@context":"https:\/\/schema.org","@graph":[{"@type":"WebPage","@id":"https:\/\/redur.es\/pt-pt\/especificacoes-volumes\/","url":"https:\/\/redur.es\/pt-pt\/especificacoes-volumes\/","name":"Especifica\u00e7\u00f5es Volumes | REDUR","isPartOf":{"@id":"https:\/\/redur.es\/pt-pt\/#website"},"datePublished":"2021-06-03T09:45:22+00:00","dateModified":"2021-06-14T09:20:11+00:00","breadcrumb":{"@id":"https:\/\/redur.es\/pt-pt\/especificacoes-volumes\/#breadcrumb"},"inLanguage":"pt-PT","potentialAction":[{"@type":"ReadAction","target":["https:\/\/redur.es\/pt-pt\/especificacoes-volumes\/"]}]},{"@type":"BreadcrumbList","@id":"https:\/\/redur.es\/pt-pt\/especificacoes-volumes\/#breadcrumb","itemListElement":[{"@type":"ListItem","position":1,"name":"Portada","item":"https:\/\/redur.es\/pt-pt\/"},{"@type":"ListItem","position":2,"name":"Especifica\u00e7\u00f5es Volumes"}]},{"@type":"WebSite","@id":"https:\/\/redur.es\/pt-pt\/#website","url":"https:\/\/redur.es\/pt-pt\/","name":"REDUR","description":"Log\u00edstica e Transporte","publisher":{"@id":"https:\/\/redur.es\/pt-pt\/#organization"},"potentialAction":[{"@type":"SearchAction","target":{"@type":"EntryPoint","urlTemplate":"https:\/\/redur.es\/pt-pt\/?s={search_term_string}"},"query-input":{"@type":"PropertyValueSpecification","valueRequired":true,"valueName":"search_term_string"}}],"inLanguage":"pt-PT"},{"@type":"Organization","@id":"https:\/\/redur.es\/pt-pt\/#organization","name":"REDUR","url":"https:\/\/redur.es\/pt-pt\/","logo":{"@type":"ImageObject","inLanguage":"pt-PT","@id":"https:\/\/redur.es\/pt-pt\/#\/schema\/logo\/image\/","url":"","contentUrl":"","caption":"REDUR"},"image":{"@id":"https:\/\/redur.es\/pt-pt\/#\/schema\/logo\/image\/"}}]}},"_links":{"self":[{"href":"https:\/\/redur.es\/pt-pt\/wp-json\/wp\/v2\/pages\/5183","targetHints":{"allow":["GET"]}}],"collection":[{"href":"https:\/\/redur.es\/pt-pt\/wp-json\/wp\/v2\/pages"}],"about":[{"href":"https:\/\/redur.es\/pt-pt\/wp-json\/wp\/v2\/types\/page"}],"author":[{"embeddable":true,"href":"https:\/\/redur.es\/pt-pt\/wp-json\/wp\/v2\/users\/1"}],"replies":[{"embeddable":true,"href":"https:\/\/redur.es\/pt-pt\/wp-json\/wp\/v2\/comments?post=5183"}],"version-history":[{"count":7,"href":"https:\/\/redur.es\/pt-pt\/wp-json\/wp\/v2\/pages\/5183\/revisions"}],"predecessor-version":[{"id":6146,"href":"https:\/\/redur.es\/pt-pt\/wp-json\/wp\/v2\/pages\/5183\/revisions\/6146"}],"wp:attachment":[{"href":"https:\/\/redur.es\/pt-pt\/wp-json\/wp\/v2\/media?parent=5183"}],"curies":[{"name":"wp","href":"https:\/\/api.w.org\/{rel}","templated":true}]}}