{"id":5243,"date":"2021-06-04T07:53:06","date_gmt":"2021-06-04T07:53:06","guid":{"rendered":"https:\/\/redur.es\/maia\/"},"modified":"2021-06-11T08:52:42","modified_gmt":"2021-06-11T08:52:42","slug":"maia","status":"publish","type":"page","link":"https:\/\/redur.es\/pt-pt\/maia\/","title":{"rendered":"Maia"},"content":{"rendered":"<section id=\"header-block_6001893193df4\" class=\"block-header bg_svg_6 height_100 \" style=\"min-height: 100vh;background-color:  ;\">\n\t<div class=\"img-header bg d-flex flex-column justify-content-end justify-content-md-center \" style=\"min-height: 100vh; background-image: url('');\" data-default=\"\" data-mobile=\"\" >\n        <div class=\"container d-flex flex-column justify-content-between \">\n            <div class=\"display-2\">\n                            \t                    <h1>Maia, ferramenta<br \/>\r\ninteligente para a <br \/>\r\ngest\u00e3o dos seus envios<br \/>\r\n<\/h1>\n                            <\/div>\n                            <div class=\"text-desc with-btn\" data-aos=\"fade\">\n                    <p>Descubra a nossa inovadora ferramenta que vai facilitar a gest\u00e3o dos seus envios.<\/p>\n                                <a class=\"btn\" href=\"https:\/\/redur.es\/pt-pt\/contato\/\">\n                    <span>Solicitar<\/span><\/a>\n                            <\/div>\n               \n            \n        <\/div>\n    <\/div>\n                <svg id=\"background-header-6-1\" class=\"background-header\" xmlns=\"http:\/\/www.w3.org\/2000\/svg\" viewBox=\"0 0 831.41 1251.34\"><path d=\"M766.7,1251.34,87.23,548.47a307.34,307.34,0,0,1-67.52-107.1A315.73,315.73,0,0,1,.19,320.07c2.91-85.61,38.92-166,101.41-226.42a333.6,333.6,0,0,1,150-83.74,323.43,323.43,0,0,1,165.19,1.66,308.92,308.92,0,0,1,139.9,83.17L802.78,349.35,738.07,411.9,491.93,157.27a219,219,0,0,0-99.17-59c-79.81-22.14-167.39.88-228.61,60.06C70.41,249,64.93,395.91,151.94,485.92l679.47,702.86Z\" style=\"fill: var(--color-green-accent)\"\/><\/svg>\n            <svg id=\"background-header-6-2\" class=\"background-header\" xmlns=\"http:\/\/www.w3.org\/2000\/svg\" viewBox=\"0 0 728.7 643.87\"><title>svg_3_2<\/title><path d=\"M406.76,643.87H5.32v-90H406.76c127.89,0,231.94-104,231.94-231.93v-.19C638.66,194,534.66,90,406.86,90H0V0H406.88A321.6,321.6,0,0,1,728.7,321.73v.21A321.71,321.71,0,0,1,406.76,643.87Z\" style=\"fill: var(--color-green-primary)\"\/>\n             \n    <\/section>\n<div style=\"height:130px\" aria-hidden=\"true\" class=\"wp-block-spacer bg-darkgreen\"><\/div>\n\n<div class=\"wp-block-image bg-darkgreen mb-0 px-5\"><figure class=\"aligncenter size-full\"><img loading=\"lazy\" decoding=\"async\" width=\"2182\" height=\"1244\" src=\"https:\/\/redur.es\/wp-content\/uploads\/2021\/06\/MAIA_PT_re.png\" alt=\"\" class=\"wp-image-5598\" srcset=\"https:\/\/redur.es\/wp-content\/uploads\/2021\/06\/MAIA_PT_re.png 2182w, https:\/\/redur.es\/wp-content\/uploads\/2021\/06\/MAIA_PT_re-300x171.png 300w, https:\/\/redur.es\/wp-content\/uploads\/2021\/06\/MAIA_PT_re-1024x584.png 1024w, https:\/\/redur.es\/wp-content\/uploads\/2021\/06\/MAIA_PT_re-768x438.png 768w, https:\/\/redur.es\/wp-content\/uploads\/2021\/06\/MAIA_PT_re-1536x876.png 1536w, https:\/\/redur.es\/wp-content\/uploads\/2021\/06\/MAIA_PT_re-2048x1168.png 2048w\" sizes=\"auto, (max-width: 2182px) 100vw, 2182px\" \/><\/figure><\/div>\n\n<div style=\"height:130px\" aria-hidden=\"true\" class=\"wp-block-spacer bg-darkgreen\"><\/div>\n<section id=\"video-block-block_60b0ace230f3b\" class=\"video-block\">\n\t<figure class=\"wp-block-embed aligncenter is-type-video is-provider-vimeo wp-block-embed-vimeo wp-embed-aspect-16-9 wp-has-aspect-ratio\">\n\t\t<iframe loading=\"lazy\" title=\"vimeo-player\" src=\"https:\/\/player.vimeo.com\/video\/561570700?background=0&amp;title=0&amp;byline=0&amp;responsive=1&amp;loop=1&amp;autoplay=0&amp;dnt=1&amp;muted=1\" allowfullscreen=\"\" width=\"640\" height=\"360\" frameborder=\"0\"><\/iframe>\n\t<\/figure>\n<\/section><section id=\"title-text-block_601abfa586aa2\" class=\"block-title-text \" style=\"background-color: #ffffff\">\n    <div class=\"container-fluid d-flex align-items-center flex-column justify-content-center height-30\" style=\"min-height: 30vh;\">\n       <div class=\"block-title h2 pt-5\" data-aos=\"fade-up\"><h2 style=\"text-align: center;\">A ferramenta que vai simplificar <br \/> a gest\u00e3o das suas expedi\u00e7\u00f5es<\/h2>\n<\/div>\n         \n    <\/div>\n<\/section><section id=\"title-text-btn-block_60019519e6a6e\" class=\"block-title-text-btn py-4 py-lg-0 smaller_title\" style=\"background-color: #ffffff\">\n\t<div class=\"content-block container d-flex img-mv-up flex-column-reverse flex-md-column-reverse flex-lg-row-reverse block-left justify-content-between\">\n        <div class=\"col-12 col-sm-12 col-md-12 col-lg-6 col-xl-6 px-0 pl-lg-5\">\n                                \t   <div class=\"title-block\" data-aos=\"fade\"><h3>Fa\u00e7a a gest\u00e3o e expedi\u00e7\u00e3o dos seus envios de forma simples e intuitiva<\/h3>\n<\/div>\n                                        <div class=\"descr-block\" data-aos=\"fade\"><ul>\r\n \t<li>Documente envios individuais ou cargas em massa.<\/li>\r\n \t<li>Mantenha atualizado o seu livro de endere\u00e7os mestres.<\/li>\r\n \t<li>Controle el hist\u00f3rico de env\u00edos.<\/li>\r\n \t<li>Imprima as suas etiquetas e solicite as suas recolhas atrav\u00e9s do sistema.<\/li>\r\n<\/ul><\/div>\n                                    <div class=\"cont-btn-block\" data-aos=\"fade\">\n                <a href=\"https:\/\/redur.es\/pt-pt\/contato\/\" class=\"btn\"><span>Solicite informa\u00e7\u00e3o<\/span><\/a>\n            <\/div>\n                    <\/div>\n                <div class=\"col-12 col-sm-12 col-md-12 col-lg-6 cont-img-title-text-btn px-0 \" data-aos=\"fade\">\n            <img loading=\"lazy\" decoding=\"async\" width=\"552\" height=\"343\" src=\"https:\/\/redur.es\/wp-content\/uploads\/2021\/02\/maia-2.png\" class=\"img-title-text-btn\" alt=\"\" data-aos=\"fade\" srcset=\"https:\/\/redur.es\/wp-content\/uploads\/2021\/02\/maia-2.png 552w, https:\/\/redur.es\/wp-content\/uploads\/2021\/02\/maia-2-300x186.png 300w\" sizes=\"auto, (max-width: 552px) 100vw, 552px\" \/>        <\/div>\n                    <\/div>\n     \n    \n<\/section><section id=\"title-text-btn-block_60019654e6a6f\" class=\"block-title-text-btn py-4 py-lg-0 smaller_title\" style=\"background-color: #ffffff\">\n\t<div class=\"content-block container d-flex img-mv-up flex-column-reverse flex-md-column-reverse flex-lg-row-reverse block-left justify-content-between\">\n        <div class=\"col-12 col-sm-12 col-md-12 col-lg-6 col-xl-6 px-0 pl-lg-5\">\n                                \t   <div class=\"title-block\" data-aos=\"fade\"><h3>Fa\u00e7a o seguimento e resolva qualquer incidente em tempo real<\/h3>\n<\/div>\n                                        <div class=\"descr-block\" data-aos=\"fade\"><ul>\r\n \t<li>Consulte a rastreabilidade do seu envio.<\/li>\r\n \t<li>Geolocalize as entregas ou incidentes.<\/li>\r\n \t<li>Aceda a fotos de incidentes.<\/li>\r\n \t<li>Sistema de gest\u00e3o de tickets integrado.<\/li>\r\n<\/ul><\/div>\n                                    <div class=\"cont-btn-block\" data-aos=\"fade\">\n                <a href=\"https:\/\/redur.es\/pt-pt\/contato\/\" class=\"btn\"><span>Solicite informa\u00e7\u00e3o<\/span><\/a>\n            <\/div>\n                    <\/div>\n                <div class=\"col-12 col-sm-12 col-md-12 col-lg-6 cont-img-title-text-btn px-0 \" data-aos=\"fade\">\n            <img loading=\"lazy\" decoding=\"async\" width=\"552\" height=\"343\" src=\"https:\/\/redur.es\/wp-content\/uploads\/2021\/02\/maia-2.png\" class=\"img-title-text-btn\" alt=\"\" data-aos=\"fade\" srcset=\"https:\/\/redur.es\/wp-content\/uploads\/2021\/02\/maia-2.png 552w, https:\/\/redur.es\/wp-content\/uploads\/2021\/02\/maia-2-300x186.png 300w\" sizes=\"auto, (max-width: 552px) 100vw, 552px\" \/>        <\/div>\n                    <\/div>\n     \n    \n<\/section><section id=\"title-text-block_601abfd486aa3\" class=\"block-title-text \" style=\"background-color: #f4f6f7\">\n    <div class=\"container-fluid d-flex align-items-center flex-column justify-content-center height-30\" style=\"min-height: 30vh;\">\n       <div class=\"block-title h2 pt-5\" data-aos=\"fade-up\"><h2 style=\"text-align: center;\">Fa\u00e7a a gest\u00e3o dos seus envios de produtos farmac\u00eauticos<\/h2>\n<\/div>\n         \n    <\/div>\n<\/section><section id=\"title-text-btn-block_6001968ce6a70\" class=\"block-title-text-btn py-4 py-lg-0 smaller_title\" style=\"background-color: #f4f6f7\">\n\t<div class=\"content-block container d-flex img-mv-up flex-column-reverse flex-md-column-reverse flex-lg-row block-right justify-content-between\">\n        <div class=\"col-12 col-sm-12 col-md-12 col-lg-6 col-xl-6 px-0 pr-lg-5\">\n                                                    <div class=\"descr-block\" data-aos=\"fade\"><ul>\r\n \t<li>Controlo temperatura do seu envio, em intervalos de dez minutos durante toda a cadeia de distribui\u00e7\u00e3o da origem ao destino.<\/li>\r\n \t<li>Consulte a rastreabilidade da sua expedi\u00e7\u00e3o.<\/li>\r\n \t<li>Parametrize as gest\u00e3o dos seus alarmes adaptados \u00e0 sua estrat\u00e9gia de neg\u00f3cio.<\/li>\r\n \t<li>Aceda a todos os seus gr\u00e1ficos de envios Farma 15-25.<\/li>\r\n<\/ul><\/div>\n                                <\/div>\n                <div class=\"col-12 col-sm-12 col-md-12 col-lg-6 cont-img-title-text-btn px-0 \" data-aos=\"fade\">\n            <img loading=\"lazy\" decoding=\"async\" width=\"466\" height=\"449\" src=\"https:\/\/redur.es\/wp-content\/uploads\/2021\/06\/REDUR-MAIA_farma.jpg\" class=\"img-title-text-btn\" alt=\"\" data-aos=\"fade\" srcset=\"https:\/\/redur.es\/wp-content\/uploads\/2021\/06\/REDUR-MAIA_farma.jpg 466w, https:\/\/redur.es\/wp-content\/uploads\/2021\/06\/REDUR-MAIA_farma-300x289.jpg 300w\" sizes=\"auto, (max-width: 466px) 100vw, 466px\" \/>        <\/div>\n                    <\/div>\n     \n    \n<\/section><section id=\"title-text-btn-block_600196eae6a71\" class=\"block-title-text-btn py-4 py-lg-0 smaller_title\" style=\"background-color: #ffffff\">\n\t<div class=\"content-block container d-flex img-mv-up flex-column-reverse flex-md-column-reverse flex-lg-row-reverse block-left justify-content-between\">\n        <div class=\"col-12 col-sm-12 col-md-12 col-lg-6 col-xl-6 px-0 pl-lg-5\">\n                                \t   <div class=\"title-block\" data-aos=\"fade\"><h3>Guarde toda a informa\u00e7\u00e3o necess\u00e1ria dos seus envios<\/h3>\n<\/div>\n                                        <div class=\"descr-block\" data-aos=\"fade\"><ul>\r\n \t<li>Aceda aos detalhes da avalia\u00e7\u00e3o econ\u00f3mica de cada envio.<\/li>\r\n \t<li>Consulte o seu hist\u00f3rico de faturas.<\/li>\r\n \t<li>Configure envios de informa\u00e7\u00e3o program\u00e1veis.<\/li>\r\n \t<li>Dispon\u00edvel em diferentes idiomas.<\/li>\r\n \t<li>Possibilidade de acesso com diversos utilizadores com diferentes perfis.<\/li>\r\n<\/ul><\/div>\n                                <\/div>\n                <div class=\"col-12 col-sm-12 col-md-12 col-lg-6 cont-img-title-text-btn px-0 \" data-aos=\"fade\">\n            <img loading=\"lazy\" decoding=\"async\" width=\"552\" height=\"343\" src=\"https:\/\/redur.es\/wp-content\/uploads\/2021\/02\/maia-5.png\" class=\"img-title-text-btn\" alt=\"\" data-aos=\"fade\" srcset=\"https:\/\/redur.es\/wp-content\/uploads\/2021\/02\/maia-5.png 552w, https:\/\/redur.es\/wp-content\/uploads\/2021\/02\/maia-5-300x186.png 300w\" sizes=\"auto, (max-width: 552px) 100vw, 552px\" \/>        <\/div>\n                    <\/div>\n     \n    \n<\/section>","protected":false},"excerpt":{"rendered":"","protected":false},"author":1,"featured_media":0,"parent":0,"menu_order":0,"comment_status":"closed","ping_status":"closed","template":"","meta":{"_acf_changed":false,"footnotes":""},"class_list":["post-5243","page","type-page","status-publish","hentry"],"acf":[],"yoast_head":"<!-- This site is optimized with the Yoast SEO plugin v23.6 - https:\/\/yoast.com\/wordpress\/plugins\/seo\/ -->\n<title>Maia | REDUR<\/title>\n<meta name=\"robots\" content=\"index, follow, max-snippet:-1, max-image-preview:large, max-video-preview:-1\" \/>\n<link rel=\"canonical\" href=\"https:\/\/redur.es\/pt-pt\/maia\/\" \/>\n<meta property=\"og:locale\" content=\"pt_PT\" \/>\n<meta property=\"og:type\" content=\"article\" \/>\n<meta property=\"og:title\" content=\"Maia | REDUR\" \/>\n<meta property=\"og:url\" content=\"https:\/\/redur.es\/pt-pt\/maia\/\" \/>\n<meta property=\"og:site_name\" content=\"REDUR\" \/>\n<meta property=\"article:modified_time\" content=\"2021-06-11T08:52:42+00:00\" \/>\n<meta property=\"og:image\" content=\"https:\/\/redur.es\/wp-content\/uploads\/2021\/06\/MAIA_PT_re.png\" \/>\n<meta name=\"twitter:card\" content=\"summary_large_image\" \/>\n<script type=\"application\/ld+json\" class=\"yoast-schema-graph\">{\"@context\":\"https:\/\/schema.org\",\"@graph\":[{\"@type\":\"WebPage\",\"@id\":\"https:\/\/redur.es\/pt-pt\/maia\/\",\"url\":\"https:\/\/redur.es\/pt-pt\/maia\/\",\"name\":\"Maia | REDUR\",\"isPartOf\":{\"@id\":\"https:\/\/redur.es\/pt-pt\/#website\"},\"primaryImageOfPage\":{\"@id\":\"https:\/\/redur.es\/pt-pt\/maia\/#primaryimage\"},\"image\":{\"@id\":\"https:\/\/redur.es\/pt-pt\/maia\/#primaryimage\"},\"thumbnailUrl\":\"https:\/\/redur.es\/wp-content\/uploads\/2021\/06\/MAIA_PT_re.png\",\"datePublished\":\"2021-06-04T07:53:06+00:00\",\"dateModified\":\"2021-06-11T08:52:42+00:00\",\"breadcrumb\":{\"@id\":\"https:\/\/redur.es\/pt-pt\/maia\/#breadcrumb\"},\"inLanguage\":\"pt-PT\",\"potentialAction\":[{\"@type\":\"ReadAction\",\"target\":[\"https:\/\/redur.es\/pt-pt\/maia\/\"]}]},{\"@type\":\"ImageObject\",\"inLanguage\":\"pt-PT\",\"@id\":\"https:\/\/redur.es\/pt-pt\/maia\/#primaryimage\",\"url\":\"https:\/\/redur.es\/wp-content\/uploads\/2021\/06\/MAIA_PT_re.png\",\"contentUrl\":\"https:\/\/redur.es\/wp-content\/uploads\/2021\/06\/MAIA_PT_re.png\"},{\"@type\":\"BreadcrumbList\",\"@id\":\"https:\/\/redur.es\/pt-pt\/maia\/#breadcrumb\",\"itemListElement\":[{\"@type\":\"ListItem\",\"position\":1,\"name\":\"Portada\",\"item\":\"https:\/\/redur.es\/pt-pt\/\"},{\"@type\":\"ListItem\",\"position\":2,\"name\":\"Maia\"}]},{\"@type\":\"WebSite\",\"@id\":\"https:\/\/redur.es\/pt-pt\/#website\",\"url\":\"https:\/\/redur.es\/pt-pt\/\",\"name\":\"REDUR\",\"description\":\"Log\u00edstica e Transporte\",\"publisher\":{\"@id\":\"https:\/\/redur.es\/pt-pt\/#organization\"},\"potentialAction\":[{\"@type\":\"SearchAction\",\"target\":{\"@type\":\"EntryPoint\",\"urlTemplate\":\"https:\/\/redur.es\/pt-pt\/?s={search_term_string}\"},\"query-input\":{\"@type\":\"PropertyValueSpecification\",\"valueRequired\":true,\"valueName\":\"search_term_string\"}}],\"inLanguage\":\"pt-PT\"},{\"@type\":\"Organization\",\"@id\":\"https:\/\/redur.es\/pt-pt\/#organization\",\"name\":\"REDUR\",\"url\":\"https:\/\/redur.es\/pt-pt\/\",\"logo\":{\"@type\":\"ImageObject\",\"inLanguage\":\"pt-PT\",\"@id\":\"https:\/\/redur.es\/pt-pt\/#\/schema\/logo\/image\/\",\"url\":\"\",\"contentUrl\":\"\",\"caption\":\"REDUR\"},\"image\":{\"@id\":\"https:\/\/redur.es\/pt-pt\/#\/schema\/logo\/image\/\"}}]}<\/script>\n<!-- \/ Yoast SEO plugin. -->","yoast_head_json":{"title":"Maia | REDUR","robots":{"index":"index","follow":"follow","max-snippet":"max-snippet:-1","max-image-preview":"max-image-preview:large","max-video-preview":"max-video-preview:-1"},"canonical":"https:\/\/redur.es\/pt-pt\/maia\/","og_locale":"pt_PT","og_type":"article","og_title":"Maia | REDUR","og_url":"https:\/\/redur.es\/pt-pt\/maia\/","og_site_name":"REDUR","article_modified_time":"2021-06-11T08:52:42+00:00","og_image":[{"url":"https:\/\/redur.es\/wp-content\/uploads\/2021\/06\/MAIA_PT_re.png"}],"twitter_card":"summary_large_image","schema":{"@context":"https:\/\/schema.org","@graph":[{"@type":"WebPage","@id":"https:\/\/redur.es\/pt-pt\/maia\/","url":"https:\/\/redur.es\/pt-pt\/maia\/","name":"Maia | REDUR","isPartOf":{"@id":"https:\/\/redur.es\/pt-pt\/#website"},"primaryImageOfPage":{"@id":"https:\/\/redur.es\/pt-pt\/maia\/#primaryimage"},"image":{"@id":"https:\/\/redur.es\/pt-pt\/maia\/#primaryimage"},"thumbnailUrl":"https:\/\/redur.es\/wp-content\/uploads\/2021\/06\/MAIA_PT_re.png","datePublished":"2021-06-04T07:53:06+00:00","dateModified":"2021-06-11T08:52:42+00:00","breadcrumb":{"@id":"https:\/\/redur.es\/pt-pt\/maia\/#breadcrumb"},"inLanguage":"pt-PT","potentialAction":[{"@type":"ReadAction","target":["https:\/\/redur.es\/pt-pt\/maia\/"]}]},{"@type":"ImageObject","inLanguage":"pt-PT","@id":"https:\/\/redur.es\/pt-pt\/maia\/#primaryimage","url":"https:\/\/redur.es\/wp-content\/uploads\/2021\/06\/MAIA_PT_re.png","contentUrl":"https:\/\/redur.es\/wp-content\/uploads\/2021\/06\/MAIA_PT_re.png"},{"@type":"BreadcrumbList","@id":"https:\/\/redur.es\/pt-pt\/maia\/#breadcrumb","itemListElement":[{"@type":"ListItem","position":1,"name":"Portada","item":"https:\/\/redur.es\/pt-pt\/"},{"@type":"ListItem","position":2,"name":"Maia"}]},{"@type":"WebSite","@id":"https:\/\/redur.es\/pt-pt\/#website","url":"https:\/\/redur.es\/pt-pt\/","name":"REDUR","description":"Log\u00edstica e Transporte","publisher":{"@id":"https:\/\/redur.es\/pt-pt\/#organization"},"potentialAction":[{"@type":"SearchAction","target":{"@type":"EntryPoint","urlTemplate":"https:\/\/redur.es\/pt-pt\/?s={search_term_string}"},"query-input":{"@type":"PropertyValueSpecification","valueRequired":true,"valueName":"search_term_string"}}],"inLanguage":"pt-PT"},{"@type":"Organization","@id":"https:\/\/redur.es\/pt-pt\/#organization","name":"REDUR","url":"https:\/\/redur.es\/pt-pt\/","logo":{"@type":"ImageObject","inLanguage":"pt-PT","@id":"https:\/\/redur.es\/pt-pt\/#\/schema\/logo\/image\/","url":"","contentUrl":"","caption":"REDUR"},"image":{"@id":"https:\/\/redur.es\/pt-pt\/#\/schema\/logo\/image\/"}}]}},"_links":{"self":[{"href":"https:\/\/redur.es\/pt-pt\/wp-json\/wp\/v2\/pages\/5243","targetHints":{"allow":["GET"]}}],"collection":[{"href":"https:\/\/redur.es\/pt-pt\/wp-json\/wp\/v2\/pages"}],"about":[{"href":"https:\/\/redur.es\/pt-pt\/wp-json\/wp\/v2\/types\/page"}],"author":[{"embeddable":true,"href":"https:\/\/redur.es\/pt-pt\/wp-json\/wp\/v2\/users\/1"}],"replies":[{"embeddable":true,"href":"https:\/\/redur.es\/pt-pt\/wp-json\/wp\/v2\/comments?post=5243"}],"version-history":[{"count":12,"href":"https:\/\/redur.es\/pt-pt\/wp-json\/wp\/v2\/pages\/5243\/revisions"}],"predecessor-version":[{"id":5804,"href":"https:\/\/redur.es\/pt-pt\/wp-json\/wp\/v2\/pages\/5243\/revisions\/5804"}],"wp:attachment":[{"href":"https:\/\/redur.es\/pt-pt\/wp-json\/wp\/v2\/media?parent=5243"}],"curies":[{"name":"wp","href":"https:\/\/api.w.org\/{rel}","templated":true}]}}