{"id":5251,"date":"2021-06-04T08:06:56","date_gmt":"2021-06-04T08:06:56","guid":{"rendered":"https:\/\/redur.es\/missao-e-valores\/"},"modified":"2021-06-11T08:48:16","modified_gmt":"2021-06-11T08:48:16","slug":"missao-e-valores","status":"publish","type":"page","link":"https:\/\/redur.es\/pt-pt\/missao-e-valores\/","title":{"rendered":"Miss\u00e3o e valores"},"content":{"rendered":"<section id=\"header-block_60072670e8163\" class=\"block-header bg_svg_0 height_100 \" style=\"min-height: 100vh;background-color:  #0c4c49;\">\n\t<div class=\"img-header bg d-flex flex-column justify-content-end justify-content-md-center bg-responsive\" style=\"min-height: 100vh; background-image: url('https:\/\/redur.es\/wp-content\/uploads\/2021\/05\/REDUR-SERVICIOS-MISIO\u0301N_01@2x-1-e1621337334366.png');\" data-default=\"https:\/\/redur.es\/wp-content\/uploads\/2021\/05\/REDUR-SERVICIOS-MISIO\u0301N_01@2x-1-e1621337334366.png\" data-mobile=\"https:\/\/redur.es\/wp-content\/uploads\/2021\/02\/nuestra_comp_mb.png\" >\n        <div class=\"container d-flex flex-column justify-content-between \">\n            <div class=\"display-2\">\n                            \t                    <h1>A Redur, mais do que <br \/>\r\numa empresa de <br \/>\r\ntransportes<br \/>\r\n<\/h1>\n                            <\/div>\n                            <div class=\"text-desc \" data-aos=\"fade\">\n                    <p>Somos uma empresa jovem de servi\u00e7os log\u00edsticos integrais, transporte nacional e internacional e distribui\u00e7\u00e3o com rede 100% em Portugal e Espanha, assim como uma forte implanta\u00e7\u00e3o na Europa atrav\u00e9s da rede Eurodis.<\/p>\n                                <\/div>\n               \n            \n        <\/div>\n    <\/div>\n        \n    <\/section>    <section id=\"ballons-block-block_6011a14d6a16d\" class=\"block-ballons\" style=\"background-color: #f5f5f5\">\n    <div class=\"content-block container\">\n        <div class=\"d-flex flex-column flex-md-column flex-lg-row justify-content-between\">\n                            <div class=\"ballon-section-title\" data-aos=\"fade-up\"><p>A nossa equipa partilha, h\u00e1 mais de <strong>45 anos<\/strong>, a mesma filosofia de excel\u00eancia na qualidade ao servi\u00e7o dos clientes e das pessoas.<\/p>\n<\/div>\n                                        <div class=\"ballon-section-descr\" data-aos=\"fade-up\"><p>Os nossos <strong>valores<\/strong> tornaram-nos o que somos, uma empresa din\u00e2mica e humilde capaz de fornecer solu\u00e7\u00f5es log\u00edsticas de vanguarda aos sectores mais exigentes.<\/p>\n<\/div>\n                    <\/div>\n\n        <div class=\"d-flex flex-column flex-md-column flex-lg-row align-items-center align-items-md-center justify-content-between\" data-aos=\"fade-up\">\n                    <div class=\"single-ballon\"> \n                                    <div class=\"ballon-icon\">\n                        <div class=\"ballon-icon-principal\">\n                            <img decoding=\"async\" src=\"https:\/\/redur.es\/wp-content\/uploads\/2021\/01\/objeto1_green.svg\" class=\"attachment-full size-full\" alt=\"\" \/>                        <\/div>\n                                                <div class=\"ballon-icon-hover\">\n                            <img decoding=\"async\" src=\"https:\/\/redur.es\/wp-content\/uploads\/2021\/01\/objeto1.svg\" class=\"attachment-full size-full\" alt=\"\" \/>                        <\/div>\n                                            <\/div>\n                                                    <div class=\"ballon-title\">Compromisso<\/div>\n                                    <div class=\"ballon-text\">Aceitamos como uma obriga\u00e7\u00e3o o cumprimento da nossa vis\u00e3o, miss\u00e3o e valores de empresa.<\/div>\n                 \n            <\/div>             <div class=\"single-ballon\"> \n                                    <div class=\"ballon-icon\">\n                        <div class=\"ballon-icon-principal\">\n                            <img decoding=\"async\" src=\"https:\/\/redur.es\/wp-content\/uploads\/2021\/01\/objeto2.svg\" class=\"attachment-full size-full\" alt=\"\" \/>                        <\/div>\n                                                <div class=\"ballon-icon-hover\">\n                            <img decoding=\"async\" src=\"https:\/\/redur.es\/wp-content\/uploads\/2021\/01\/objeto2_white.svg\" class=\"attachment-full size-full\" alt=\"\" \/>                        <\/div>\n                                            <\/div>\n                                                    <div class=\"ballon-title\">Humildade<\/div>\n                                    <div class=\"ballon-text\">Assumimos que \u00e9 mais importante escutar do que falar, para nos enriquecermos como pessoas e crescermos como empresa.<\/div>\n                 \n            <\/div>             <div class=\"single-ballon\"> \n                                    <div class=\"ballon-icon\">\n                        <div class=\"ballon-icon-principal\">\n                            <img decoding=\"async\" src=\"https:\/\/redur.es\/wp-content\/uploads\/2021\/01\/objeto3.svg\" class=\"attachment-full size-full\" alt=\"\" \/>                        <\/div>\n                                                <div class=\"ballon-icon-hover\">\n                            <img decoding=\"async\" src=\"https:\/\/redur.es\/wp-content\/uploads\/2021\/01\/objeto3_white.svg\" class=\"attachment-full size-full\" alt=\"\" \/>                        <\/div>\n                                            <\/div>\n                                                    <div class=\"ballon-title\">Amor<\/div>\n                                    <div class=\"ballon-text\">Ajudamos, apoiamos e motivamos as pessoas que nos s\u00e3o mais pr\u00f3ximas no trabalho e em casa, para promover o seu bem-estar pessoal e profissional.<\/div>\n                 \n            <\/div> <\/div><\/div><\/section><section id=\"title-text-btn-block_6013df37f8f68\" class=\"block-title-text-btn py-4 py-lg-0\" style=\"background-color: #f5f5f5\">\n\t<div class=\"content-block container d-flex img-mv-up flex-column-reverse flex-md-column-reverse flex-lg-row-reverse block-left justify-content-between\">\n        <div class=\"col-12 col-sm-12 col-md-12 col-lg-6 col-xl-6 px-0 pl-lg-5\">\n                                \t   <div class=\"title-block\" data-aos=\"fade\"><h2>Os nossos princ\u00edpios<\/h2>\n<\/div>\n                                        <div class=\"descr-block\" data-aos=\"fade\"><h3>Miss\u00e3o<\/h3>\r\nSomos uma fam\u00edlia orgulhosa da nossa hist\u00f3ria e orientada a fornecer as melhores solu\u00e7\u00f5es log\u00edsticas adaptadas \u00e0s necessidades dos nossos clientes.\r\n<h3>Vis\u00e3o<\/h3>\r\nSermos reconhecidos pelos nossos clientes e pelo mercado nacional e internacional como refer\u00eancias de qualidade, produtividade, transpar\u00eancia, seguran\u00e7a no trabalho e responsabilidade ambiental.<\/div>\n                                <\/div>\n                <div class=\"col-12 col-sm-12 col-md-12 col-lg-6 cont-img-title-text-btn px-0 \" data-aos=\"fade\">\n            <img loading=\"lazy\" decoding=\"async\" width=\"900\" height=\"940\" src=\"https:\/\/redur.es\/wp-content\/uploads\/2021\/05\/REDUR-SERVICIOS-MISIO\u0301N_02@2x-1.jpg\" class=\"img-title-text-btn\" alt=\"\" data-aos=\"fade\" srcset=\"https:\/\/redur.es\/wp-content\/uploads\/2021\/05\/REDUR-SERVICIOS-MISIO\u0301N_02@2x-1.jpg 900w, https:\/\/redur.es\/wp-content\/uploads\/2021\/05\/REDUR-SERVICIOS-MISIO\u0301N_02@2x-1-287x300.jpg 287w, https:\/\/redur.es\/wp-content\/uploads\/2021\/05\/REDUR-SERVICIOS-MISIO\u0301N_02@2x-1-768x802.jpg 768w\" sizes=\"auto, (max-width: 900px) 100vw, 900px\" \/>        <\/div>\n                    <\/div>\n     \n    \n<\/section>\n<div class=\"wp-block-group\"><div class=\"wp-block-group__inner-container is-layout-flow wp-block-group-is-layout-flow\">\n<div style=\"height:80px\" aria-hidden=\"true\" class=\"wp-block-spacer\"><\/div>\n\n\n\n<h2 class=\"container wp-block-heading\">Solu\u00e7\u00f5es log\u00edsticas de vanguarda<\/h2>\n\n\n\n<div style=\"height:50px\" aria-hidden=\"true\" class=\"wp-block-spacer\"><\/div>\n\n\n\n<div class=\"wp-block-columns container is-layout-flex wp-container-core-columns-is-layout-9d6595d7 wp-block-columns-is-layout-flex\">\n<div class=\"wp-block-column is-layout-flow wp-block-column-is-layout-flow\">\n<p>Somos uma subtil combina\u00e7\u00e3o dos mais exigentes processos operacionais suportados por uma tecnologia de vanguarda e do \u201cknow-how tradicional da Redur\u201d, com a inova\u00e7\u00e3o tecnol\u00f3gica liderada por uma equipa de pessoas altamente eficaz. Fornecemos solu\u00e7\u00f5es imediatas e exatas \u00e0s necessidades mais exigentes de servi\u00e7o.<\/p>\n<\/div>\n\n\n\n<div class=\"wp-block-column is-layout-flow wp-block-column-is-layout-flow\" style=\"flex-basis:10%\"><\/div>\n\n\n\n<div class=\"wp-block-column is-layout-flow wp-block-column-is-layout-flow\">\n<p>Acreditamos que para sermos uma empresa de sucesso no nosso mercado, para al\u00e9m de dispormos de uma rede de delega\u00e7\u00f5es muito densa e de uns processos operacionais muito elaborados com um componente altamente tecnol\u00f3gico, \u00e9 preciso ter alma.<\/p>\n<\/div>\n<\/div>\n\n\n\n<div style=\"height:50px\" aria-hidden=\"true\" class=\"wp-block-spacer\"><\/div>\n<\/div><\/div>\n\n<figure class=\"wp-block-image size-full my-0\"><img decoding=\"async\" src=\"https:\/\/redur.es\/wp-content\/uploads\/2021\/05\/REDUR-SERVICIOS-MISIO&#x301;N_03@2x-1.jpg\" alt=\"\" class=\"wp-image-3781\" title=\"\"\/><\/figure>\n\n<p><\/p>\n","protected":false},"excerpt":{"rendered":"<p>Solu\u00e7\u00f5es log\u00edsticas de vanguarda Somos uma subtil combina\u00e7\u00e3o dos mais exigentes processos operacionais suportados por uma tecnologia de vanguarda e do \u201cknow-how tradicional da Redur\u201d, com a inova\u00e7\u00e3o tecnol\u00f3gica liderada por uma equipa de pessoas altamente eficaz. Fornecemos solu\u00e7\u00f5es imediatas e exatas \u00e0s necessidades mais exigentes de servi\u00e7o. Acreditamos que para sermos uma empresa de [&hellip;]<\/p>\n","protected":false},"author":1,"featured_media":0,"parent":0,"menu_order":0,"comment_status":"closed","ping_status":"closed","template":"","meta":{"_acf_changed":false,"footnotes":""},"class_list":["post-5251","page","type-page","status-publish","hentry"],"acf":[],"yoast_head":"<!-- This site is optimized with the Yoast SEO plugin v23.6 - https:\/\/yoast.com\/wordpress\/plugins\/seo\/ -->\n<title>Miss\u00e3o e valores | REDUR<\/title>\n<meta name=\"robots\" content=\"index, follow, max-snippet:-1, max-image-preview:large, max-video-preview:-1\" \/>\n<link rel=\"canonical\" href=\"https:\/\/redur.es\/pt-pt\/missao-e-valores\/\" \/>\n<meta property=\"og:locale\" content=\"pt_PT\" \/>\n<meta property=\"og:type\" content=\"article\" \/>\n<meta property=\"og:title\" content=\"Miss\u00e3o e valores | REDUR\" \/>\n<meta property=\"og:description\" content=\"Solu\u00e7\u00f5es log\u00edsticas de vanguarda Somos uma subtil combina\u00e7\u00e3o dos mais exigentes processos operacionais suportados por uma tecnologia de vanguarda e do \u201cknow-how tradicional da Redur\u201d, com a inova\u00e7\u00e3o tecnol\u00f3gica liderada por uma equipa de pessoas altamente eficaz. Fornecemos solu\u00e7\u00f5es imediatas e exatas \u00e0s necessidades mais exigentes de servi\u00e7o. Acreditamos que para sermos uma empresa de [&hellip;]\" \/>\n<meta property=\"og:url\" content=\"https:\/\/redur.es\/pt-pt\/missao-e-valores\/\" \/>\n<meta property=\"og:site_name\" content=\"REDUR\" \/>\n<meta property=\"article:modified_time\" content=\"2021-06-11T08:48:16+00:00\" \/>\n<meta property=\"og:image\" content=\"https:\/\/redur.es\/wp-content\/uploads\/2021\/05\/REDUR-SERVICIOS-MISIO&#x301;N_03@2x-1.jpg\" \/>\n<meta name=\"twitter:card\" content=\"summary_large_image\" \/>\n<script type=\"application\/ld+json\" class=\"yoast-schema-graph\">{\"@context\":\"https:\/\/schema.org\",\"@graph\":[{\"@type\":\"WebPage\",\"@id\":\"https:\/\/redur.es\/pt-pt\/missao-e-valores\/\",\"url\":\"https:\/\/redur.es\/pt-pt\/missao-e-valores\/\",\"name\":\"Miss\u00e3o e valores | REDUR\",\"isPartOf\":{\"@id\":\"https:\/\/redur.es\/pt-pt\/#website\"},\"primaryImageOfPage\":{\"@id\":\"https:\/\/redur.es\/pt-pt\/missao-e-valores\/#primaryimage\"},\"image\":{\"@id\":\"https:\/\/redur.es\/pt-pt\/missao-e-valores\/#primaryimage\"},\"thumbnailUrl\":\"https:\/\/redur.es\/wp-content\/uploads\/2021\/05\/REDUR-SERVICIOS-MISIO&#x301;N_03@2x-1.jpg\",\"datePublished\":\"2021-06-04T08:06:56+00:00\",\"dateModified\":\"2021-06-11T08:48:16+00:00\",\"breadcrumb\":{\"@id\":\"https:\/\/redur.es\/pt-pt\/missao-e-valores\/#breadcrumb\"},\"inLanguage\":\"pt-PT\",\"potentialAction\":[{\"@type\":\"ReadAction\",\"target\":[\"https:\/\/redur.es\/pt-pt\/missao-e-valores\/\"]}]},{\"@type\":\"ImageObject\",\"inLanguage\":\"pt-PT\",\"@id\":\"https:\/\/redur.es\/pt-pt\/missao-e-valores\/#primaryimage\",\"url\":\"https:\/\/redur.es\/wp-content\/uploads\/2021\/05\/REDUR-SERVICIOS-MISIO&#x301;N_03@2x-1.jpg\",\"contentUrl\":\"https:\/\/redur.es\/wp-content\/uploads\/2021\/05\/REDUR-SERVICIOS-MISIO&#x301;N_03@2x-1.jpg\"},{\"@type\":\"BreadcrumbList\",\"@id\":\"https:\/\/redur.es\/pt-pt\/missao-e-valores\/#breadcrumb\",\"itemListElement\":[{\"@type\":\"ListItem\",\"position\":1,\"name\":\"Portada\",\"item\":\"https:\/\/redur.es\/pt-pt\/\"},{\"@type\":\"ListItem\",\"position\":2,\"name\":\"Miss\u00e3o e valores\"}]},{\"@type\":\"WebSite\",\"@id\":\"https:\/\/redur.es\/pt-pt\/#website\",\"url\":\"https:\/\/redur.es\/pt-pt\/\",\"name\":\"REDUR\",\"description\":\"Log\u00edstica e Transporte\",\"publisher\":{\"@id\":\"https:\/\/redur.es\/pt-pt\/#organization\"},\"potentialAction\":[{\"@type\":\"SearchAction\",\"target\":{\"@type\":\"EntryPoint\",\"urlTemplate\":\"https:\/\/redur.es\/pt-pt\/?s={search_term_string}\"},\"query-input\":{\"@type\":\"PropertyValueSpecification\",\"valueRequired\":true,\"valueName\":\"search_term_string\"}}],\"inLanguage\":\"pt-PT\"},{\"@type\":\"Organization\",\"@id\":\"https:\/\/redur.es\/pt-pt\/#organization\",\"name\":\"REDUR\",\"url\":\"https:\/\/redur.es\/pt-pt\/\",\"logo\":{\"@type\":\"ImageObject\",\"inLanguage\":\"pt-PT\",\"@id\":\"https:\/\/redur.es\/pt-pt\/#\/schema\/logo\/image\/\",\"url\":\"\",\"contentUrl\":\"\",\"caption\":\"REDUR\"},\"image\":{\"@id\":\"https:\/\/redur.es\/pt-pt\/#\/schema\/logo\/image\/\"}}]}<\/script>\n<!-- \/ Yoast SEO plugin. -->","yoast_head_json":{"title":"Miss\u00e3o e valores | REDUR","robots":{"index":"index","follow":"follow","max-snippet":"max-snippet:-1","max-image-preview":"max-image-preview:large","max-video-preview":"max-video-preview:-1"},"canonical":"https:\/\/redur.es\/pt-pt\/missao-e-valores\/","og_locale":"pt_PT","og_type":"article","og_title":"Miss\u00e3o e valores | REDUR","og_description":"Solu\u00e7\u00f5es log\u00edsticas de vanguarda Somos uma subtil combina\u00e7\u00e3o dos mais exigentes processos operacionais suportados por uma tecnologia de vanguarda e do \u201cknow-how tradicional da Redur\u201d, com a inova\u00e7\u00e3o tecnol\u00f3gica liderada por uma equipa de pessoas altamente eficaz. Fornecemos solu\u00e7\u00f5es imediatas e exatas \u00e0s necessidades mais exigentes de servi\u00e7o. Acreditamos que para sermos uma empresa de [&hellip;]","og_url":"https:\/\/redur.es\/pt-pt\/missao-e-valores\/","og_site_name":"REDUR","article_modified_time":"2021-06-11T08:48:16+00:00","og_image":[{"url":"https:\/\/redur.es\/wp-content\/uploads\/2021\/05\/REDUR-SERVICIOS-MISIO&#x301;N_03@2x-1.jpg"}],"twitter_card":"summary_large_image","schema":{"@context":"https:\/\/schema.org","@graph":[{"@type":"WebPage","@id":"https:\/\/redur.es\/pt-pt\/missao-e-valores\/","url":"https:\/\/redur.es\/pt-pt\/missao-e-valores\/","name":"Miss\u00e3o e valores | REDUR","isPartOf":{"@id":"https:\/\/redur.es\/pt-pt\/#website"},"primaryImageOfPage":{"@id":"https:\/\/redur.es\/pt-pt\/missao-e-valores\/#primaryimage"},"image":{"@id":"https:\/\/redur.es\/pt-pt\/missao-e-valores\/#primaryimage"},"thumbnailUrl":"https:\/\/redur.es\/wp-content\/uploads\/2021\/05\/REDUR-SERVICIOS-MISIO&#x301;N_03@2x-1.jpg","datePublished":"2021-06-04T08:06:56+00:00","dateModified":"2021-06-11T08:48:16+00:00","breadcrumb":{"@id":"https:\/\/redur.es\/pt-pt\/missao-e-valores\/#breadcrumb"},"inLanguage":"pt-PT","potentialAction":[{"@type":"ReadAction","target":["https:\/\/redur.es\/pt-pt\/missao-e-valores\/"]}]},{"@type":"ImageObject","inLanguage":"pt-PT","@id":"https:\/\/redur.es\/pt-pt\/missao-e-valores\/#primaryimage","url":"https:\/\/redur.es\/wp-content\/uploads\/2021\/05\/REDUR-SERVICIOS-MISIO&#x301;N_03@2x-1.jpg","contentUrl":"https:\/\/redur.es\/wp-content\/uploads\/2021\/05\/REDUR-SERVICIOS-MISIO&#x301;N_03@2x-1.jpg"},{"@type":"BreadcrumbList","@id":"https:\/\/redur.es\/pt-pt\/missao-e-valores\/#breadcrumb","itemListElement":[{"@type":"ListItem","position":1,"name":"Portada","item":"https:\/\/redur.es\/pt-pt\/"},{"@type":"ListItem","position":2,"name":"Miss\u00e3o e valores"}]},{"@type":"WebSite","@id":"https:\/\/redur.es\/pt-pt\/#website","url":"https:\/\/redur.es\/pt-pt\/","name":"REDUR","description":"Log\u00edstica e Transporte","publisher":{"@id":"https:\/\/redur.es\/pt-pt\/#organization"},"potentialAction":[{"@type":"SearchAction","target":{"@type":"EntryPoint","urlTemplate":"https:\/\/redur.es\/pt-pt\/?s={search_term_string}"},"query-input":{"@type":"PropertyValueSpecification","valueRequired":true,"valueName":"search_term_string"}}],"inLanguage":"pt-PT"},{"@type":"Organization","@id":"https:\/\/redur.es\/pt-pt\/#organization","name":"REDUR","url":"https:\/\/redur.es\/pt-pt\/","logo":{"@type":"ImageObject","inLanguage":"pt-PT","@id":"https:\/\/redur.es\/pt-pt\/#\/schema\/logo\/image\/","url":"","contentUrl":"","caption":"REDUR"},"image":{"@id":"https:\/\/redur.es\/pt-pt\/#\/schema\/logo\/image\/"}}]}},"_links":{"self":[{"href":"https:\/\/redur.es\/pt-pt\/wp-json\/wp\/v2\/pages\/5251","targetHints":{"allow":["GET"]}}],"collection":[{"href":"https:\/\/redur.es\/pt-pt\/wp-json\/wp\/v2\/pages"}],"about":[{"href":"https:\/\/redur.es\/pt-pt\/wp-json\/wp\/v2\/types\/page"}],"author":[{"embeddable":true,"href":"https:\/\/redur.es\/pt-pt\/wp-json\/wp\/v2\/users\/1"}],"replies":[{"embeddable":true,"href":"https:\/\/redur.es\/pt-pt\/wp-json\/wp\/v2\/comments?post=5251"}],"version-history":[{"count":12,"href":"https:\/\/redur.es\/pt-pt\/wp-json\/wp\/v2\/pages\/5251\/revisions"}],"predecessor-version":[{"id":5791,"href":"https:\/\/redur.es\/pt-pt\/wp-json\/wp\/v2\/pages\/5251\/revisions\/5791"}],"wp:attachment":[{"href":"https:\/\/redur.es\/pt-pt\/wp-json\/wp\/v2\/media?parent=5251"}],"curies":[{"name":"wp","href":"https:\/\/api.w.org\/{rel}","templated":true}]}}