{"id":5255,"date":"2021-06-04T08:16:28","date_gmt":"2021-06-04T08:16:28","guid":{"rendered":"https:\/\/redur.es\/o-nosso-rsc\/"},"modified":"2024-10-25T11:15:55","modified_gmt":"2024-10-25T11:15:55","slug":"o-nosso-rsc","status":"publish","type":"page","link":"https:\/\/redur.es\/pt-pt\/o-nosso-rsc\/","title":{"rendered":"O nosso RSC"},"content":{"rendered":"<section id=\"header-block_d8e3f6362fdfe04094c418457038fb99\" class=\"block-header bg_svg_0 height_100 \" style=\"min-height: 100vh;background-color:  #ffffff;\">\n\t<div class=\"img-header bg d-flex flex-column justify-content-end justify-content-md-center \" style=\"min-height: 100vh; background-image: url('https:\/\/redur.es\/wp-content\/uploads\/2021\/05\/REDUR-SERVICIOS-RSC_01@2x-1-scaled-e1621338017215.jpg');\" data-default=\"https:\/\/redur.es\/wp-content\/uploads\/2021\/05\/REDUR-SERVICIOS-RSC_01@2x-1-scaled-e1621338017215.jpg\" data-mobile=\"\" >\n        <div class=\"container d-flex flex-column justify-content-between \">\n            <div class=\"display-2\">\n                            \t                    <h1>Acreditamos num <br \/>\r\ntransporte respeitoso <br \/>\r\npara com o planeta<br \/>\r\n<\/h1>\n                            <\/div>\n                            <div class=\"text-desc \" data-aos=\"fade\">\n                    <p>Cuidamos do ambiente com o objetivo de devolvermos \u00e0 sociedade para do que dela obtemos.<\/p>\n                                <\/div>\n               \n            \n        <\/div>\n    <\/div>\n        \n    <\/section><section id=\"title-text-block_7efc2886bfed7a8c27f393043adeca49\" class=\"block-title-text \" style=\"background-color: #ffffff\">\n    <div class=\"container-fluid d-flex align-items-center flex-column justify-content-center height-50\" style=\"min-height: 50vh;\">\n       <div class=\"block-title h2 pt-5\" data-aos=\"fade-up\"><p style=\"text-align: center;\">Trabalhamos mediante uma gest\u00e3o<\/p>\n<p style=\"text-align: center;\">global <strong>respons\u00e1vel<\/strong> para com o ambiente,<\/p>\n<p style=\"text-align: center;\">o meio e as pessoas.<\/p>\n<\/div>\n         \n    <\/div>\n<\/section><section id=\"title-text-btn-block_c32cc70fa583cf1dc94ec219389809fa\" class=\"block-title-text-btn py-4 py-lg-0\" style=\"background-color: #ffffff\">\n\t<div class=\"content-block container d-flex img-mv-up flex-column-reverse flex-md-column-reverse flex-lg-row-reverse block-left justify-content-between\">\n        <div class=\"col-12 col-sm-12 col-md-12 col-lg-6 col-xl-6 px-0 pl-lg-5\">\n                                \t   <div class=\"title-block\" data-aos=\"fade\"><p>Dispomos de uma das maiores instala\u00e7\u00f5es fotovoltaicas em cobertura de Espanha.<\/p>\n<\/div>\n                                        <div class=\"descr-block\" data-aos=\"fade\">A instala\u00e7\u00e3o est\u00e1 localizada na cobertura do nosso centro log\u00edstico em Madrid. Soma um total de 9565 pain\u00e9is fotovoltaicos, com uma instala\u00e7\u00e3o el\u00e9trica associada de 2.2 MW de pot\u00eancia.<\/div>\n                                <\/div>\n                <div class=\"col-12 col-sm-12 col-md-12 col-lg-6 cont-img-title-text-btn px-0 \" data-aos=\"fade\">\n            <img loading=\"lazy\" decoding=\"async\" width=\"903\" height=\"945\" src=\"https:\/\/redur.es\/wp-content\/uploads\/2021\/05\/REDUR-SERVICIOS-RSC_02@2x-1.jpg\" class=\"img-title-text-btn\" alt=\"\" data-aos=\"fade\" srcset=\"https:\/\/redur.es\/wp-content\/uploads\/2021\/05\/REDUR-SERVICIOS-RSC_02@2x-1.jpg 903w, https:\/\/redur.es\/wp-content\/uploads\/2021\/05\/REDUR-SERVICIOS-RSC_02@2x-1-287x300.jpg 287w, https:\/\/redur.es\/wp-content\/uploads\/2021\/05\/REDUR-SERVICIOS-RSC_02@2x-1-768x804.jpg 768w\" sizes=\"auto, (max-width: 903px) 100vw, 903px\" \/>        <\/div>\n                    <\/div>\n     \n    \n<\/section>    <section id=\"card-data-block_95ff4652d9399414755113341b183f85\" class=\"block-card-data svg_verde_claro\">\n        <div class=\"content-block container-fluid row single-card-2\">\n            <div class=\"card-data-principal\">\n                                    <div class=\"block-card-data-title\" data-aos=\"fade\" data-aos-id=\"card-data-title\"><p>Cuidamos do<br \/>\nnosso ambiente<\/p>\n<\/div>\n                 \n                  \n            <\/div>\n            <div class=\"card-data-cards pt-4 m-auto row d-flex justify-content-sm-center justify-content-md-between\">\n                                    <div class=\"single-card\" data-aos=\"fade-up\" data-aos-delay=\"300\"> \n                        <div class=\"first-part\">\n                                                    <div class=\"first-part-texts without-icon\">\n                                                                    <div class=\"card-data-number\">9.565<\/div>\n                                                                    <div class=\"card-data-descr\">Pain\u00e9is \r\nfotovoltaicos\r\n<\/div>\n                                 \n                            <\/div>\n                        <\/div>\n                    <\/div>                     <div class=\"single-card\" data-aos=\"fade-up\" data-aos-delay=\"300\"> \n                        <div class=\"first-part\">\n                                                    <div class=\"first-part-texts without-icon\">\n                                                                    <div class=\"card-data-number\">-5%<\/div>\n                                                                    <div class=\"card-data-descr\">Emiss\u00f5es compensada de C02<\/div>\n                                 \n                            <\/div>\n                        <\/div>\n                    <\/div>                 \n            <\/div>\n              \n            <svg class=\"background-card\" xmlns=\"http:\/\/www.w3.org\/2000\/svg\" viewBox=\"0 0 1600.6 438.17\"><title>card-btn-svg<\/title><path d=\"M39.87,438.17,0,357.48a839.86,839.86,0,0,1,624.89-47l16.6,5.27c208,66.05,436.19,29.09,610.43-98.85L1547.33,0l53.27,72.54L1305.19,289.47C1107.85,434.38,849.56,476.28,614.25,401.56l-16.6-5.27C414.65,338.17,211.35,353.44,39.87,438.17Z\" style=\"fill: var(--color-green-accent)\"\/><\/svg>\n        <\/div>\n    <\/section>\n\n<section id=\"title-text-btn-block_c563862941e9bd44a4358bff5357960a\" class=\"block-title-text-btn py-4 py-lg-0\" style=\"background-color: #ffffff\">\n\t<div class=\"content-block container d-flex img-mv-up flex-column-reverse flex-md-column-reverse flex-lg-row-reverse block-left justify-content-between\">\n        <div class=\"col-12 col-sm-12 col-md-12 col-lg-6 col-xl-6 px-0 pl-lg-5\">\n                                \t   <div class=\"title-block\" data-aos=\"fade\"><p>Medi\u00e7\u00e3o da pegada de carbono<\/p>\n<\/div>\n                                        <div class=\"descr-block\" data-aos=\"fade\">Na Redur cri\u00e1mos um m\u00f3dulo dentro do nosso ERP para o c\u00e1lculo da pegada de CO2 e outros gases prejudiciais, obtendo um controlo das emiss\u00f5es geradas por cliente, destinat\u00e1rio e rota.<\/div>\n                                <\/div>\n                <div class=\"col-12 col-sm-12 col-md-12 col-lg-6 cont-img-title-text-btn px-0 \" data-aos=\"fade\">\n            <img loading=\"lazy\" decoding=\"async\" width=\"900\" height=\"940\" src=\"https:\/\/redur.es\/wp-content\/uploads\/2021\/05\/REDUR-SERVICIOS-RSC_03@2x-1.jpg\" class=\"img-title-text-btn\" alt=\"\" data-aos=\"fade\" srcset=\"https:\/\/redur.es\/wp-content\/uploads\/2021\/05\/REDUR-SERVICIOS-RSC_03@2x-1.jpg 900w, https:\/\/redur.es\/wp-content\/uploads\/2021\/05\/REDUR-SERVICIOS-RSC_03@2x-1-287x300.jpg 287w, https:\/\/redur.es\/wp-content\/uploads\/2021\/05\/REDUR-SERVICIOS-RSC_03@2x-1-768x802.jpg 768w\" sizes=\"auto, (max-width: 900px) 100vw, 900px\" \/>        <\/div>\n                    <\/div>\n     \n    \n<\/section><section id=\"title-text-btn-block_e7c0c3a742fb432cdd9d81683e682861\" class=\"block-title-text-btn py-4 py-lg-0\" style=\"background-color: #ffffff\">\n\t<div class=\"content-block container d-flex img-mv-up flex-column-reverse flex-md-column-reverse flex-lg-row block-right justify-content-between\">\n        <div class=\"col-12 col-sm-12 col-md-12 col-lg-6 col-xl-6 px-0 pr-lg-5\">\n                                \t   <div class=\"title-block\" data-aos=\"fade\"><p>Rota verde<\/p>\n<\/div>\n                                        <div class=\"descr-block\" data-aos=\"fade\">Na Redur elaboramos planos de redu\u00e7\u00e3o de emiss\u00f5es de CO2 atrav\u00e9s da otimiza\u00e7\u00e3o interna da frota, a forma\u00e7\u00e3o cont\u00ednua dos nossos colaboradores, a redu\u00e7\u00e3o do consumo el\u00e9trico e dos consum\u00edveis, bem como a <strong>aquisi\u00e7\u00e3o de viaturas a GAS<\/strong> para as principais liga\u00e7\u00f5es das nossas delega\u00e7\u00f5es.\r\n<\/div>\n                                <\/div>\n                <div class=\"col-12 col-sm-12 col-md-12 col-lg-6 cont-img-title-text-btn px-0 \" data-aos=\"fade\">\n            <img loading=\"lazy\" decoding=\"async\" width=\"900\" height=\"940\" src=\"https:\/\/redur.es\/wp-content\/uploads\/2021\/05\/REDUR-SERVICIOS-RSC_04@2x-1.jpg\" class=\"img-title-text-btn\" alt=\"\" data-aos=\"fade\" srcset=\"https:\/\/redur.es\/wp-content\/uploads\/2021\/05\/REDUR-SERVICIOS-RSC_04@2x-1.jpg 900w, https:\/\/redur.es\/wp-content\/uploads\/2021\/05\/REDUR-SERVICIOS-RSC_04@2x-1-287x300.jpg 287w, https:\/\/redur.es\/wp-content\/uploads\/2021\/05\/REDUR-SERVICIOS-RSC_04@2x-1-768x802.jpg 768w\" sizes=\"auto, (max-width: 900px) 100vw, 900px\" \/>        <\/div>\n                    <\/div>\n     \n    \n<\/section>    <section id=\"tabs-block_e052c9439cf045a65fe3e21869f79432\" class=\"block-tabs\" style=\"background-color: #f4f6f7\">\n        <div class=\"content-block container-fluid\">\n            <div class=\"tabs-content d-flex flex-column justify-content-center\">\n                <ul class=\"tabs-header nav nav-tabs\" data-aos=\"fade-up\" data-aos-delay=\"300\" role=\"tablist\">\n                                                            <li class=\"nav-item\">\n                            <a class=\"nav-link active\" id=\"navtab0_block_e052c9439cf045a65fe3e21869f79432\" data-toggle=\"tab\" href=\"#tab0_block_e052c9439cf045a65fe3e21869f79432\" role=\"tab\" aria-controls=\"tab0_block_e052c9439cf045a65fe3e21869f79432\" aria-selected=\"true\">Certificamos qualidade e seguran\u00e7a<\/a>\n                        <\/li>\n                                                                                <li class=\"nav-item\">\n                            <a class=\"nav-link \" id=\"navtab1_block_e052c9439cf045a65fe3e21869f79432\" data-toggle=\"tab\" href=\"#tab1_block_e052c9439cf045a65fe3e21869f79432\" role=\"tab\" aria-controls=\"tab1_block_e052c9439cf045a65fe3e21869f79432\" aria-selected=\"false\">Certificados ambientais<\/a>\n                        <\/li>\n                                                    <\/ul>\n                <div class=\"tab-content\" id=\"myTabContent\">\n                                    <div class=\"tab-pane active\" id=\"tab0_block_e052c9439cf045a65fe3e21869f79432\" role=\"tabpanel\" aria-labelledby=\"navtab0_block_e052c9439cf045a65fe3e21869f79432\" data-aos=\"fade-up\" data-aos-delay=\"300\" >\n                                                    <ul>\n                                                                    <li>\n                                        <a href=\"https:\/\/redur.es\/wp-content\/uploads\/2021\/05\/REDUR-SERVICIOS-RSC_05@2x.png\">\n                                             <img decoding=\"async\" src=\"https:\/\/redur.es\/wp-content\/uploads\/2021\/05\/REDUR-SERVICIOS-RSC_05@2x.png\" alt=\"\" \/>\n                                        <\/a>\n                                        <p><\/p>\n                                    <\/li>\n                                                                    <li>\n                                        <a href=\"https:\/\/redur.es\/wp-content\/uploads\/2021\/05\/REDUR-SERVICIOS-RSC_07@2x.png\">\n                                             <img decoding=\"async\" src=\"https:\/\/redur.es\/wp-content\/uploads\/2021\/05\/REDUR-SERVICIOS-RSC_07@2x.png\" alt=\"\" \/>\n                                        <\/a>\n                                        <p><\/p>\n                                    <\/li>\n                                                            <\/ul>\n                                            <\/div>\n                                    <div class=\"tab-pane \" id=\"tab1_block_e052c9439cf045a65fe3e21869f79432\" role=\"tabpanel\" aria-labelledby=\"navtab1_block_e052c9439cf045a65fe3e21869f79432\" data-aos=\"fade-up\" data-aos-delay=\"300\" >\n                                                    <ul>\n                                                                    <li>\n                                        <a href=\"https:\/\/redur.es\/wp-content\/uploads\/2021\/02\/certificado_b.png\">\n                                             <img decoding=\"async\" src=\"https:\/\/redur.es\/wp-content\/uploads\/2021\/02\/certificado_b.png\" alt=\"\" \/>\n                                        <\/a>\n                                        <p><\/p>\n                                    <\/li>\n                                                                    <li>\n                                        <a href=\"https:\/\/redur.es\/wp-content\/uploads\/2021\/05\/REDUR-SERVICIOS-RSC_08@2x.png\">\n                                             <img decoding=\"async\" src=\"https:\/\/redur.es\/wp-content\/uploads\/2021\/05\/REDUR-SERVICIOS-RSC_08@2x.png\" alt=\"\" \/>\n                                        <\/a>\n                                        <p><\/p>\n                                    <\/li>\n                                                                    <li>\n                                        <a href=\"https:\/\/redur.es\/wp-content\/uploads\/2021\/05\/REDUR-SERVICIOS-RSC_09@2x.png\">\n                                             <img decoding=\"async\" src=\"https:\/\/redur.es\/wp-content\/uploads\/2021\/05\/REDUR-SERVICIOS-RSC_09@2x.png\" alt=\"\" \/>\n                                        <\/a>\n                                        <p><\/p>\n                                    <\/li>\n                                                            <\/ul>\n                                            <\/div>\n                                <\/div>\n            <\/div>\n        <\/div>\n    <\/section>\n\n","protected":false},"excerpt":{"rendered":"","protected":false},"author":1,"featured_media":0,"parent":0,"menu_order":0,"comment_status":"closed","ping_status":"closed","template":"","meta":{"_acf_changed":false,"footnotes":""},"class_list":["post-5255","page","type-page","status-publish","hentry"],"acf":[],"yoast_head":"<!-- This site is optimized with the Yoast SEO plugin v23.6 - https:\/\/yoast.com\/wordpress\/plugins\/seo\/ -->\n<title>O nosso RSC | REDUR<\/title>\n<meta name=\"robots\" content=\"index, follow, max-snippet:-1, max-image-preview:large, max-video-preview:-1\" \/>\n<link rel=\"canonical\" href=\"https:\/\/redur.es\/pt-pt\/o-nosso-rsc\/\" \/>\n<meta property=\"og:locale\" content=\"pt_PT\" \/>\n<meta property=\"og:type\" content=\"article\" \/>\n<meta property=\"og:title\" content=\"O nosso RSC | REDUR\" \/>\n<meta property=\"og:url\" content=\"https:\/\/redur.es\/pt-pt\/o-nosso-rsc\/\" \/>\n<meta property=\"og:site_name\" content=\"REDUR\" \/>\n<meta property=\"article:modified_time\" content=\"2024-10-25T11:15:55+00:00\" \/>\n<meta name=\"twitter:card\" content=\"summary_large_image\" \/>\n<script type=\"application\/ld+json\" class=\"yoast-schema-graph\">{\"@context\":\"https:\/\/schema.org\",\"@graph\":[{\"@type\":\"WebPage\",\"@id\":\"https:\/\/redur.es\/pt-pt\/o-nosso-rsc\/\",\"url\":\"https:\/\/redur.es\/pt-pt\/o-nosso-rsc\/\",\"name\":\"O nosso RSC | REDUR\",\"isPartOf\":{\"@id\":\"https:\/\/redur.es\/pt-pt\/#website\"},\"datePublished\":\"2021-06-04T08:16:28+00:00\",\"dateModified\":\"2024-10-25T11:15:55+00:00\",\"breadcrumb\":{\"@id\":\"https:\/\/redur.es\/pt-pt\/o-nosso-rsc\/#breadcrumb\"},\"inLanguage\":\"pt-PT\",\"potentialAction\":[{\"@type\":\"ReadAction\",\"target\":[\"https:\/\/redur.es\/pt-pt\/o-nosso-rsc\/\"]}]},{\"@type\":\"BreadcrumbList\",\"@id\":\"https:\/\/redur.es\/pt-pt\/o-nosso-rsc\/#breadcrumb\",\"itemListElement\":[{\"@type\":\"ListItem\",\"position\":1,\"name\":\"Portada\",\"item\":\"https:\/\/redur.es\/pt-pt\/\"},{\"@type\":\"ListItem\",\"position\":2,\"name\":\"O nosso RSC\"}]},{\"@type\":\"WebSite\",\"@id\":\"https:\/\/redur.es\/pt-pt\/#website\",\"url\":\"https:\/\/redur.es\/pt-pt\/\",\"name\":\"REDUR\",\"description\":\"Log\u00edstica e Transporte\",\"publisher\":{\"@id\":\"https:\/\/redur.es\/pt-pt\/#organization\"},\"potentialAction\":[{\"@type\":\"SearchAction\",\"target\":{\"@type\":\"EntryPoint\",\"urlTemplate\":\"https:\/\/redur.es\/pt-pt\/?s={search_term_string}\"},\"query-input\":{\"@type\":\"PropertyValueSpecification\",\"valueRequired\":true,\"valueName\":\"search_term_string\"}}],\"inLanguage\":\"pt-PT\"},{\"@type\":\"Organization\",\"@id\":\"https:\/\/redur.es\/pt-pt\/#organization\",\"name\":\"REDUR\",\"url\":\"https:\/\/redur.es\/pt-pt\/\",\"logo\":{\"@type\":\"ImageObject\",\"inLanguage\":\"pt-PT\",\"@id\":\"https:\/\/redur.es\/pt-pt\/#\/schema\/logo\/image\/\",\"url\":\"\",\"contentUrl\":\"\",\"caption\":\"REDUR\"},\"image\":{\"@id\":\"https:\/\/redur.es\/pt-pt\/#\/schema\/logo\/image\/\"}}]}<\/script>\n<!-- \/ Yoast SEO plugin. -->","yoast_head_json":{"title":"O nosso RSC | REDUR","robots":{"index":"index","follow":"follow","max-snippet":"max-snippet:-1","max-image-preview":"max-image-preview:large","max-video-preview":"max-video-preview:-1"},"canonical":"https:\/\/redur.es\/pt-pt\/o-nosso-rsc\/","og_locale":"pt_PT","og_type":"article","og_title":"O nosso RSC | REDUR","og_url":"https:\/\/redur.es\/pt-pt\/o-nosso-rsc\/","og_site_name":"REDUR","article_modified_time":"2024-10-25T11:15:55+00:00","twitter_card":"summary_large_image","schema":{"@context":"https:\/\/schema.org","@graph":[{"@type":"WebPage","@id":"https:\/\/redur.es\/pt-pt\/o-nosso-rsc\/","url":"https:\/\/redur.es\/pt-pt\/o-nosso-rsc\/","name":"O nosso RSC | REDUR","isPartOf":{"@id":"https:\/\/redur.es\/pt-pt\/#website"},"datePublished":"2021-06-04T08:16:28+00:00","dateModified":"2024-10-25T11:15:55+00:00","breadcrumb":{"@id":"https:\/\/redur.es\/pt-pt\/o-nosso-rsc\/#breadcrumb"},"inLanguage":"pt-PT","potentialAction":[{"@type":"ReadAction","target":["https:\/\/redur.es\/pt-pt\/o-nosso-rsc\/"]}]},{"@type":"BreadcrumbList","@id":"https:\/\/redur.es\/pt-pt\/o-nosso-rsc\/#breadcrumb","itemListElement":[{"@type":"ListItem","position":1,"name":"Portada","item":"https:\/\/redur.es\/pt-pt\/"},{"@type":"ListItem","position":2,"name":"O nosso RSC"}]},{"@type":"WebSite","@id":"https:\/\/redur.es\/pt-pt\/#website","url":"https:\/\/redur.es\/pt-pt\/","name":"REDUR","description":"Log\u00edstica e Transporte","publisher":{"@id":"https:\/\/redur.es\/pt-pt\/#organization"},"potentialAction":[{"@type":"SearchAction","target":{"@type":"EntryPoint","urlTemplate":"https:\/\/redur.es\/pt-pt\/?s={search_term_string}"},"query-input":{"@type":"PropertyValueSpecification","valueRequired":true,"valueName":"search_term_string"}}],"inLanguage":"pt-PT"},{"@type":"Organization","@id":"https:\/\/redur.es\/pt-pt\/#organization","name":"REDUR","url":"https:\/\/redur.es\/pt-pt\/","logo":{"@type":"ImageObject","inLanguage":"pt-PT","@id":"https:\/\/redur.es\/pt-pt\/#\/schema\/logo\/image\/","url":"","contentUrl":"","caption":"REDUR"},"image":{"@id":"https:\/\/redur.es\/pt-pt\/#\/schema\/logo\/image\/"}}]}},"_links":{"self":[{"href":"https:\/\/redur.es\/pt-pt\/wp-json\/wp\/v2\/pages\/5255","targetHints":{"allow":["GET"]}}],"collection":[{"href":"https:\/\/redur.es\/pt-pt\/wp-json\/wp\/v2\/pages"}],"about":[{"href":"https:\/\/redur.es\/pt-pt\/wp-json\/wp\/v2\/types\/page"}],"author":[{"embeddable":true,"href":"https:\/\/redur.es\/pt-pt\/wp-json\/wp\/v2\/users\/1"}],"replies":[{"embeddable":true,"href":"https:\/\/redur.es\/pt-pt\/wp-json\/wp\/v2\/comments?post=5255"}],"version-history":[{"count":6,"href":"https:\/\/redur.es\/pt-pt\/wp-json\/wp\/v2\/pages\/5255\/revisions"}],"predecessor-version":[{"id":8213,"href":"https:\/\/redur.es\/pt-pt\/wp-json\/wp\/v2\/pages\/5255\/revisions\/8213"}],"wp:attachment":[{"href":"https:\/\/redur.es\/pt-pt\/wp-json\/wp\/v2\/media?parent=5255"}],"curies":[{"name":"wp","href":"https:\/\/api.w.org\/{rel}","templated":true}]}}