{"id":5257,"date":"2021-06-04T08:21:59","date_gmt":"2021-06-04T08:21:59","guid":{"rendered":"https:\/\/redur.es\/ofertas-de-emprego-estudantes\/"},"modified":"2024-10-18T08:51:38","modified_gmt":"2024-10-18T08:51:38","slug":"ofertas-de-emprego-estudantes","status":"publish","type":"page","link":"https:\/\/redur.es\/pt-pt\/ofertas-de-emprego-estudantes\/","title":{"rendered":"Ofertas de emprego &#8211; ESTUDANTES"},"content":{"rendered":"<section id=\"header-block_600709a5ce3fd\" class=\"block-header bg_svg_0 height_80 dark_mode\" style=\"min-height: 80vh;background-color:  ;\">\n\t<div class=\"img-header bg d-flex flex-column justify-content-end justify-content-md-center \" style=\"min-height: 80vh; background-image: url('');\" data-default=\"\" data-mobile=\"\" >\n        <div class=\"container d-flex flex-column justify-content-between \">\n            <div class=\"display-2\">\n                                    <p class=\"subtitle-header\">Estudantes<\/p>\n                            \t                    <h1>Oferecemos uma carreira<br \/>\r\nprofissional com futuro<\/h1>\n                            <\/div>\n                            <div class=\"text-desc \" data-aos=\"fade\">\n                    <p>Procuramos estudantes ou rec\u00e9m-licenciados que sintam paix\u00e3o pelo sector do transporte e da log\u00edstica. Com vontade de alargarem os conhecimentos e desenvolverem a sua carreira profissional connosco.<\/p>\n                                <\/div>\n               \n            \n        <\/div>\n    <\/div>\n        \n            <script type=\"text\/javascript\">\n            var element = document.getElementById(\"masthead\");\n            element.classList.add(\"dark-style\");\n        <\/script>\n    <\/section><section id=\"filter_ofertaempleo-block-block_602be306c7989\" class=\"container filter_block-ofertaempleo-block\">\n    <div class=\"filter_qty\">\n        Atualmente existem \n <span\n                style=\"color: var(--color-green-primary);\"><strong>0 vagas de emprego <\/strong><\/span>\n    <\/div>\n    <div class=\"filter_province\">\n        <div class=\"filter_province_content\">\n            <span>Filtrar por<\/span>\n            <div class=\"select-wrapper\">\n                <select id=\"provinces_filter\">\n                    <option value=\"all\">Distrito<\/option>\n                                    <\/select>\n            <\/div>\n        <\/div>\n    <\/div>\n<\/section>\n<section id=\"ofertaempleo-block-block_602be306c7989\" class=\"block-ofertaempleo-block\"\n         style=\"background-color: var(--color-grey);\">\n                \n<\/section>    <section id=\"card-link-block_601a89138e533\" class=\"block-card-link\" style=\"background-color: #FFFFFF\">\n        <div class=\"content-block container single-card-2 p-sm-0\">\n            <div class=\"card-data-principal\">\n                 \n                                    <div class=\"block-card-link-title\" data-aos=\"fade-up\"><p>Mais informa\u00e7\u00e3o da <strong>Redur<\/strong><\/p>\n<\/div>\n                 \n            <\/div>\n            <div class=\"card-link-cards w-100 m-auto row d-flex justify-content-sm-center justify-content-md-between\">\n                                        <div class=\"single-card\" data-aos=\"fade-up\" data-aos-delay=\"300\"> \n                             <a class=\"card-link-url\" href=\"https:\/\/redur.es\/pt-pt\/historia\/\">  \n                                <div class=\"first-part\">\n                                                                    <div class=\"block-card-link-icon\">\n                                        <img decoding=\"async\" src=\"https:\/\/redur.es\/wp-content\/uploads\/2021\/02\/empresa.svg\">                                    <\/div>\n                                                                                                    <div class=\"card-link-descr\">A nossa empresa<\/div> \n                                 \n                                <\/div>\n                             <\/a>  \n                        <\/div> \n                                        <div class=\"single-card\" data-aos=\"fade-up\" data-aos-delay=\"300\"> \n                             <a class=\"card-link-url\" href=\"https:\/\/redur.es\/pt-pt\/missao-e-valores\/\">  \n                                <div class=\"first-part\">\n                                                                    <div class=\"block-card-link-icon\">\n                                        <img decoding=\"async\" src=\"https:\/\/redur.es\/wp-content\/uploads\/2021\/02\/valores.svg\">                                    <\/div>\n                                                                                                    <div class=\"card-link-descr\">Os nossos valores<\/div> \n                                 \n                                <\/div>\n                             <\/a>  \n                        <\/div> \n                                        <div class=\"single-card\" data-aos=\"fade-up\" data-aos-delay=\"300\"> \n                             <a class=\"card-link-url\" href=\"https:\/\/redur.es\/pt-pt\/a-redur-em-numeros\/\">  \n                                <div class=\"first-part\">\n                                                                    <div class=\"block-card-link-icon\">\n                                        <img decoding=\"async\" src=\"https:\/\/redur.es\/wp-content\/uploads\/2021\/02\/cifras.svg\">                                    <\/div>\n                                                                                                    <div class=\"card-link-descr\">Os n\u00fameros s\u00e3o a nossa garantia<\/div> \n                                 \n                                <\/div>\n                             <\/a>  \n                        <\/div> \n                                        <div class=\"single-card\" data-aos=\"fade-up\" data-aos-delay=\"300\"> \n                             <a class=\"card-link-url\" href=\"https:\/\/redur.es\/pt-pt\/servicos\/\">  \n                                <div class=\"first-part\">\n                                                                    <div class=\"block-card-link-icon\">\n                                        <img decoding=\"async\" src=\"https:\/\/redur.es\/wp-content\/uploads\/2021\/02\/servicios.svg\">                                    <\/div>\n                                                                                                    <div class=\"card-link-descr\">Os nossos servi\u00e7os<\/div> \n                                 \n                                <\/div>\n                             <\/a>  \n                        <\/div> \n                                        <div class=\"single-card\" data-aos=\"fade-up\" data-aos-delay=\"300\"> \n                             <a class=\"card-link-url\" href=\"https:\/\/redur.es\/pt-pt\/delegacoes\/\">  \n                                <div class=\"first-part\">\n                                                                    <div class=\"block-card-link-icon\">\n                                        <img decoding=\"async\" src=\"https:\/\/redur.es\/wp-content\/uploads\/2021\/02\/delegaciones-1.svg\">                                    <\/div>\n                                                                                                    <div class=\"card-link-descr\">Rede de delega\u00e7\u00f5es<\/div> \n                                 \n                                <\/div>\n                             <\/a>  \n                        <\/div> \n                                        <div class=\"single-card\" data-aos=\"fade-up\" data-aos-delay=\"300\"> \n                             <a class=\"card-link-url\" href=\"https:\/\/redur.es\/pt-pt\/o-nosso-rsc\/\">  \n                                <div class=\"first-part\">\n                                                                    <div class=\"block-card-link-icon\">\n                                        <img decoding=\"async\" src=\"https:\/\/redur.es\/wp-content\/uploads\/2021\/02\/compromiso.svg\">                                    <\/div>\n                                                                                                    <div class=\"card-link-descr\">Compromisso e projetos<\/div> \n                                 \n                                <\/div>\n                             <\/a>  \n                        <\/div> \n                            <\/div> \n        <\/div>\n    <\/section>\n\n\n<p><\/p>\n","protected":false},"excerpt":{"rendered":"","protected":false},"author":1,"featured_media":0,"parent":0,"menu_order":0,"comment_status":"closed","ping_status":"closed","template":"","meta":{"_acf_changed":false,"footnotes":""},"class_list":["post-5257","page","type-page","status-publish","hentry"],"acf":[],"yoast_head":"<!-- This site is optimized with the Yoast SEO plugin v23.6 - https:\/\/yoast.com\/wordpress\/plugins\/seo\/ -->\n<title>Ofertas de emprego - ESTUDANTES | REDUR<\/title>\n<meta name=\"robots\" content=\"index, follow, max-snippet:-1, max-image-preview:large, max-video-preview:-1\" \/>\n<link rel=\"canonical\" href=\"https:\/\/redur.es\/pt-pt\/ofertas-de-emprego-estudantes\/\" \/>\n<meta property=\"og:locale\" content=\"pt_PT\" \/>\n<meta property=\"og:type\" content=\"article\" \/>\n<meta property=\"og:title\" content=\"Ofertas de emprego - ESTUDANTES | REDUR\" \/>\n<meta property=\"og:url\" content=\"https:\/\/redur.es\/pt-pt\/ofertas-de-emprego-estudantes\/\" \/>\n<meta property=\"og:site_name\" content=\"REDUR\" \/>\n<meta property=\"article:modified_time\" content=\"2024-10-18T08:51:38+00:00\" \/>\n<meta name=\"twitter:card\" content=\"summary_large_image\" \/>\n<script type=\"application\/ld+json\" class=\"yoast-schema-graph\">{\"@context\":\"https:\/\/schema.org\",\"@graph\":[{\"@type\":\"WebPage\",\"@id\":\"https:\/\/redur.es\/pt-pt\/ofertas-de-emprego-estudantes\/\",\"url\":\"https:\/\/redur.es\/pt-pt\/ofertas-de-emprego-estudantes\/\",\"name\":\"Ofertas de emprego - ESTUDANTES | REDUR\",\"isPartOf\":{\"@id\":\"https:\/\/redur.es\/pt-pt\/#website\"},\"datePublished\":\"2021-06-04T08:21:59+00:00\",\"dateModified\":\"2024-10-18T08:51:38+00:00\",\"breadcrumb\":{\"@id\":\"https:\/\/redur.es\/pt-pt\/ofertas-de-emprego-estudantes\/#breadcrumb\"},\"inLanguage\":\"pt-PT\",\"potentialAction\":[{\"@type\":\"ReadAction\",\"target\":[\"https:\/\/redur.es\/pt-pt\/ofertas-de-emprego-estudantes\/\"]}]},{\"@type\":\"BreadcrumbList\",\"@id\":\"https:\/\/redur.es\/pt-pt\/ofertas-de-emprego-estudantes\/#breadcrumb\",\"itemListElement\":[{\"@type\":\"ListItem\",\"position\":1,\"name\":\"Portada\",\"item\":\"https:\/\/redur.es\/pt-pt\/\"},{\"@type\":\"ListItem\",\"position\":2,\"name\":\"Ofertas de emprego &#8211; ESTUDANTES\"}]},{\"@type\":\"WebSite\",\"@id\":\"https:\/\/redur.es\/pt-pt\/#website\",\"url\":\"https:\/\/redur.es\/pt-pt\/\",\"name\":\"REDUR\",\"description\":\"Log\u00edstica e Transporte\",\"publisher\":{\"@id\":\"https:\/\/redur.es\/pt-pt\/#organization\"},\"potentialAction\":[{\"@type\":\"SearchAction\",\"target\":{\"@type\":\"EntryPoint\",\"urlTemplate\":\"https:\/\/redur.es\/pt-pt\/?s={search_term_string}\"},\"query-input\":{\"@type\":\"PropertyValueSpecification\",\"valueRequired\":true,\"valueName\":\"search_term_string\"}}],\"inLanguage\":\"pt-PT\"},{\"@type\":\"Organization\",\"@id\":\"https:\/\/redur.es\/pt-pt\/#organization\",\"name\":\"REDUR\",\"url\":\"https:\/\/redur.es\/pt-pt\/\",\"logo\":{\"@type\":\"ImageObject\",\"inLanguage\":\"pt-PT\",\"@id\":\"https:\/\/redur.es\/pt-pt\/#\/schema\/logo\/image\/\",\"url\":\"\",\"contentUrl\":\"\",\"caption\":\"REDUR\"},\"image\":{\"@id\":\"https:\/\/redur.es\/pt-pt\/#\/schema\/logo\/image\/\"}}]}<\/script>\n<!-- \/ Yoast SEO plugin. -->","yoast_head_json":{"title":"Ofertas de emprego - ESTUDANTES | REDUR","robots":{"index":"index","follow":"follow","max-snippet":"max-snippet:-1","max-image-preview":"max-image-preview:large","max-video-preview":"max-video-preview:-1"},"canonical":"https:\/\/redur.es\/pt-pt\/ofertas-de-emprego-estudantes\/","og_locale":"pt_PT","og_type":"article","og_title":"Ofertas de emprego - ESTUDANTES | REDUR","og_url":"https:\/\/redur.es\/pt-pt\/ofertas-de-emprego-estudantes\/","og_site_name":"REDUR","article_modified_time":"2024-10-18T08:51:38+00:00","twitter_card":"summary_large_image","schema":{"@context":"https:\/\/schema.org","@graph":[{"@type":"WebPage","@id":"https:\/\/redur.es\/pt-pt\/ofertas-de-emprego-estudantes\/","url":"https:\/\/redur.es\/pt-pt\/ofertas-de-emprego-estudantes\/","name":"Ofertas de emprego - ESTUDANTES | REDUR","isPartOf":{"@id":"https:\/\/redur.es\/pt-pt\/#website"},"datePublished":"2021-06-04T08:21:59+00:00","dateModified":"2024-10-18T08:51:38+00:00","breadcrumb":{"@id":"https:\/\/redur.es\/pt-pt\/ofertas-de-emprego-estudantes\/#breadcrumb"},"inLanguage":"pt-PT","potentialAction":[{"@type":"ReadAction","target":["https:\/\/redur.es\/pt-pt\/ofertas-de-emprego-estudantes\/"]}]},{"@type":"BreadcrumbList","@id":"https:\/\/redur.es\/pt-pt\/ofertas-de-emprego-estudantes\/#breadcrumb","itemListElement":[{"@type":"ListItem","position":1,"name":"Portada","item":"https:\/\/redur.es\/pt-pt\/"},{"@type":"ListItem","position":2,"name":"Ofertas de emprego &#8211; ESTUDANTES"}]},{"@type":"WebSite","@id":"https:\/\/redur.es\/pt-pt\/#website","url":"https:\/\/redur.es\/pt-pt\/","name":"REDUR","description":"Log\u00edstica e Transporte","publisher":{"@id":"https:\/\/redur.es\/pt-pt\/#organization"},"potentialAction":[{"@type":"SearchAction","target":{"@type":"EntryPoint","urlTemplate":"https:\/\/redur.es\/pt-pt\/?s={search_term_string}"},"query-input":{"@type":"PropertyValueSpecification","valueRequired":true,"valueName":"search_term_string"}}],"inLanguage":"pt-PT"},{"@type":"Organization","@id":"https:\/\/redur.es\/pt-pt\/#organization","name":"REDUR","url":"https:\/\/redur.es\/pt-pt\/","logo":{"@type":"ImageObject","inLanguage":"pt-PT","@id":"https:\/\/redur.es\/pt-pt\/#\/schema\/logo\/image\/","url":"","contentUrl":"","caption":"REDUR"},"image":{"@id":"https:\/\/redur.es\/pt-pt\/#\/schema\/logo\/image\/"}}]}},"_links":{"self":[{"href":"https:\/\/redur.es\/pt-pt\/wp-json\/wp\/v2\/pages\/5257","targetHints":{"allow":["GET"]}}],"collection":[{"href":"https:\/\/redur.es\/pt-pt\/wp-json\/wp\/v2\/pages"}],"about":[{"href":"https:\/\/redur.es\/pt-pt\/wp-json\/wp\/v2\/types\/page"}],"author":[{"embeddable":true,"href":"https:\/\/redur.es\/pt-pt\/wp-json\/wp\/v2\/users\/1"}],"replies":[{"embeddable":true,"href":"https:\/\/redur.es\/pt-pt\/wp-json\/wp\/v2\/comments?post=5257"}],"version-history":[{"count":11,"href":"https:\/\/redur.es\/pt-pt\/wp-json\/wp\/v2\/pages\/5257\/revisions"}],"predecessor-version":[{"id":8179,"href":"https:\/\/redur.es\/pt-pt\/wp-json\/wp\/v2\/pages\/5257\/revisions\/8179"}],"wp:attachment":[{"href":"https:\/\/redur.es\/pt-pt\/wp-json\/wp\/v2\/media?parent=5257"}],"curies":[{"name":"wp","href":"https:\/\/api.w.org\/{rel}","templated":true}]}}