{"id":5267,"date":"2021-06-04T08:30:54","date_gmt":"2021-06-04T08:30:54","guid":{"rendered":"https:\/\/redur.es\/ofertas-de-emprego-distribuidores\/"},"modified":"2021-06-11T08:49:24","modified_gmt":"2021-06-11T08:49:24","slug":"ofertas-de-emprego-distribuidores","status":"publish","type":"page","link":"https:\/\/redur.es\/pt-pt\/ofertas-de-emprego-distribuidores\/","title":{"rendered":"Ofertas de emprego &#8211; DISTRIBUIDORES"},"content":{"rendered":"<section id=\"header-block_600709a5ce3fd\" class=\"block-header bg_svg_0 height_80 dark_mode\" style=\"min-height: 80vh;background-color:  ;\">\n\t<div class=\"img-header bg d-flex flex-column justify-content-end justify-content-md-center \" style=\"min-height: 80vh; background-image: url('');\" data-default=\"\" data-mobile=\"\" >\n        <div class=\"container d-flex flex-column justify-content-between \">\n            <div class=\"display-2\">\n                                    <p class=\"subtitle-header\">Distribuidores<\/p>\n                            \t                    <h1>Junte-se \u00e0 nossa frota de <br \/>\r\ntransportadores<br \/>\r\n<\/h1>\n                            <\/div>\n                            <div class=\"text-desc \" data-aos=\"fade\">\n                    <p>Procuramos profissionais independentes do sector industrial com vontade de trabalhar numa empresa de grande trajet\u00f3ria, com viatura e\/ou carrinha pr\u00f3prias e experi\u00eancia no transporte urgente de mercadorias a n\u00edvel nacional e internacional.<\/p>\n                                <\/div>\n               \n            \n        <\/div>\n    <\/div>\n        \n            <script type=\"text\/javascript\">\n            var element = document.getElementById(\"masthead\");\n            element.classList.add(\"dark-style\");\n        <\/script>\n    <\/section><section id=\"filter_ofertaempleo-block-block_602c0e68f4206\" class=\"container filter_block-ofertaempleo-block\">\n    <div class=\"filter_qty\">\n        Atualmente existem \n <span\n                style=\"color: var(--color-green-primary);\"><strong>7 vagas de emprego <\/strong><\/span>\n    <\/div>\n    <div class=\"filter_province\">\n        <div class=\"filter_province_content\">\n            <span>Filtrar por<\/span>\n            <div class=\"select-wrapper\">\n                <select id=\"provinces_filter\">\n                    <option value=\"all\">Distrito<\/option>\n                    <option value=\"todas-las-provincias\">Todas las provincias<\/option>                <\/select>\n            <\/div>\n        <\/div>\n    <\/div>\n<\/section>\n<section id=\"ofertaempleo-block-block_602c0e68f4206\" class=\"block-ofertaempleo-block\"\n         style=\"background-color: var(--color-grey);\">\n            \n            <div class=\"ofertaempleo container\">\n                <div class=\"ofertaempleo-title-section\">Transporte<\/div>\n            <\/div>\n            <div id=\"ofertaempleo-accordion-transporte\"\n                 class=\"accordion ofertaempleo-accordion justify-content-center w-100 container\">\n                                    <div class=\"card\" data-card-province=\"todas-las-provincias\">\n                        <a href=\"#\" class=\"card-header d-flex align-items-center justify-content-between\"\n                           id=\"heading_block_602c0e68f4206\" data-toggle=\"collapse\"\n                           data-target=\"#collapse_block_602c0e68f4206\"\n                           aria-expanded=\"true\" aria-controls=\"collapse_block_602c0e68f4206\">\n                            <div class=\"oferta_card_title d-flex align-items-center justify-content-between w-100\">\n                                <p style=\"margin-bottom: 0;\">Repartidor aut\u00f3nomo con veh\u00edculo propio<\/p>\n                                <p style=\"margin-bottom: 0;padding-right: 20px;\">Todas las provincias<\/p>\n                            <\/div>\n                            <svg xmlns=\"http:\/\/www.w3.org\/2000\/svg\" width=\"11.525\" height=\"6.87\"\n                                 viewBox=\"0 0 11.525 6.87\">\n                                <path id=\"Icon_ionic-ios-arrow-down\" data-name=\"Icon ionic-ios-arrow-down\"\n                                      d=\"M11.952,16.046,16.31,11.5a.8.8,0,0,1,1.163,0,.892.892,0,0,1,0,1.216l-4.938,5.152a.8.8,0,0,1-1.136.025L6.428,12.719a.89.89,0,0,1,0-1.216.8.8,0,0,1,1.163,0Z\"\n                                      transform=\"translate(-6.188 -11.246)\"\/>\n                            <\/svg>\n                        <\/a>\n                        <div id=\"collapse_block_602c0e68f4206\"\n                             class=\"collapse show\" aria-labelledby=\"heading_block_602c0e68f4206\"\n                             data-parent=\"#ofertaempleo-accordion-transporte\">\n                            <div class=\"card-body ofertaempleo_content container-fluid\">\n                                                                    <p class=\"title-requisitos\">Exig\u00eancias\n<\/p>\n                                    <div class=\"ofertaempleo_grupo1\">\n                                                                                    <p class=\"bold_mv\">Estudos m\u00ednimos:<\/p>\n                                            <p>ESO<\/p>\n                                                                                                                            <p class=\"bold_mv\">Experi\u00eancia m\u00ednima:<\/p>\n                                            <p>1 a\u00f1o<\/p>\n                                                                                                                            <p class=\"bold_mv\">Residente essencial em                                                :<\/p><p>Cualquier provincia (especificar en la solicitud)<\/p>\n                                                                                                                            <p class=\"bold_mv\">Conhecimento necess\u00e1rio                                                 :<\/p>\n                                            <p>Manejo de PDA<\/p>\n                                                                                                                            <p class=\"bold_mv\">Tipo de contrato:<\/p>\n                                            <p>Aut\u00f3nomo, Jornada completa.<\/p>\n                                                                            <\/div>\n                                                                                                    <div class=\"ofertaempleo_grupo2\">\n                                        <p class=\"bold_mv\">Exig\u00eancias m\u00ednimas:<\/p>\n                                        <p><p>Repartidor de paqueter\u00eda y pallets con veh\u00edculo propio para provincias de la oferta.<\/p>\n<p>&#8211; Estar dado de alta en el r\u00e9gimen de aut\u00f3nomo o tener la predisposici\u00f3n de hacerlo.<br \/>\n&#8211; Estar en posesi\u00f3n de furgoneta o carrozado.<br \/>\n&#8211; Carnet de conducir B.<br \/>\n&#8211; Persona din\u00e1mica con gran capacidad de organizaci\u00f3n y de gesti\u00f3n del cambio.<br \/>\n&#8211; Habilidades sociales y orientaci\u00f3n al cliente.<br \/>\n&#8211; Persona din\u00e1mica, \u00e1gil y con alto nivel de responsabilidad y proactividad.<br \/>\n&#8211; Orientado a la consecuci\u00f3n de objetivos y a la mejora continua.<br \/>\n&#8211; Ser capaz de seguir los procedimientos y pautas establecidas por la empresa.<br \/>\n&#8211; Tarjeta de transportes y toda la documentaci\u00f3n en regla.<\/p>\n<\/p>\n                                    <\/div>\n                                                                                                    <div class=\"ofertaempleo_grupo3\">\n                                        <p class=\"bold_mv\">Exig\u00eancias desejadas:<\/p>\n                                        <p><p>Buscamos:<br \/>\nFurgonetas tama\u00f1o m\u00ednimo L3 (preferiblemente con plataforma y zona de carga isot\u00e9rmica)<br \/>\nCamiones r\u00edgidos (con carga m\u00ednima de 3.500 kg \u00fatiles, preferiblemente con plataforma y caja isot\u00e9rmica)<\/p>\n<\/p>\n                                    <\/div>\n                                                                                                    <p class=\"title-requisitos\">Descri\u00e7\u00e3o<\/p>\n                                    <div class=\"ofertaempleo_grupo4\">\n                                        <p>Redur es una Compa\u00f1\u00eda de Servicios de Transporte y Log\u00edstica Integral que opera a nivel Nacional e Internacional, con una innovadora Filosof\u00eda de Gesti\u00f3n basada en el Compromomiso, la Calidad, las Personas, el Medio Ambiente y la Sociedad.<\/p>\n<p>Nuestro principal objetivo, ofrece un servicio excelente adaptado a las caracter\u00edsticas y necesidades de cada uno de nuestro clientes internos y externos.<\/p>\n<p>Buen ambiente laboral, participativo y comunicativo.<\/p>\n<p>Orientado a resultados.<\/p>\n<p>Empresas que forman parte del Grupo REDUR:<\/p>\n<p>&#8211; Lozano Transportes S.A.U. se dedica al Transporte de Mercancias por Carretera.<br \/>\n&#8211; REDUR S.A. es la marca comercial y la empresa que da soporte t\u00e9cnico y de staff al resto del grupo.<br \/>\n&#8211; REDUR Log\u00edstica S.L. Tiene como objeto la Log\u00edstica Integral.<\/p>\n<p>Presencia Peninsular, Islas (Baleares y Canarias) y en Europa a trav\u00e9s de colaboradores.<\/p>\n<p>M\u00e1s de 130 millones de EUR de facturaci\u00f3n.<\/p>\n<p>Tenemos el compromiso de mantener y desarrollar un entorno de trabajo en el que se respeten y valoren los principios de Diversidad e Igualdad, y se promueva la igualdad de oportunidades entre mujeres y hombre, sin discriminar directa o indirectamente por raz\u00f3n de edad, g\u00e9nero, o capacidades diferentes.                <\/p>\n                                    <\/div>\n                                                                                                    <div class=\"ofertaempleo_grupo5\">\n                                                                                    <p class=\"bold_mv\">Distrito:<\/p>\n                                            <p>Todas las provincias<\/p>\n                                                                                                                            <p class=\"bold_mv\">Categoria\n:<\/p>\n                                            <p>Conductor Aut\u00f3nomo<\/p>\n                                                                                                                            <p class=\"bold_mv\">Departamento:<\/p>\n                                            <p>Tr\u00e1fico<\/p>\n                                                                                                                            <p class=\"bold_mv\">N\u00famero de vagas:<\/p>\n                                            <p>7<\/p>\n                                                                                                                            <p class=\"bold_mv\">Sal\u00e1rio:<\/p>\n                                            <p>Var\u00eda en funci\u00f3n al tipo de veh\u00edculo<\/p>\n                                                                                                                            <p class=\"bold_mv\">Benef\u00edcios sociais:<\/p>\n                                            <p>Trabajo estable y oportunidad de tener el respaldo de una gran empresa.<\/p>\n                                                                            <\/div>\n                                                                <div class=\"d-flex justify-content-start justify-content-sm-start justify-content-md-end\"\n                                     style=\"margin-bottom: 2rem;\">\n                                                                            <a class=\"btn\"\n                                           href=\"\/trabaja-con-nosotros\">Inscrever-se na oferta\n<\/a>\n                                                                    <\/div>\n                            <\/div>\n                        <\/div>\n                    <\/div>\n                                <\/div>\n            \n<\/section>    <section id=\"card-link-block_601a89138e533\" class=\"block-card-link\" style=\"background-color: #FFFFFF\">\n        <div class=\"content-block container single-card-2 p-sm-0\">\n            <div class=\"card-data-principal\">\n                 \n                                    <div class=\"block-card-link-title\" data-aos=\"fade-up\"><p>Mais informa\u00e7\u00e3o da <strong>Redur<\/strong><\/p>\n<\/div>\n                 \n            <\/div>\n            <div class=\"card-link-cards w-100 m-auto row d-flex justify-content-sm-center justify-content-md-between\">\n                                        <div class=\"single-card\" data-aos=\"fade-up\" data-aos-delay=\"300\"> \n                             <a class=\"card-link-url\" href=\"https:\/\/redur.es\/pt-pt\/historia\/\">  \n                                <div class=\"first-part\">\n                                                                    <div class=\"block-card-link-icon\">\n                                        <img decoding=\"async\" src=\"https:\/\/redur.es\/wp-content\/uploads\/2021\/02\/empresa.svg\">                                    <\/div>\n                                                                                                    <div class=\"card-link-descr\">A nossa empresa<\/div> \n                                 \n                                <\/div>\n                             <\/a>  \n                        <\/div> \n                                        <div class=\"single-card\" data-aos=\"fade-up\" data-aos-delay=\"300\"> \n                             <a class=\"card-link-url\" href=\"https:\/\/redur.es\/pt-pt\/missao-e-valores\/\">  \n                                <div class=\"first-part\">\n                                                                    <div class=\"block-card-link-icon\">\n                                        <img decoding=\"async\" src=\"https:\/\/redur.es\/wp-content\/uploads\/2021\/02\/valores.svg\">                                    <\/div>\n                                                                                                    <div class=\"card-link-descr\">Os nossos valores<\/div> \n                                 \n                                <\/div>\n                             <\/a>  \n                        <\/div> \n                                        <div class=\"single-card\" data-aos=\"fade-up\" data-aos-delay=\"300\"> \n                             <a class=\"card-link-url\" href=\"https:\/\/redur.es\/pt-pt\/a-redur-em-numeros\/\">  \n                                <div class=\"first-part\">\n                                                                    <div class=\"block-card-link-icon\">\n                                        <img decoding=\"async\" src=\"https:\/\/redur.es\/wp-content\/uploads\/2021\/02\/cifras.svg\">                                    <\/div>\n                                                                                                    <div class=\"card-link-descr\">Os n\u00fameros s\u00e3o a nossa garantia<\/div> \n                                 \n                                <\/div>\n                             <\/a>  \n                        <\/div> \n                                        <div class=\"single-card\" data-aos=\"fade-up\" data-aos-delay=\"300\"> \n                             <a class=\"card-link-url\" href=\"https:\/\/redur.es\/pt-pt\/servicos\/\">  \n                                <div class=\"first-part\">\n                                                                    <div class=\"block-card-link-icon\">\n                                        <img decoding=\"async\" src=\"https:\/\/redur.es\/wp-content\/uploads\/2021\/02\/servicios.svg\">                                    <\/div>\n                                                                                                    <div class=\"card-link-descr\">Os nossos servi\u00e7os<\/div> \n                                 \n                                <\/div>\n                             <\/a>  \n                        <\/div> \n                                        <div class=\"single-card\" data-aos=\"fade-up\" data-aos-delay=\"300\"> \n                             <a class=\"card-link-url\" href=\"https:\/\/redur.es\/pt-pt\/delegacoes\/\">  \n                                <div class=\"first-part\">\n                                                                    <div class=\"block-card-link-icon\">\n                                        <img decoding=\"async\" src=\"https:\/\/redur.es\/wp-content\/uploads\/2021\/02\/delegaciones-1.svg\">                                    <\/div>\n                                                                                                    <div class=\"card-link-descr\">Rede de delega\u00e7\u00f5es<\/div> \n                                 \n                                <\/div>\n                             <\/a>  \n                        <\/div> \n                                        <div class=\"single-card\" data-aos=\"fade-up\" data-aos-delay=\"300\"> \n                             <a class=\"card-link-url\" href=\"https:\/\/redur.es\/pt-pt\/o-nosso-rsc\/\">  \n                                <div class=\"first-part\">\n                                                                    <div class=\"block-card-link-icon\">\n                                        <img decoding=\"async\" src=\"https:\/\/redur.es\/wp-content\/uploads\/2021\/02\/compromiso.svg\">                                    <\/div>\n                                                                                                    <div class=\"card-link-descr\">Compromisso e projetos<\/div> \n                                 \n                                <\/div>\n                             <\/a>  \n                        <\/div> \n                            <\/div> \n        <\/div>\n    <\/section>\n\n\n<p><\/p>\n","protected":false},"excerpt":{"rendered":"","protected":false},"author":1,"featured_media":0,"parent":0,"menu_order":0,"comment_status":"closed","ping_status":"closed","template":"","meta":{"_acf_changed":false,"footnotes":""},"class_list":["post-5267","page","type-page","status-publish","hentry"],"acf":[],"yoast_head":"<!-- This site is optimized with the Yoast SEO plugin v23.6 - https:\/\/yoast.com\/wordpress\/plugins\/seo\/ -->\n<title>Ofertas de emprego - DISTRIBUIDORES | REDUR<\/title>\n<meta name=\"robots\" content=\"index, follow, max-snippet:-1, max-image-preview:large, max-video-preview:-1\" \/>\n<link rel=\"canonical\" href=\"https:\/\/redur.es\/pt-pt\/ofertas-de-emprego-distribuidores\/\" \/>\n<meta property=\"og:locale\" content=\"pt_PT\" \/>\n<meta property=\"og:type\" content=\"article\" \/>\n<meta property=\"og:title\" content=\"Ofertas de emprego - DISTRIBUIDORES | REDUR\" \/>\n<meta property=\"og:url\" content=\"https:\/\/redur.es\/pt-pt\/ofertas-de-emprego-distribuidores\/\" \/>\n<meta property=\"og:site_name\" content=\"REDUR\" \/>\n<meta property=\"article:modified_time\" content=\"2021-06-11T08:49:24+00:00\" \/>\n<meta name=\"twitter:card\" content=\"summary_large_image\" \/>\n<script type=\"application\/ld+json\" class=\"yoast-schema-graph\">{\"@context\":\"https:\/\/schema.org\",\"@graph\":[{\"@type\":\"WebPage\",\"@id\":\"https:\/\/redur.es\/pt-pt\/ofertas-de-emprego-distribuidores\/\",\"url\":\"https:\/\/redur.es\/pt-pt\/ofertas-de-emprego-distribuidores\/\",\"name\":\"Ofertas de emprego - DISTRIBUIDORES | REDUR\",\"isPartOf\":{\"@id\":\"https:\/\/redur.es\/pt-pt\/#website\"},\"datePublished\":\"2021-06-04T08:30:54+00:00\",\"dateModified\":\"2021-06-11T08:49:24+00:00\",\"breadcrumb\":{\"@id\":\"https:\/\/redur.es\/pt-pt\/ofertas-de-emprego-distribuidores\/#breadcrumb\"},\"inLanguage\":\"pt-PT\",\"potentialAction\":[{\"@type\":\"ReadAction\",\"target\":[\"https:\/\/redur.es\/pt-pt\/ofertas-de-emprego-distribuidores\/\"]}]},{\"@type\":\"BreadcrumbList\",\"@id\":\"https:\/\/redur.es\/pt-pt\/ofertas-de-emprego-distribuidores\/#breadcrumb\",\"itemListElement\":[{\"@type\":\"ListItem\",\"position\":1,\"name\":\"Portada\",\"item\":\"https:\/\/redur.es\/pt-pt\/\"},{\"@type\":\"ListItem\",\"position\":2,\"name\":\"Ofertas de emprego &#8211; DISTRIBUIDORES\"}]},{\"@type\":\"WebSite\",\"@id\":\"https:\/\/redur.es\/pt-pt\/#website\",\"url\":\"https:\/\/redur.es\/pt-pt\/\",\"name\":\"REDUR\",\"description\":\"Log\u00edstica e Transporte\",\"publisher\":{\"@id\":\"https:\/\/redur.es\/pt-pt\/#organization\"},\"potentialAction\":[{\"@type\":\"SearchAction\",\"target\":{\"@type\":\"EntryPoint\",\"urlTemplate\":\"https:\/\/redur.es\/pt-pt\/?s={search_term_string}\"},\"query-input\":{\"@type\":\"PropertyValueSpecification\",\"valueRequired\":true,\"valueName\":\"search_term_string\"}}],\"inLanguage\":\"pt-PT\"},{\"@type\":\"Organization\",\"@id\":\"https:\/\/redur.es\/pt-pt\/#organization\",\"name\":\"REDUR\",\"url\":\"https:\/\/redur.es\/pt-pt\/\",\"logo\":{\"@type\":\"ImageObject\",\"inLanguage\":\"pt-PT\",\"@id\":\"https:\/\/redur.es\/pt-pt\/#\/schema\/logo\/image\/\",\"url\":\"\",\"contentUrl\":\"\",\"caption\":\"REDUR\"},\"image\":{\"@id\":\"https:\/\/redur.es\/pt-pt\/#\/schema\/logo\/image\/\"}}]}<\/script>\n<!-- \/ Yoast SEO plugin. -->","yoast_head_json":{"title":"Ofertas de emprego - DISTRIBUIDORES | REDUR","robots":{"index":"index","follow":"follow","max-snippet":"max-snippet:-1","max-image-preview":"max-image-preview:large","max-video-preview":"max-video-preview:-1"},"canonical":"https:\/\/redur.es\/pt-pt\/ofertas-de-emprego-distribuidores\/","og_locale":"pt_PT","og_type":"article","og_title":"Ofertas de emprego - DISTRIBUIDORES | REDUR","og_url":"https:\/\/redur.es\/pt-pt\/ofertas-de-emprego-distribuidores\/","og_site_name":"REDUR","article_modified_time":"2021-06-11T08:49:24+00:00","twitter_card":"summary_large_image","schema":{"@context":"https:\/\/schema.org","@graph":[{"@type":"WebPage","@id":"https:\/\/redur.es\/pt-pt\/ofertas-de-emprego-distribuidores\/","url":"https:\/\/redur.es\/pt-pt\/ofertas-de-emprego-distribuidores\/","name":"Ofertas de emprego - DISTRIBUIDORES | REDUR","isPartOf":{"@id":"https:\/\/redur.es\/pt-pt\/#website"},"datePublished":"2021-06-04T08:30:54+00:00","dateModified":"2021-06-11T08:49:24+00:00","breadcrumb":{"@id":"https:\/\/redur.es\/pt-pt\/ofertas-de-emprego-distribuidores\/#breadcrumb"},"inLanguage":"pt-PT","potentialAction":[{"@type":"ReadAction","target":["https:\/\/redur.es\/pt-pt\/ofertas-de-emprego-distribuidores\/"]}]},{"@type":"BreadcrumbList","@id":"https:\/\/redur.es\/pt-pt\/ofertas-de-emprego-distribuidores\/#breadcrumb","itemListElement":[{"@type":"ListItem","position":1,"name":"Portada","item":"https:\/\/redur.es\/pt-pt\/"},{"@type":"ListItem","position":2,"name":"Ofertas de emprego &#8211; DISTRIBUIDORES"}]},{"@type":"WebSite","@id":"https:\/\/redur.es\/pt-pt\/#website","url":"https:\/\/redur.es\/pt-pt\/","name":"REDUR","description":"Log\u00edstica e Transporte","publisher":{"@id":"https:\/\/redur.es\/pt-pt\/#organization"},"potentialAction":[{"@type":"SearchAction","target":{"@type":"EntryPoint","urlTemplate":"https:\/\/redur.es\/pt-pt\/?s={search_term_string}"},"query-input":{"@type":"PropertyValueSpecification","valueRequired":true,"valueName":"search_term_string"}}],"inLanguage":"pt-PT"},{"@type":"Organization","@id":"https:\/\/redur.es\/pt-pt\/#organization","name":"REDUR","url":"https:\/\/redur.es\/pt-pt\/","logo":{"@type":"ImageObject","inLanguage":"pt-PT","@id":"https:\/\/redur.es\/pt-pt\/#\/schema\/logo\/image\/","url":"","contentUrl":"","caption":"REDUR"},"image":{"@id":"https:\/\/redur.es\/pt-pt\/#\/schema\/logo\/image\/"}}]}},"_links":{"self":[{"href":"https:\/\/redur.es\/pt-pt\/wp-json\/wp\/v2\/pages\/5267","targetHints":{"allow":["GET"]}}],"collection":[{"href":"https:\/\/redur.es\/pt-pt\/wp-json\/wp\/v2\/pages"}],"about":[{"href":"https:\/\/redur.es\/pt-pt\/wp-json\/wp\/v2\/types\/page"}],"author":[{"embeddable":true,"href":"https:\/\/redur.es\/pt-pt\/wp-json\/wp\/v2\/users\/1"}],"replies":[{"embeddable":true,"href":"https:\/\/redur.es\/pt-pt\/wp-json\/wp\/v2\/comments?post=5267"}],"version-history":[{"count":3,"href":"https:\/\/redur.es\/pt-pt\/wp-json\/wp\/v2\/pages\/5267\/revisions"}],"predecessor-version":[{"id":5800,"href":"https:\/\/redur.es\/pt-pt\/wp-json\/wp\/v2\/pages\/5267\/revisions\/5800"}],"wp:attachment":[{"href":"https:\/\/redur.es\/pt-pt\/wp-json\/wp\/v2\/media?parent=5267"}],"curies":[{"name":"wp","href":"https:\/\/api.w.org\/{rel}","templated":true}]}}