{"id":5269,"date":"2021-06-04T08:51:24","date_gmt":"2021-06-04T08:51:24","guid":{"rendered":"https:\/\/redur.es\/politica-de-privacidade\/"},"modified":"2025-10-21T13:00:06","modified_gmt":"2025-10-21T13:00:06","slug":"politica-de-privacidade","status":"publish","type":"page","link":"https:\/\/redur.es\/pt-pt\/politica-de-privacidade\/","title":{"rendered":"Pol\u00edtica de Privacidade"},"content":{"rendered":"<section id=\"header-block_3b31614f74f12b1e4397b0aec8c3cfa0\" class=\"block-header bg_svg_0 height_1 dark_mode\" style=\"min-height: 1vh;background-color:  ;\">\n\t<div class=\"img-header bg d-flex flex-column justify-content-end justify-content-md-center \" style=\"min-height: 1vh; background-image: url('');\" data-default=\"\" data-mobile=\"\" >\n        <div class=\"container d-flex flex-column justify-content-between \">\n            <div class=\"display-2\">\n                            \t                    <h1>Objeto<\/h1>\n                            <\/div>\n               \n            \n        <\/div>\n    <\/div>\n        \n            <script type=\"text\/javascript\">\n            var element = document.getElementById(\"masthead\");\n            element.classList.add(\"dark-style\");\n        <\/script>\n    <\/section>\n<h2 class=\"wp-block-heading\">Pol\u00edtica de Privacidade<\/h2>\n\n<h3 class=\"wp-block-heading\">1. RESPONSABLE DEL SITIO WEB<\/h3>\n\n<p>Este sitio web es responsabilidad de REDUR S.L. con NIF A79131405 empresa domiciliada en Crta. Algete &#8211; Madrid Km 2,500 28110 Algete, Madrid, Espa\u00f1a, entidad inscrita en el Registro Mercantil de MADRID T-27131 FOLIO 116 SECCION 8 HOJA M68173 (en adelante, REDUR)<\/p>\n\n<h3 class=\"wp-block-heading\">2. MOTIVACI\u00d3N<\/h3>\n\n<p>La entidad respeta los derechos de privacidad de sus Usuarios y reconoce la importancia de la protecci\u00f3n de los datos personales que la entidad recoge sobre sus Usuarios.<\/p>\n\n<p>El objetivo de este documento es informar a los Usuarios del sitio web sobre los tratamientos de datos personales que se realizan en este sitio web.<\/p>\n\n<h3 class=\"wp-block-heading\">3. DATOS PERSONALES TRATADOS POR EL MERO ACCESO AL SITIO WEB<\/h3>\n\n<h4 class=\"wp-block-heading\">3.1. Qu\u00e9 datos se tratan<\/h4>\n\n<p>Por el mero acceso al sitio web, la entidad recoge la direcci\u00f3n IP y otros datos relativos a la conexi\u00f3n y su origen.<\/p>\n\n<p>La direcci\u00f3n IP es un c\u00f3digo que identifica la conexi\u00f3n a internet del Usuario en un momento concreto.<\/p>\n\n<p>Solo el proveedor de acceso a internet del Usuario puede identificar al abonado que ten\u00eda asignada una direcci\u00f3n IP en un momento concreto.<\/p>\n\n<p>Por la propia naturaleza del servidor que da soporte al sitio web, la direcci\u00f3n IP del Usuario queda registrada autom\u00e1ticamente junto con la fecha y la hora del acceso.<\/p>\n\n<h4 class=\"wp-block-heading\">3.2. Para qu\u00e9 se utilizan estos datos<\/h4>\n\n<p>Estos datos se utilizan \u00fanicamente para gestionar el uso normal del sitio web y realizar an\u00e1lisis estad\u00edsticos sobre el uso del sitio web.<\/p>\n\n<h4 class=\"wp-block-heading\">3.3. Destinatarios de los datos<\/h4>\n\n<p>La entidad no facilita esta informaci\u00f3n a ning\u00fan tercero, salvo que est\u00e9 obligado a ello por la legislaci\u00f3n vigente (por ejemplo, una solicitud oficial en el marco de una investigaci\u00f3n policial).<\/p>\n\n<h4 class=\"wp-block-heading\">3.4. Tratamiento l\u00edcito<\/h4>\n\n<p>La base jur\u00eddica que legitima el tratamiento de la Direcci\u00f3n IP es la necesidad tecnol\u00f3gica para posibilitar la prestaci\u00f3n del sitio web.<\/p>\n\n<h4 class=\"wp-block-heading\">3.5. Plazo de tratamiento de los datos<\/h4>\n\n<p>Las direcciones IP ser\u00e1n conservadas durante un plazo de 1 mes.<\/p>\n\n<h3 class=\"wp-block-heading\">4. QU\u00c9 DERECHOS TIENE EL USUARIO Y C\u00d3MO EJERCERLOS<\/h3>\n\n<p>La normativa de protecci\u00f3n de datos garantiza a los Usuarios los siguientes derechos:<\/p>\n\n<ul class=\"wp-block-list\">\n<li><strong>Acceso<\/strong>: Permite al Usuario conocer qu\u00e9 informaci\u00f3n se tiene, de d\u00f3nde se ha obtenido, a qui\u00e9n se ha facilitado y con qu\u00e9 usos se ha tratado.<\/li>\n\n\n\n<li><strong>Rectificaci\u00f3n<\/strong>: Permite al Usuario rectificar alg\u00fan dato err\u00f3neo o desactualizado.<\/li>\n\n\n\n<li><strong>Supresi\u00f3n<\/strong>: Permite al Usuario conseguir que se dejen de tratar sus datos.<\/li>\n\n\n\n<li><strong>Oposici\u00f3n<\/strong>: Permite al Usuario conseguir que se dejen de utilizar sus datos con una finalidad concreta.<\/li>\n\n\n\n<li><strong>Limitaci\u00f3n<\/strong>: Permite al Usuario restringir el tratamiento de sus datos, pero de forma que sean conservados para alguna finalidad posterior.<\/li>\n\n\n\n<li><strong>Portabilidad<\/strong>: Permite al Usuario obtener una copia de sus datos en formato electr\u00f3nico y, en determinadas circunstancias, solicitar que sean comunicados a otro prestador de servicios. S\u00f3lo es aplicable para tratamientos informatizados realizados con el consentimiento del Usuario o para el cumplimiento de un contrato.<\/li>\n\n\n\n<li><strong>Revocaci\u00f3n del consentimiento<\/strong>: Permite al Usuario retirar el consentimiento que, en su caso, haya prestado para el tratamiento de sus datos.<\/li>\n<\/ul>\n\n<p>Estos derechos requieren la posibilidad de identificar al Usuario que los solicita y vincular su identidad con los datos tratados por la entidad.<\/p>\n\n<p>Sin embargo, la entidad no puede establecer este v\u00ednculo con ninguno de los datos que trata por el mero acceso al sitio web, salvo que el Usuario pudiese aportar cierta documentaci\u00f3n que permita su identificaci\u00f3n (por ejemplo, un certificado de su proveedor de acceso a Internet que indique la direcci\u00f3n IP que el Usuario ten\u00eda asignada en una fecha y una hora concretas).<\/p>\n\n<p>Se informa a los Usuarios de que pueden ejercitar los mencionados derechos ante la entidad, as\u00ed como revocar su consentimiento para los tratamientos que lo hubiera prestado, por correo postal a la direcci\u00f3n arriba mencionada o por correo electr\u00f3nico a <a href=\"mailto:LOPD@redur.es\">LOPD@redur.es<\/a>.<\/p>\n\n<p>Si los Usuarios desean m\u00e1s informaci\u00f3n al respecto o consideran vulnerado su derecho a la protecci\u00f3n de datos, podr\u00e1n ponerse en contacto con la Agencia Espa\u00f1ola de Protecci\u00f3n de Datos (<a href=\"http:\/\/www.aepd.es\">www.aepd.es<\/a>).<\/p>\n\n<h3 class=\"wp-block-heading\">5. OTROS TRATAMIENTOS DE DATOS PERSONALES<\/h3>\n\n<h4 class=\"wp-block-heading\">5.1. Cookies y similares<\/h4>\n\n<p>La entidad utiliza cookies y otros mecanismos similares de almacenamiento y recuperaci\u00f3n de datos en equipos terminales (en adelante, cookies).<\/p>\n\n<p>Las cookies son ficheros que se descargan al navegador del Usuario y que pueden ser le\u00eddos posteriormente por la entidad. De esta forma, las cookies permiten diversas funcionalidades, como por ejemplo, reconocer a un Usuario que ya ha accedido al sitio web anteriormente y poder hacer an\u00e1lisis sobre el uso del servicio web que permitan mejorarlo.<\/p>\n\n<p>No obstante, no es posible averiguar la identidad del Usuario a partir de las cookies que utiliza la entidad, salvo que el Usuario proporcione informaci\u00f3n adicional a trav\u00e9s de otros medios y estos pudiesen vincularse con las cookies que tiene descargadas.<\/p>\n\n<p>Para m\u00e1s informaci\u00f3n, consulte la Pol\u00edtica de Cookies.<\/p>\n\n<h4 class=\"wp-block-heading\">5.2. Formulario de contacto<\/h4>\n\n<p>REDUR tratar\u00e1 los datos facilitados a trav\u00e9s del formulario de contacto, con la finalidad de atender la solicitud de contacto.<\/p>\n\n<ul class=\"wp-block-list\">\n<li>Base jur\u00eddica: La base jur\u00eddica que legitima el tratamiento, es el consentimiento del usuario manifestado en el momento de enviar su solicitud de contacto.<\/li>\n\n\n\n<li>Plazo de conservaci\u00f3n: Los datos ser\u00e1n tratados durante el tiempo necesario para resolver la solicitud de contacto del usuario. Posteriormente ser\u00e1n bloqueados y conservados durante 3 a\u00f1os para la atenci\u00f3n de las posibles responsabilidades derivadas del tratamiento.<\/li>\n<\/ul>\n\n<p>Podr\u00e1 retirar el consentimiento prestado y ejercer sus derechos en cualquier momento, tal y como se indica en el apartado de derechos de los interesados de la presente Pol\u00edtica de Privacidad.<\/p>\n\n<p><strong>5.2.1. Ofertas de empleo<\/strong><\/p>\n\n<p>REDUR tratar\u00e1 los datos facilitados en el apartado habilitado para inscribirse en las ofertas de empleo publicadas, con la finalidad de gestionar su CV y en su caso contactar con usted para suscribir el correspondiente contrato laboral.<\/p>\n\n<ul class=\"wp-block-list\">\n<li>Base jur\u00eddica: La base jur\u00eddica que legitima el tratamiento, es la aplicaci\u00f3n de medidas precontractuales.<\/li>\n\n\n\n<li>Plazo de conservaci\u00f3n: Los datos ser\u00e1n conservados durante el tiempo necesario para cumplir con la finalidad prevista y posteriormente durante el tiempo necesario para atender las posibles responsabilidades legales.<\/li>\n<\/ul>\n\n<p>Podr\u00e1 ejercer sus derechos en cualquier momento, tal y como se indica en el apartado de derechos de los interesados de la presente Pol\u00edtica de Privacidad.<\/p>\n\n<p><strong>5.2.2. Suscripci\u00f3n a la Newsletter y env\u00edo de comunicaciones comerciales<\/strong><\/p>\n\n<p>REDUR tratar\u00e1 los datos facilitados con la finalidad de enviarle la Newsletter y as\u00ed mantenerle informado sobre los productos, servicios, eventos o novedades de REDUR.<\/p>\n\n<ul class=\"wp-block-list\">\n<li>Base jur\u00eddica: La base jur\u00eddica que legitima este tratamiento es:\n<ul class=\"wp-block-list\">\n<li>El inter\u00e9s legitimo de REDUR derivado de la existencia de una relaci\u00f3n contractual o similar previa y siempre que el servicio, producto evento o novedad sea similar a la previamente contratada en aplicaci\u00f3n de lo dispuesto en el art\u00edculo 21.2 de la LSSI.<\/li>\n\n\n\n<li>El consentimiento del usuario al suscribirse a la Newsletter otorgado a trav\u00e9s de la casilla habilitada a tal efecto.<\/li>\n<\/ul>\n<\/li>\n\n\n\n<li>Plazo de conservaci\u00f3n: Los datos ser\u00e1n tratados de forma indefinida hasta que revoque su consentimiento o solicite la supresi\u00f3n de sus datos.<\/li>\n<\/ul>\n\n<p>Podr\u00e1 obtener m\u00e1s informaci\u00f3n sobre las comunicaciones comerciales en el apartado de comunicaciones de la presente Pol\u00edtica de Privacidad.<\/p>\n\n<p>Podr\u00e1 retirar el consentimiento prestado y ejercer sus derechos en cualquier momento, tal y como se indica en el apartado de derechos de los interesados de la presente Pol\u00edtica de Privacidad.<\/p>\n\n<h3 class=\"wp-block-heading\">6. ENV\u00cdO DE COMUNICACIONES COMERCIALES<\/h3>\n\n<p>REDUR informa al usuario, de que las comunicaciones comerciales ser\u00e1n remitidas mediante la herramienta [Mailchimp, gestionada por la empresa The Rocket Science Group LLC] cuyos servidores est\u00e1n ubicados en Estados Unidos. Por lo tanto, sus datos pueden ser transferidos fuera del Espacio Econ\u00f3mico Europeo. No obstante, le informamos que estas entidades ofrecen garant\u00edas adecuadas de protecci\u00f3n de datos mediante su adhesi\u00f3n al Marco de Privacidad de Datos UE-EEUU que declara un nivel adecuado de protecci\u00f3n por la Comisi\u00f3n Europea o mediante la firma de las Cl\u00e1usulas Contractuales Tipo aprobadas por la Comisi\u00f3n Europea.<\/p>\n\n<p>La herramienta utilizada para el env\u00edo de las comunicaciones comerciales por correo electr\u00f3nico incluir\u00e1 enlaces e im\u00e1genes diminutas y transparentes que estar\u00e1n asociadas a su direcci\u00f3n de correo electr\u00f3nico. De esta forma, cuando se descarga una de estas im\u00e1genes o se accede a los enlaces contenidos en el correo electr\u00f3nico, REDUR puede saber a efectos estad\u00edsticos si el correo se ha abierto o si se ha accedido a alg\u00fan enlace desde dicho correo. Podr\u00e1 impedir estos usos configurando su gestor o programa de correo electr\u00f3nico para impedir la descarga automatizada de im\u00e1genes, as\u00ed como no accediendo a los enlaces incluidos en los correos electr\u00f3nicos que reciba.<\/p>\n\n<p>En cada comunicaci\u00f3n, el usuario podr\u00e1 oponerse a recibir este tipo de informaci\u00f3n a trav\u00e9s de los mecanismos espec\u00edficos para tramitar la baja, as\u00ed como solicitar en su caso su derecho de revocaci\u00f3n de consentimiento, oposici\u00f3n o supresi\u00f3n.<\/p>\n\n<h3 class=\"wp-block-heading\">7. M\u00c1S INFORMACI\u00d3N<\/h3>\n\n<p>Si el usuario tiene alguna duda sobre la informaci\u00f3n que se recoge en nuestra Pol\u00edtica de Privacidad, puede enviar un mensaje de correo electr\u00f3nico a: <a href=\"mailto:LOPD@redur.es\">LOPD@redur.es<\/a>.<\/p>\n","protected":false},"excerpt":{"rendered":"<p>Pol\u00edtica de Privacidade 1. RESPONSABLE DEL SITIO WEB Este sitio web es responsabilidad de REDUR S.L. con NIF A79131405 empresa domiciliada en Crta. Algete &#8211; Madrid Km 2,500 28110 Algete, Madrid, Espa\u00f1a, entidad inscrita en el Registro Mercantil de MADRID T-27131 FOLIO 116 SECCION 8 HOJA M68173 (en adelante, REDUR) 2. MOTIVACI\u00d3N La entidad respeta [&hellip;]<\/p>\n","protected":false},"author":1,"featured_media":0,"parent":0,"menu_order":0,"comment_status":"closed","ping_status":"closed","template":"page-legal.php","meta":{"_acf_changed":false,"footnotes":""},"class_list":["post-5269","page","type-page","status-publish","hentry"],"acf":[],"yoast_head":"<!-- This site is optimized with the Yoast SEO plugin v23.6 - https:\/\/yoast.com\/wordpress\/plugins\/seo\/ -->\n<title>Pol\u00edtica de Privacidade | REDUR<\/title>\n<meta name=\"robots\" content=\"noindex, follow\" \/>\n<meta property=\"og:locale\" content=\"pt_PT\" \/>\n<meta property=\"og:type\" content=\"article\" \/>\n<meta property=\"og:title\" content=\"Pol\u00edtica de Privacidade | REDUR\" \/>\n<meta property=\"og:description\" content=\"Pol\u00edtica de Privacidade 1. RESPONSABLE DEL SITIO WEB Este sitio web es responsabilidad de REDUR S.L. con NIF A79131405 empresa domiciliada en Crta. Algete &#8211; Madrid Km 2,500 28110 Algete, Madrid, Espa\u00f1a, entidad inscrita en el Registro Mercantil de MADRID T-27131 FOLIO 116 SECCION 8 HOJA M68173 (en adelante, REDUR) 2. MOTIVACI\u00d3N La entidad respeta [&hellip;]\" \/>\n<meta property=\"og:url\" content=\"https:\/\/redur.es\/pt-pt\/politica-de-privacidade\/\" \/>\n<meta property=\"og:site_name\" content=\"REDUR\" \/>\n<meta property=\"article:modified_time\" content=\"2025-10-21T13:00:06+00:00\" \/>\n<meta name=\"twitter:card\" content=\"summary_large_image\" \/>\n<meta name=\"twitter:label1\" content=\"Tempo estimado de leitura\" \/>\n\t<meta name=\"twitter:data1\" content=\"8 minutos\" \/>\n<script type=\"application\/ld+json\" class=\"yoast-schema-graph\">{\"@context\":\"https:\/\/schema.org\",\"@graph\":[{\"@type\":\"WebPage\",\"@id\":\"https:\/\/redur.es\/pt-pt\/politica-de-privacidade\/\",\"url\":\"https:\/\/redur.es\/pt-pt\/politica-de-privacidade\/\",\"name\":\"Pol\u00edtica de Privacidade | REDUR\",\"isPartOf\":{\"@id\":\"https:\/\/redur.es\/pt-pt\/#website\"},\"datePublished\":\"2021-06-04T08:51:24+00:00\",\"dateModified\":\"2025-10-21T13:00:06+00:00\",\"breadcrumb\":{\"@id\":\"https:\/\/redur.es\/pt-pt\/politica-de-privacidade\/#breadcrumb\"},\"inLanguage\":\"pt-PT\",\"potentialAction\":[{\"@type\":\"ReadAction\",\"target\":[\"https:\/\/redur.es\/pt-pt\/politica-de-privacidade\/\"]}]},{\"@type\":\"BreadcrumbList\",\"@id\":\"https:\/\/redur.es\/pt-pt\/politica-de-privacidade\/#breadcrumb\",\"itemListElement\":[{\"@type\":\"ListItem\",\"position\":1,\"name\":\"Portada\",\"item\":\"https:\/\/redur.es\/pt-pt\/\"},{\"@type\":\"ListItem\",\"position\":2,\"name\":\"Pol\u00edtica de Privacidade\"}]},{\"@type\":\"WebSite\",\"@id\":\"https:\/\/redur.es\/pt-pt\/#website\",\"url\":\"https:\/\/redur.es\/pt-pt\/\",\"name\":\"REDUR\",\"description\":\"Log\u00edstica e Transporte\",\"publisher\":{\"@id\":\"https:\/\/redur.es\/pt-pt\/#organization\"},\"potentialAction\":[{\"@type\":\"SearchAction\",\"target\":{\"@type\":\"EntryPoint\",\"urlTemplate\":\"https:\/\/redur.es\/pt-pt\/?s={search_term_string}\"},\"query-input\":{\"@type\":\"PropertyValueSpecification\",\"valueRequired\":true,\"valueName\":\"search_term_string\"}}],\"inLanguage\":\"pt-PT\"},{\"@type\":\"Organization\",\"@id\":\"https:\/\/redur.es\/pt-pt\/#organization\",\"name\":\"REDUR\",\"url\":\"https:\/\/redur.es\/pt-pt\/\",\"logo\":{\"@type\":\"ImageObject\",\"inLanguage\":\"pt-PT\",\"@id\":\"https:\/\/redur.es\/pt-pt\/#\/schema\/logo\/image\/\",\"url\":\"\",\"contentUrl\":\"\",\"caption\":\"REDUR\"},\"image\":{\"@id\":\"https:\/\/redur.es\/pt-pt\/#\/schema\/logo\/image\/\"}}]}<\/script>\n<!-- \/ Yoast SEO plugin. -->","yoast_head_json":{"title":"Pol\u00edtica de Privacidade | REDUR","robots":{"index":"noindex","follow":"follow"},"og_locale":"pt_PT","og_type":"article","og_title":"Pol\u00edtica de Privacidade | REDUR","og_description":"Pol\u00edtica de Privacidade 1. RESPONSABLE DEL SITIO WEB Este sitio web es responsabilidad de REDUR S.L. con NIF A79131405 empresa domiciliada en Crta. Algete &#8211; Madrid Km 2,500 28110 Algete, Madrid, Espa\u00f1a, entidad inscrita en el Registro Mercantil de MADRID T-27131 FOLIO 116 SECCION 8 HOJA M68173 (en adelante, REDUR) 2. MOTIVACI\u00d3N La entidad respeta [&hellip;]","og_url":"https:\/\/redur.es\/pt-pt\/politica-de-privacidade\/","og_site_name":"REDUR","article_modified_time":"2025-10-21T13:00:06+00:00","twitter_card":"summary_large_image","twitter_misc":{"Tempo estimado de leitura":"8 minutos"},"schema":{"@context":"https:\/\/schema.org","@graph":[{"@type":"WebPage","@id":"https:\/\/redur.es\/pt-pt\/politica-de-privacidade\/","url":"https:\/\/redur.es\/pt-pt\/politica-de-privacidade\/","name":"Pol\u00edtica de Privacidade | REDUR","isPartOf":{"@id":"https:\/\/redur.es\/pt-pt\/#website"},"datePublished":"2021-06-04T08:51:24+00:00","dateModified":"2025-10-21T13:00:06+00:00","breadcrumb":{"@id":"https:\/\/redur.es\/pt-pt\/politica-de-privacidade\/#breadcrumb"},"inLanguage":"pt-PT","potentialAction":[{"@type":"ReadAction","target":["https:\/\/redur.es\/pt-pt\/politica-de-privacidade\/"]}]},{"@type":"BreadcrumbList","@id":"https:\/\/redur.es\/pt-pt\/politica-de-privacidade\/#breadcrumb","itemListElement":[{"@type":"ListItem","position":1,"name":"Portada","item":"https:\/\/redur.es\/pt-pt\/"},{"@type":"ListItem","position":2,"name":"Pol\u00edtica de Privacidade"}]},{"@type":"WebSite","@id":"https:\/\/redur.es\/pt-pt\/#website","url":"https:\/\/redur.es\/pt-pt\/","name":"REDUR","description":"Log\u00edstica e Transporte","publisher":{"@id":"https:\/\/redur.es\/pt-pt\/#organization"},"potentialAction":[{"@type":"SearchAction","target":{"@type":"EntryPoint","urlTemplate":"https:\/\/redur.es\/pt-pt\/?s={search_term_string}"},"query-input":{"@type":"PropertyValueSpecification","valueRequired":true,"valueName":"search_term_string"}}],"inLanguage":"pt-PT"},{"@type":"Organization","@id":"https:\/\/redur.es\/pt-pt\/#organization","name":"REDUR","url":"https:\/\/redur.es\/pt-pt\/","logo":{"@type":"ImageObject","inLanguage":"pt-PT","@id":"https:\/\/redur.es\/pt-pt\/#\/schema\/logo\/image\/","url":"","contentUrl":"","caption":"REDUR"},"image":{"@id":"https:\/\/redur.es\/pt-pt\/#\/schema\/logo\/image\/"}}]}},"_links":{"self":[{"href":"https:\/\/redur.es\/pt-pt\/wp-json\/wp\/v2\/pages\/5269","targetHints":{"allow":["GET"]}}],"collection":[{"href":"https:\/\/redur.es\/pt-pt\/wp-json\/wp\/v2\/pages"}],"about":[{"href":"https:\/\/redur.es\/pt-pt\/wp-json\/wp\/v2\/types\/page"}],"author":[{"embeddable":true,"href":"https:\/\/redur.es\/pt-pt\/wp-json\/wp\/v2\/users\/1"}],"replies":[{"embeddable":true,"href":"https:\/\/redur.es\/pt-pt\/wp-json\/wp\/v2\/comments?post=5269"}],"version-history":[{"count":7,"href":"https:\/\/redur.es\/pt-pt\/wp-json\/wp\/v2\/pages\/5269\/revisions"}],"predecessor-version":[{"id":8434,"href":"https:\/\/redur.es\/pt-pt\/wp-json\/wp\/v2\/pages\/5269\/revisions\/8434"}],"wp:attachment":[{"href":"https:\/\/redur.es\/pt-pt\/wp-json\/wp\/v2\/media?parent=5269"}],"curies":[{"name":"wp","href":"https:\/\/api.w.org\/{rel}","templated":true}]}}