{"id":5274,"date":"2021-06-04T09:37:55","date_gmt":"2021-06-04T09:37:55","guid":{"rendered":"https:\/\/redur.es\/a-redur-em-numeros\/"},"modified":"2021-06-11T14:05:45","modified_gmt":"2021-06-11T14:05:45","slug":"a-redur-em-numeros","status":"publish","type":"page","link":"https:\/\/redur.es\/pt-pt\/a-redur-em-numeros\/","title":{"rendered":"A Redur em n\u00fameros"},"content":{"rendered":"<section id=\"header-block_60072f02905bf\" class=\"block-header bg_svg_4 height_100 \" style=\"min-height: 100vh;background-color:  ;\">\n\t<div class=\"img-header bg d-flex flex-column justify-content-end justify-content-md-center \" style=\"min-height: 100vh; background-image: url('');\" data-default=\"\" data-mobile=\"\" >\n        <div class=\"container d-flex flex-column justify-content-between \">\n            <div class=\"display-2\">\n                            \t                    <h1>Paix\u00e3o e qualidade <br \/>\r\nao servi\u00e7o dos <br \/>\r\nnossos clientes<br \/>\r\n<\/h1>\n                            <\/div>\n                            <div class=\"text-desc \" data-aos=\"fade\">\n                    <p>Estamos ao servi\u00e7o das pessoas, para oferecer maior qualidade no nosso servi\u00e7o. Com paix\u00e3o e alma por aquilo que fazemos.<\/p>\n                                <\/div>\n               \n            \n        <\/div>\n    <\/div>\n                <svg id=\"background-header-4-1\" class=\"background-header\" xmlns=\"http:\/\/www.w3.org\/2000\/svg\" viewBox=\"0 0 1192.48 909.01\"><title>svg_4_1<\/title><path d=\"M1167.68,909,227.92,639.59a307.23,307.23,0,0,1-112-59,315.63,315.63,0,0,1-77.51-95.33C-1.83,409.61-10.8,322,13.15,238.42A333.6,333.6,0,0,1,101.23,91,323.37,323.37,0,0,1,245.16,9.86,308.9,308.9,0,0,1,407.91,12L748.3,109.63l-24.8,86.51L383.07,98.52A219,219,0,0,0,267.7,97c-80.2,20.69-144.57,84.38-168,166.24C63.73,388.55,132.39,518.57,252.72,553.08L1192.48,822.5Z\" style=\"fill: var(--color-green-secondary)\"\/><\/svg>\n            <svg id=\"background-header-4-2\" class=\"background-header\" xmlns=\"http:\/\/www.w3.org\/2000\/svg\" viewBox=\"0 0 323.94 647.89\"><title>svg_4_2<\/title><path d=\"M0,647.89v-90c129,0,233.94-104.95,233.94-233.95S129,90,0,90V0A323.1,323.1,0,0,1,229.06,94.88a322.85,322.85,0,0,1,69.41,103,324.92,324.92,0,0,1,0,252.21,322.85,322.85,0,0,1-69.41,103A323.1,323.1,0,0,1,0,647.89Z\" style=\"fill: var(--color-green-accent)\"\/><\/svg>\n            <style type=\"text\/css\">.main-navigation ul ul { border-color: var(--color-green-secondary); } .current-menu-parent::before, .main-navigation ul .current_page_item::before, .main-navigation ul li::before { background: var(--color-green-secondary); } .menu-item-has-children::after, body:not(.menu-is-open) .wpml-ls-legacy-dropdown a.wpml-ls-item-toggle::after {background-image: url(https:\/\/redur.es\/wp-content\/themes\/redur\/assets\/img\/arrow-down-white.svg);} <\/style>\n             \n    <\/section>    <section id=\"card-numbers-block_5ff73d73da076\" class=\"block-card-numbers\">\n        <div class=\"content-block container-fluid\">\n            <div class=\"card-data-principal\">\n                                    <div class=\"block-card-data-title\" data-aos=\"fade-up\"><h2>A Redur em n\u00fameros<\/h2>\n<\/div>\n                 \n                                    <div class=\"block-card-data-subtitle\" data-aos=\"fade-up\">A nossa empresa acumula ano ap\u00f3s ano crescimento de entregas em B2B.<\/div>\n                  \n            <\/div>\n            <div class=\"big-card d-flex flex-wrap\" data-aos=\"fade-up\" data-aos-delay=\"300\"> \n                                    <div class=\"element col-12 col-sm-12 col-md-6 col-lg-4\"> \n                        <div class=\"first-part\">\n                                                    <div class=\"block-card-data-icon\">\n                                <img decoding=\"async\" src=\"https:\/\/redur.es\/wp-content\/uploads\/2021\/02\/empleados.svg\" class=\"attachment-full size-full\" alt=\"\" \/>                            <\/div>\n                                                    <div class=\"first-part-texts with-icon\">\n                                                                    <div class=\"card-data-number\"><p>2.000<\/p>\n<\/div>\n                                                                    <div class=\"card-data-descr\">Colaboradores<\/div>\n                                 \n                            <\/div>\n                        <\/div>\n                    <\/div>                     <div class=\"element col-12 col-sm-12 col-md-6 col-lg-4\"> \n                        <div class=\"first-part\">\n                                                    <div class=\"block-card-data-icon\">\n                                <img decoding=\"async\" src=\"https:\/\/redur.es\/wp-content\/uploads\/2021\/02\/logistica.svg\" class=\"attachment-full size-full\" alt=\"\" \/>                            <\/div>\n                                                    <div class=\"first-part-texts with-icon\">\n                                                                    <div class=\"card-data-number\"><p>75.000 m<sup>2<\/sup><\/p>\n<\/div>\n                                                                    <div class=\"card-data-descr\">\u00c1rea log\u00edstica<\/div>\n                                 \n                            <\/div>\n                        <\/div>\n                    <\/div>                     <div class=\"element col-12 col-sm-12 col-md-6 col-lg-4\"> \n                        <div class=\"first-part\">\n                                                    <div class=\"block-card-data-icon\">\n                                <img decoding=\"async\" src=\"https:\/\/redur.es\/wp-content\/uploads\/2021\/02\/vehiculos.svg\" class=\"attachment-full size-full\" alt=\"\" \/>                            <\/div>\n                                                    <div class=\"first-part-texts with-icon\">\n                                                                    <div class=\"card-data-number\"><p>1.500<\/p>\n<\/div>\n                                                                    <div class=\"card-data-descr\">Viaturas<\/div>\n                                 \n                            <\/div>\n                        <\/div>\n                    <\/div>                     <div class=\"element col-12 col-sm-12 col-md-6 col-lg-4\"> \n                        <div class=\"first-part\">\n                                                    <div class=\"block-card-data-icon\">\n                                <img decoding=\"async\" src=\"https:\/\/redur.es\/wp-content\/uploads\/2021\/02\/delegaciones.svg\" class=\"attachment-full size-full\" alt=\"\" \/>                            <\/div>\n                                                    <div class=\"first-part-texts with-icon\">\n                                                                    <div class=\"card-data-number\"><p>60<\/p>\n<\/div>\n                                                                    <div class=\"card-data-descr\">Delega\u00e7\u00f5es pr\u00f3prias<\/div>\n                                 \n                            <\/div>\n                        <\/div>\n                    <\/div>                     <div class=\"element col-12 col-sm-12 col-md-6 col-lg-4\"> \n                        <div class=\"first-part\">\n                                                    <div class=\"block-card-data-icon\">\n                                <img decoding=\"async\" src=\"https:\/\/redur.es\/wp-content\/uploads\/2021\/02\/sup_total.svg\" class=\"attachment-full size-full\" alt=\"\" \/>                            <\/div>\n                                                    <div class=\"first-part-texts with-icon\">\n                                                                    <div class=\"card-data-number\"><p>250.000 m<sup>2<\/sup><\/p>\n<\/div>\n                                                                    <div class=\"card-data-descr\">\u00c1rea total<\/div>\n                                 \n                            <\/div>\n                        <\/div>\n                    <\/div>                     <div class=\"element col-12 col-sm-12 col-md-6 col-lg-4\"> \n                        <div class=\"first-part\">\n                                                    <div class=\"block-card-data-icon\">\n                                <img decoding=\"async\" src=\"https:\/\/redur.es\/wp-content\/uploads\/2021\/02\/camion.svg\" class=\"attachment-full size-full\" alt=\"\" \/>                            <\/div>\n                                                    <div class=\"first-part-texts with-icon\">\n                                                                    <div class=\"card-data-number\"><p>450 k<\/p>\n<\/div>\n                                                                    <div class=\"card-data-descr\">Quil\u00f3metros por dia<\/div>\n                                 \n                            <\/div>\n                        <\/div>\n                    <\/div>             <\/div>\n        <\/div>\n    <\/section>\n\n<section id=\"slider-imgtxt-block_600f011e817d8\" class=\"slider-imgtxt slider\" style=\"background-color: #f4f6f7\">\n    <div class=\"container-fluid\">\n    <ul class=\"slides\">\n            <li  >\n\n            <div class=\"bg d-flex align-items-center texto-mobile \" style=\"background-image: url('https:\/\/redur.es\/wp-content\/uploads\/2021\/06\/REDUR_CIFRAS_02.jpg');\" data-default=\"https:\/\/redur.es\/wp-content\/uploads\/2021\/06\/REDUR_CIFRAS_02.jpg\" data-mobile=\"\">\n                <div class=\"container body-slide p-0\">\n                                                            <div class=\"description\"><p><svg xmlns=\"http:\/\/www.w3.org\/2000\/svg\" width=\"387\" height=\"282\" viewBox=\"0 0 387 282\">\r\n  <g id=\"Grupo_3331\" data-name=\"Grupo 3331\" transform=\"translate(-165 -3091)\">\r\n    <g id=\"Grupo_3294\" data-name=\"Grupo 3294\" transform=\"translate(-140 1237)\">\r\n      <g id=\"Grupo_3293\" data-name=\"Grupo 3293\" transform=\"translate(56 -9)\">\r\n        <text id=\"_9_1_\" data-name=\"9,1%\" transform=\"translate(249 1863)\" fill=\"#fff\" font-size=\"130\" font-family=\"NunitoSans-ExtraBold, Nunito Sans\" font-weight=\"800\"><tspan x=\"0\" y=\"131\">9,1%<\/tspan><\/text>\r\n      <\/g>\r\n    <\/g>\r\n    <text id=\"de_Eurodis\" data-name=\"de Eurodis\" transform=\"translate(165 3301)\" fill=\"#fff\" font-size=\"50\" font-family=\"NunitoSans-SemiBold, Nunito Sans\" font-weight=\"600\"><tspan x=\"0\" y=\"51\">da Eurodis<\/tspan><\/text>\r\n    <text id=\"propietaria\" transform=\"translate(165 3225)\" fill=\"#fff\" font-size=\"70\" font-family=\"NunitoSans-ExtraBold, Nunito Sans\" font-weight=\"800\"><tspan x=\"0\" y=\"71\">propietaria<\/tspan><\/text>\r\n  <\/g>\r\n<\/svg>\r\n\r\n<svg xmlns=\"http:\/\/www.w3.org\/2000\/svg\" width=\"388\" height=\"167\" viewBox=\"0 0 388 167\">\r\n  <g id=\"Grupo_3338\" data-name=\"Grupo 3338\" transform=\"translate(-266 -3220)\">\r\n    <g id=\"Grupo_3339\" data-name=\"Grupo 3339\">\r\n      <g id=\"Grupo_3294\" data-name=\"Grupo 3294\" transform=\"translate(-39 1366)\">\r\n        <g id=\"Grupo_3293\" data-name=\"Grupo 3293\" transform=\"translate(56 -9)\">\r\n          <text id=\"_34\" data-name=\"34\" transform=\"translate(249 1863)\" fill=\"#fff\" font-size=\"130\" font-family=\"NunitoSans-ExtraBold, Nunito Sans\" font-weight=\"800\"><tspan x=\"0\" y=\"131\">34<\/tspan><\/text>\r\n        <\/g>\r\n      <\/g>\r\n      <text id=\"europeos\" transform=\"translate(437 3301)\" fill=\"#fff\" font-size=\"50\" font-family=\"NunitoSans-SemiBold, Nunito Sans\" font-weight=\"600\"><tspan x=\"0\" y=\"51\">europeus<\/tspan><\/text>\r\n      <text id=\"pa\u00edses\" transform=\"translate(437 3225)\" fill=\"#fff\" font-size=\"70\" font-family=\"NunitoSans-ExtraBold, Nunito Sans\" font-weight=\"800\"><tspan x=\"0\" y=\"71\">pa\u00edses<\/tspan><\/text>\r\n    <\/g>\r\n  <\/g>\r\n<\/svg>\r\n<\/p><\/div>\n                                                            <div class=\"description-mobile\"><p><svg xmlns=\"http:\/\/www.w3.org\/2000\/svg\" xmlns:xlink=\"http:\/\/www.w3.org\/1999\/xlink\" width=\"346\" height=\"568\" viewBox=\"0 0 346 568\">\r\n  <defs>\r\n    <clipPath id=\"clip-_9_1_\">\r\n      <rect width=\"346\" height=\"568\"\/>\r\n    <\/clipPath>\r\n  <\/defs>\r\n  <g id=\"_9_1_\" data-name=\"9,1 %\" clip-path=\"url(#clip-_9_1_)\">\r\n    <text id=\"_9_1_2\" data-name=\"9,1%\" transform=\"translate(26 219)\" fill=\"#fff\" font-size=\"66\" font-family=\"NunitoSans-ExtraBold, Nunito Sans\" font-weight=\"800\"><tspan x=\"0\" y=\"0\">9,1%<\/tspan><\/text>\r\n    <text id=\"de_Eurodis\" data-name=\"de Eurodis\" transform=\"translate(26 284)\" fill=\"#fff\" font-size=\"25\" font-family=\"NunitoSans-SemiBold, Nunito Sans\" font-weight=\"600\"><tspan x=\"0\" y=\"0\">da Eurodis<\/tspan><\/text>\r\n    <text id=\"propietaria\" transform=\"translate(26 255)\" fill=\"#fff\" font-size=\"35\" font-family=\"NunitoSans-ExtraBold, Nunito Sans\" font-weight=\"800\"><tspan x=\"0\" y=\"0\">propietaria<\/tspan><\/text>\r\n    <text id=\"_34\" data-name=\"34\" transform=\"translate(26 394)\" fill=\"#fff\" font-size=\"66\" font-family=\"NunitoSans-ExtraBold, Nunito Sans\" font-weight=\"800\"><tspan x=\"0\" y=\"0\">34<\/tspan><\/text>\r\n    <text id=\"europeos\" transform=\"translate(113 393)\" fill=\"#fff\" font-size=\"25\" font-family=\"NunitoSans-SemiBold, Nunito Sans\" font-weight=\"600\"><tspan x=\"0\" y=\"0\">europeus<\/tspan><\/text>\r\n    <text id=\"pa\u00edses\" transform=\"translate(113 365)\" fill=\"#fff\" font-size=\"35\" font-family=\"NunitoSans-ExtraBold, Nunito Sans\" font-weight=\"800\"><tspan x=\"0\" y=\"0\">pa\u00edses<\/tspan><\/text>\r\n  <\/g>\r\n<\/svg><\/p><\/div>\n                                                                        <\/div>\n            <\/div>\n        <\/li>\n            <li  >\n\n            <div class=\"bg d-flex align-items-center texto-mobile \" style=\"background-image: url('https:\/\/redur.es\/wp-content\/uploads\/2021\/06\/REDUR_CIFRAS_03.jpg');\" data-default=\"https:\/\/redur.es\/wp-content\/uploads\/2021\/06\/REDUR_CIFRAS_03.jpg\" data-mobile=\"\">\n                <div class=\"container body-slide p-0\">\n                                                            <div class=\"description\"><p><svg xmlns=\"http:\/\/www.w3.org\/2000\/svg\" width=\"587\" height=\"177\" viewBox=\"0 0 587 177\">\r\n  <text id=\"de_experiencia\" data-name=\"de experiencia\" transform=\"translate(260 135)\" fill=\"#fff\" font-size=\"50\" font-family=\"NunitoSans-SemiBold, Nunito Sans\" font-weight=\"600\"><tspan x=\"0\" y=\"0\">de experi\u00eancia<\/tspan><\/text>\r\n  <text id=\"a\u00f1os\" transform=\"translate(260 79)\" fill=\"#fff\" font-size=\"70\" font-family=\"NunitoSans-ExtraBold, Nunito Sans\" font-weight=\"800\"><tspan x=\"0\" y=\"0\">anos<\/tspan><\/text>\r\n  <text id=\"_45\" data-name=\"+45\" fill=\"#fff\" font-size=\"130\" font-family=\"NunitoSans-ExtraBold, Nunito Sans\" font-weight=\"800\"><tspan x=\"0\" y=\"131\">+45<\/tspan><\/text>\r\n<\/svg><\/p><\/div>\n                                                            <div class=\"description-mobile\"><p><svg xmlns=\"http:\/\/www.w3.org\/2000\/svg\" xmlns:xlink=\"http:\/\/www.w3.org\/1999\/xlink\" width=\"346\" height=\"568\" viewBox=\"0 0 346 568\">\r\n  <defs>\r\n    <clipPath id=\"clip-_45_A\u00d1OS\">\r\n      <rect width=\"346\" height=\"568\"\/>\r\n    <\/clipPath>\r\n  <\/defs>\r\n  <g id=\"_45_A\u00d1OS\" data-name=\"+45 A\u00d1OS\" clip-path=\"url(#clip-_45_A\u00d1OS)\">\r\n    <text id=\"_45\" data-name=\"+45\" transform=\"translate(26 305)\" fill=\"#fff\" font-size=\"66\" font-family=\"NunitoSans-ExtraBold, Nunito Sans\" font-weight=\"800\"><tspan x=\"0\" y=\"0\">+45<\/tspan><\/text>\r\n    <text id=\"de_experiencia\" data-name=\"de experiencia\" transform=\"translate(154 307)\" fill=\"#fff\" font-size=\"25\" font-family=\"NunitoSans-SemiBold, Nunito Sans\" font-weight=\"600\"><tspan x=\"0\" y=\"0\">de experi\u00eancia<\/tspan><\/text>\r\n    <text id=\"a\u00f1os\" transform=\"translate(154 278)\" fill=\"#fff\" font-size=\"35\" font-family=\"NunitoSans-ExtraBold, Nunito Sans\" font-weight=\"800\"><tspan x=\"0\" y=\"0\">anos<\/tspan><\/text>\r\n  <\/g>\r\n<\/svg><\/p><\/div>\n                                                                        <\/div>\n            <\/div>\n        <\/li>\n            <li  >\n\n            <div class=\"bg d-flex align-items-center texto-mobile \" style=\"background-image: url('https:\/\/redur.es\/wp-content\/uploads\/2021\/06\/REDUR_CIFRAS_01.jpg');\" data-default=\"https:\/\/redur.es\/wp-content\/uploads\/2021\/06\/REDUR_CIFRAS_01.jpg\" data-mobile=\"\">\n                <div class=\"container body-slide p-0\">\n                                                            <div class=\"description\"><p><svg xmlns=\"http:\/\/www.w3.org\/2000\/svg\" width=\"433\" height=\"228\" viewBox=\"0 0 433 228\">\r\n  <text id=\"Empresa_solvente\" data-name=\"Empresa \r\nsolvente\" transform=\"translate(0 101)\" fill=\"#fff\" font-size=\"100\" font-family=\"NunitoSans-ExtraBold, Nunito Sans\" font-weight=\"800\"><tspan x=\"0\" y=\"0\">Empresa <\/tspan><tspan x=\"0\" y=\"92\">solvente<\/tspan><\/text>\r\n<\/svg>\r\n<\/p><\/div>\n                                                            <div class=\"description-mobile\"><p><svg xmlns=\"http:\/\/www.w3.org\/2000\/svg\" xmlns:xlink=\"http:\/\/www.w3.org\/1999\/xlink\" width=\"346\" height=\"568\" viewBox=\"0 0 346 568\">\r\n  <defs>\r\n    <clipPath id=\"clip-EMPRESA-SOLVENTE\">\r\n      <rect width=\"346\" height=\"568\"\/>\r\n    <\/clipPath>\r\n  <\/defs>\r\n  <g id=\"EMPRESA-SOLVENTE\" clip-path=\"url(#clip-EMPRESA-SOLVENTE)\">\r\n    <text id=\"Empresa_solvente\" data-name=\"Empresa \r\nsolvente\" transform=\"translate(26 277)\" fill=\"#fff\" font-size=\"53\" font-family=\"NunitoSans-ExtraBold, Nunito Sans\" font-weight=\"800\"><tspan x=\"0\" y=\"0\">Empresa <\/tspan><tspan x=\"0\" y=\"49\">solvente<\/tspan><\/text>\r\n  <\/g>\r\n<\/svg><\/p><\/div>\n                                                                        <\/div>\n            <\/div>\n        <\/li>\n        <\/ul>\n    <\/div>\n    <div class=\"slider-number\"><\/div>\n<\/section>\n    <section id=\"card-data-block_5ff6e88f30d9b\" class=\"block-card-data\">\n        <div class=\"content-block container-fluid row single-card-2\">\n            <div class=\"card-data-principal\">\n                                    <div class=\"block-card-data-title\" data-aos=\"fade\" data-aos-id=\"card-data-title\"><h2>Clientes satisfeitos<\/h2>\n<\/div>\n                 \n                  \n            <\/div>\n            <div class=\"card-data-cards pt-4 m-auto row d-flex justify-content-sm-center justify-content-md-between\">\n                                    <div class=\"single-card\" data-aos=\"fade-up\" data-aos-delay=\"300\"> \n                        <div class=\"first-part\">\n                                                    <div class=\"block-card-data-icon\">\n                                <img decoding=\"async\" src=\"https:\/\/redur.es\/wp-content\/uploads\/2021\/02\/satisfaccion.svg\" class=\"attachment-full size-full\" alt=\"\" \/>                            <\/div>\n                                                    <div class=\"first-part-texts with-icon\">\n                                                                    <div class=\"card-data-number\">97%<\/div>\n                                                                    <div class=\"card-data-descr\">De efic\u00e1cia na entrega\r\n<\/div>\n                                 \n                            <\/div>\n                        <\/div>\n                    <\/div>                     <div class=\"single-card\" data-aos=\"fade-up\" data-aos-delay=\"300\"> \n                        <div class=\"first-part\">\n                                                    <div class=\"block-card-data-icon\">\n                                <img decoding=\"async\" src=\"https:\/\/redur.es\/wp-content\/uploads\/2021\/02\/retencion.svg\" class=\"attachment-full size-full\" alt=\"\" \/>                            <\/div>\n                                                    <div class=\"first-part-texts with-icon\">\n                                                                    <div class=\"card-data-number\">98%<\/div>\n                                                                    <div class=\"card-data-descr\">R\u00e1cio de reten\u00e7\u00e3o de clientes\r\n<\/div>\n                                 \n                            <\/div>\n                        <\/div>\n                    <\/div>                 \n            <\/div>\n              \n            <svg class=\"background-card\" xmlns=\"http:\/\/www.w3.org\/2000\/svg\" viewBox=\"0 0 1600.6 438.17\"><title>card-btn-svg<\/title><path d=\"M39.87,438.17,0,357.48a839.86,839.86,0,0,1,624.89-47l16.6,5.27c208,66.05,436.19,29.09,610.43-98.85L1547.33,0l53.27,72.54L1305.19,289.47C1107.85,434.38,849.56,476.28,614.25,401.56l-16.6-5.27C414.65,338.17,211.35,353.44,39.87,438.17Z\" style=\"fill: var(--color-green-accent)\"\/><\/svg>\n        <\/div>\n    <\/section>\n\n","protected":false},"excerpt":{"rendered":"","protected":false},"author":1,"featured_media":0,"parent":0,"menu_order":0,"comment_status":"closed","ping_status":"closed","template":"","meta":{"_acf_changed":false,"footnotes":""},"class_list":["post-5274","page","type-page","status-publish","hentry"],"acf":[],"yoast_head":"<!-- This site is optimized with the Yoast SEO plugin v23.6 - https:\/\/yoast.com\/wordpress\/plugins\/seo\/ -->\n<title>A Redur em n\u00fameros | REDUR<\/title>\n<meta name=\"robots\" content=\"index, follow, max-snippet:-1, max-image-preview:large, max-video-preview:-1\" \/>\n<link rel=\"canonical\" href=\"https:\/\/redur.es\/pt-pt\/a-redur-em-numeros\/\" \/>\n<meta property=\"og:locale\" content=\"pt_PT\" \/>\n<meta property=\"og:type\" content=\"article\" \/>\n<meta property=\"og:title\" content=\"A Redur em n\u00fameros | REDUR\" \/>\n<meta property=\"og:url\" content=\"https:\/\/redur.es\/pt-pt\/a-redur-em-numeros\/\" \/>\n<meta property=\"og:site_name\" content=\"REDUR\" \/>\n<meta property=\"article:modified_time\" content=\"2021-06-11T14:05:45+00:00\" \/>\n<meta name=\"twitter:card\" content=\"summary_large_image\" \/>\n<script type=\"application\/ld+json\" class=\"yoast-schema-graph\">{\"@context\":\"https:\/\/schema.org\",\"@graph\":[{\"@type\":\"WebPage\",\"@id\":\"https:\/\/redur.es\/pt-pt\/a-redur-em-numeros\/\",\"url\":\"https:\/\/redur.es\/pt-pt\/a-redur-em-numeros\/\",\"name\":\"A Redur em n\u00fameros | REDUR\",\"isPartOf\":{\"@id\":\"https:\/\/redur.es\/pt-pt\/#website\"},\"datePublished\":\"2021-06-04T09:37:55+00:00\",\"dateModified\":\"2021-06-11T14:05:45+00:00\",\"breadcrumb\":{\"@id\":\"https:\/\/redur.es\/pt-pt\/a-redur-em-numeros\/#breadcrumb\"},\"inLanguage\":\"pt-PT\",\"potentialAction\":[{\"@type\":\"ReadAction\",\"target\":[\"https:\/\/redur.es\/pt-pt\/a-redur-em-numeros\/\"]}]},{\"@type\":\"BreadcrumbList\",\"@id\":\"https:\/\/redur.es\/pt-pt\/a-redur-em-numeros\/#breadcrumb\",\"itemListElement\":[{\"@type\":\"ListItem\",\"position\":1,\"name\":\"Portada\",\"item\":\"https:\/\/redur.es\/pt-pt\/\"},{\"@type\":\"ListItem\",\"position\":2,\"name\":\"A Redur em n\u00fameros\"}]},{\"@type\":\"WebSite\",\"@id\":\"https:\/\/redur.es\/pt-pt\/#website\",\"url\":\"https:\/\/redur.es\/pt-pt\/\",\"name\":\"REDUR\",\"description\":\"Log\u00edstica e Transporte\",\"publisher\":{\"@id\":\"https:\/\/redur.es\/pt-pt\/#organization\"},\"potentialAction\":[{\"@type\":\"SearchAction\",\"target\":{\"@type\":\"EntryPoint\",\"urlTemplate\":\"https:\/\/redur.es\/pt-pt\/?s={search_term_string}\"},\"query-input\":{\"@type\":\"PropertyValueSpecification\",\"valueRequired\":true,\"valueName\":\"search_term_string\"}}],\"inLanguage\":\"pt-PT\"},{\"@type\":\"Organization\",\"@id\":\"https:\/\/redur.es\/pt-pt\/#organization\",\"name\":\"REDUR\",\"url\":\"https:\/\/redur.es\/pt-pt\/\",\"logo\":{\"@type\":\"ImageObject\",\"inLanguage\":\"pt-PT\",\"@id\":\"https:\/\/redur.es\/pt-pt\/#\/schema\/logo\/image\/\",\"url\":\"\",\"contentUrl\":\"\",\"caption\":\"REDUR\"},\"image\":{\"@id\":\"https:\/\/redur.es\/pt-pt\/#\/schema\/logo\/image\/\"}}]}<\/script>\n<!-- \/ Yoast SEO plugin. -->","yoast_head_json":{"title":"A Redur em n\u00fameros | REDUR","robots":{"index":"index","follow":"follow","max-snippet":"max-snippet:-1","max-image-preview":"max-image-preview:large","max-video-preview":"max-video-preview:-1"},"canonical":"https:\/\/redur.es\/pt-pt\/a-redur-em-numeros\/","og_locale":"pt_PT","og_type":"article","og_title":"A Redur em n\u00fameros | REDUR","og_url":"https:\/\/redur.es\/pt-pt\/a-redur-em-numeros\/","og_site_name":"REDUR","article_modified_time":"2021-06-11T14:05:45+00:00","twitter_card":"summary_large_image","schema":{"@context":"https:\/\/schema.org","@graph":[{"@type":"WebPage","@id":"https:\/\/redur.es\/pt-pt\/a-redur-em-numeros\/","url":"https:\/\/redur.es\/pt-pt\/a-redur-em-numeros\/","name":"A Redur em n\u00fameros | REDUR","isPartOf":{"@id":"https:\/\/redur.es\/pt-pt\/#website"},"datePublished":"2021-06-04T09:37:55+00:00","dateModified":"2021-06-11T14:05:45+00:00","breadcrumb":{"@id":"https:\/\/redur.es\/pt-pt\/a-redur-em-numeros\/#breadcrumb"},"inLanguage":"pt-PT","potentialAction":[{"@type":"ReadAction","target":["https:\/\/redur.es\/pt-pt\/a-redur-em-numeros\/"]}]},{"@type":"BreadcrumbList","@id":"https:\/\/redur.es\/pt-pt\/a-redur-em-numeros\/#breadcrumb","itemListElement":[{"@type":"ListItem","position":1,"name":"Portada","item":"https:\/\/redur.es\/pt-pt\/"},{"@type":"ListItem","position":2,"name":"A Redur em n\u00fameros"}]},{"@type":"WebSite","@id":"https:\/\/redur.es\/pt-pt\/#website","url":"https:\/\/redur.es\/pt-pt\/","name":"REDUR","description":"Log\u00edstica e Transporte","publisher":{"@id":"https:\/\/redur.es\/pt-pt\/#organization"},"potentialAction":[{"@type":"SearchAction","target":{"@type":"EntryPoint","urlTemplate":"https:\/\/redur.es\/pt-pt\/?s={search_term_string}"},"query-input":{"@type":"PropertyValueSpecification","valueRequired":true,"valueName":"search_term_string"}}],"inLanguage":"pt-PT"},{"@type":"Organization","@id":"https:\/\/redur.es\/pt-pt\/#organization","name":"REDUR","url":"https:\/\/redur.es\/pt-pt\/","logo":{"@type":"ImageObject","inLanguage":"pt-PT","@id":"https:\/\/redur.es\/pt-pt\/#\/schema\/logo\/image\/","url":"","contentUrl":"","caption":"REDUR"},"image":{"@id":"https:\/\/redur.es\/pt-pt\/#\/schema\/logo\/image\/"}}]}},"_links":{"self":[{"href":"https:\/\/redur.es\/pt-pt\/wp-json\/wp\/v2\/pages\/5274","targetHints":{"allow":["GET"]}}],"collection":[{"href":"https:\/\/redur.es\/pt-pt\/wp-json\/wp\/v2\/pages"}],"about":[{"href":"https:\/\/redur.es\/pt-pt\/wp-json\/wp\/v2\/types\/page"}],"author":[{"embeddable":true,"href":"https:\/\/redur.es\/pt-pt\/wp-json\/wp\/v2\/users\/1"}],"replies":[{"embeddable":true,"href":"https:\/\/redur.es\/pt-pt\/wp-json\/wp\/v2\/comments?post=5274"}],"version-history":[{"count":6,"href":"https:\/\/redur.es\/pt-pt\/wp-json\/wp\/v2\/pages\/5274\/revisions"}],"predecessor-version":[{"id":5904,"href":"https:\/\/redur.es\/pt-pt\/wp-json\/wp\/v2\/pages\/5274\/revisions\/5904"}],"wp:attachment":[{"href":"https:\/\/redur.es\/pt-pt\/wp-json\/wp\/v2\/media?parent=5274"}],"curies":[{"name":"wp","href":"https:\/\/api.w.org\/{rel}","templated":true}]}}