{"id":5276,"date":"2021-06-04T09:43:21","date_gmt":"2021-06-04T09:43:21","guid":{"rendered":"https:\/\/redur.es\/servicos\/"},"modified":"2024-05-14T06:18:02","modified_gmt":"2024-05-14T06:18:02","slug":"servicos","status":"publish","type":"page","link":"https:\/\/redur.es\/pt-pt\/servicos\/","title":{"rendered":"Servi\u00e7os"},"content":{"rendered":"<section id=\"header-block_f76c82b898fa6a483b35dae588d8f53a\" class=\"block-header bg_svg_1 height_100 \" style=\"min-height: 100vh;background-color:  ;\">\n\t<div class=\"img-header bg d-flex flex-column justify-content-end justify-content-md-center bg-responsive\" style=\"min-height: 100vh; background-image: url('https:\/\/redur.es\/wp-content\/uploads\/2021\/05\/REDUR-SERVICIOS-PORTADA_01@2x-1-scaled-e1621336880176.jpg');\" data-default=\"https:\/\/redur.es\/wp-content\/uploads\/2021\/05\/REDUR-SERVICIOS-PORTADA_01@2x-1-scaled-e1621336880176.jpg\" data-mobile=\"https:\/\/redur.es\/wp-content\/uploads\/2021\/01\/SERVICIOS-PORTADA-MOBILE.jpg\" >\n        <div class=\"container d-flex flex-column justify-content-between \">\n            <div class=\"display-2\">\n                            \t                    <h1>Solu\u00e7\u00f5es <br \/>\r\ninovadoras de <br \/>\r\ntransporte e log\u00edstica<br \/>\r\n<\/h1>\n                            <\/div>\n               \n            \n        <\/div>\n    <\/div>\n                <svg id=\"background-header-1\" class=\"background-header\" xmlns=\"http:\/\/www.w3.org\/2000\/svg\" viewBox=\"0 0 1506.6 678.5\"><title>svg_1<\/title><path d=\"M579.9,678.5H0v-90H579.9A180.37,180.37,0,0,0,760.4,408V270.5A270.41,270.41,0,0,1,1030.9,0h475.7V90H1030.9A180.61,180.61,0,0,0,850.4,270.5V408A270.4,270.4,0,0,1,579.9,678.5Z\" style=\"fill: var(--color-green-primary)\"\/><\/svg>\n            <svg version=\"1.1\" id=\"background-header-1-1\" class=\"background-header\" xmlns=\"http:\/\/www.w3.org\/2000\/svg\" xmlns:xlink=\"http:\/\/www.w3.org\/1999\/xlink\" x=\"0px\" y=\"0px\" viewBox=\"0 0 860.8 681.8\" xml:space=\"preserve\"><path class=\"st0\" d=\"M331.3,681.8H0v-50h331.3c27.7,0,53.8-10.8,73.4-30.4c19.6-19.6,30.4-45.7,30.4-73.4V153.9C435.2,69,504.2,0,589,0c0,0,0,0,0,0h271.8v50H589c-57.3,0-103.9,46.6-103.9,103.9v374.1c0,41.1-16,79.7-45.1,108.8C411.1,665.8,372.4,681.8,331.3,681.8z\"  style=\"fill: var(--color-green-primary);\"\/><\/svg>\n             \n    <\/section>\n\n    <section id=\"grid-caract-block_64fae2e14cff2707f68d44c2a820a61d\" class=\"block-grid-caract light_mode\">\n        <div class=\"content-block container-fluid row  grid-content\">\n            <div class=\"card-data-principal align-left\">\n                                    <div class=\"block-grid-caract-title\" data-aos=\"fade-up\"><p>Especializados em sectores de <strong>alto valor acrescentado<\/strong><\/p>\n<\/div>\n                 \n                                    <div class=\"block-grid-caract-subtitle\" data-aos=\"fade-up\">Na Redur, oferecemos solu\u00e7\u00f5es globais para os sectores mais exigentes. Gra\u00e7as ao apoio de todos os nossos clientes durante mais de 45 anos, temos desenvolvido um importante know-how no transporte urgente B2B.\r\n<\/div>\n                  \n            <\/div>\n            <div class=\"card-link-cards d-flex flex-wrap justify-content-center w-100 slider-grid-caract\">\n                                        <div class=\"single-card col-12 col-sm-12 col-md-4 col-lg-4 col-xl-3\" data-aos=\"fade-up\" data-aos-delay=\"300\"> \n                            <div class=\"first-part \">\n                                                            <div class=\"icon_carac\">\n                                    <img decoding=\"async\" src=\"https:\/\/redur.es\/wp-content\/uploads\/2021\/06\/Grupo-5202.svg\" class=\"attachment-full size-full\" alt=\"\" \/>                                <\/div>\n                                                        <\/div>\n                            <div class=\"second-part\">\n                                                            <div class=\"title_carac\">Farmac\u00eautico \r\ne sa\u00fade\r\n<\/div>\n                             \n                             \n                            <\/div>\n                        <\/div> \n                                        <div class=\"single-card col-12 col-sm-12 col-md-4 col-lg-4 col-xl-3\" data-aos=\"fade-up\" data-aos-delay=\"300\"> \n                            <div class=\"first-part \">\n                                                            <div class=\"icon_carac\">\n                                    <img decoding=\"async\" src=\"https:\/\/redur.es\/wp-content\/uploads\/2021\/06\/Grupo-5258.svg\" class=\"attachment-full size-full\" alt=\"\" \/>                                <\/div>\n                                                        <\/div>\n                            <div class=\"second-part\">\n                                                            <div class=\"title_carac\">Perfumaria e \r\ncosm\u00e9tica\r\n<\/div>\n                             \n                             \n                            <\/div>\n                        <\/div> \n                                        <div class=\"single-card col-12 col-sm-12 col-md-4 col-lg-4 col-xl-3\" data-aos=\"fade-up\" data-aos-delay=\"300\"> \n                            <div class=\"first-part \">\n                                                            <div class=\"icon_carac\">\n                                    <img decoding=\"async\" src=\"https:\/\/redur.es\/wp-content\/uploads\/2021\/06\/Grupo-5297.svg\" class=\"attachment-full size-full\" alt=\"\" \/>                                <\/div>\n                                                        <\/div>\n                            <div class=\"second-part\">\n                                                            <div class=\"title_carac\">Alta \r\ntecnologia\r\n<\/div>\n                             \n                             \n                            <\/div>\n                        <\/div> \n                                        <div class=\"single-card col-12 col-sm-12 col-md-4 col-lg-4 col-xl-3\" data-aos=\"fade-up\" data-aos-delay=\"300\"> \n                            <div class=\"first-part \">\n                                                            <div class=\"icon_carac\">\n                                    <img decoding=\"async\" src=\"https:\/\/redur.es\/wp-content\/uploads\/2021\/06\/Grupo-5327.svg\" class=\"attachment-full size-full\" alt=\"\" \/>                                <\/div>\n                                                        <\/div>\n                            <div class=\"second-part\">\n                                                            <div class=\"title_carac\">Eletr\u00f3nica \r\ne consumo do lar\r\n<\/div>\n                             \n                             \n                            <\/div>\n                        <\/div> \n                                        <div class=\"single-card col-12 col-sm-12 col-md-4 col-lg-4 col-xl-3\" data-aos=\"fade-up\" data-aos-delay=\"300\"> \n                            <div class=\"first-part \">\n                                                            <div class=\"icon_carac\">\n                                    <img decoding=\"async\" src=\"https:\/\/redur.es\/wp-content\/uploads\/2021\/06\/Grupo-5347.svg\" class=\"attachment-full size-full\" alt=\"\" \/>                                <\/div>\n                                                        <\/div>\n                            <div class=\"second-part\">\n                                                            <div class=\"title_carac\">M\u00e1quinas-ferramentas\r\n<\/div>\n                             \n                             \n                            <\/div>\n                        <\/div> \n                                        <div class=\"single-card col-12 col-sm-12 col-md-4 col-lg-4 col-xl-3\" data-aos=\"fade-up\" data-aos-delay=\"300\"> \n                            <div class=\"first-part \">\n                                                            <div class=\"icon_carac\">\n                                    <img decoding=\"async\" src=\"https:\/\/redur.es\/wp-content\/uploads\/2021\/06\/Grupo-5378.svg\" class=\"attachment-full size-full\" alt=\"\" \/>                                <\/div>\n                                                        <\/div>\n                            <div class=\"second-part\">\n                                                            <div class=\"title_carac\">Desportivo<\/div>\n                             \n                             \n                            <\/div>\n                        <\/div> \n                                        <div class=\"single-card col-12 col-sm-12 col-md-4 col-lg-4 col-xl-3\" data-aos=\"fade-up\" data-aos-delay=\"300\"> \n                            <div class=\"first-part \">\n                                                            <div class=\"icon_carac\">\n                                    <img decoding=\"async\" src=\"https:\/\/redur.es\/wp-content\/uploads\/2021\/06\/Grupo-5420.svg\" class=\"attachment-full size-full\" alt=\"\" \/>                                <\/div>\n                                                        <\/div>\n                            <div class=\"second-part\">\n                                                            <div class=\"title_carac\">Pe\u00e7as de substitui\u00e7\u00e3o \r\ndo autom\u00f3vel\r\n<\/div>\n                             \n                             \n                            <\/div>\n                        <\/div> \n                                        <div class=\"single-card col-12 col-sm-12 col-md-4 col-lg-4 col-xl-3\" data-aos=\"fade-up\" data-aos-delay=\"300\"> \n                            <div class=\"first-part \">\n                                                            <div class=\"icon_carac\">\n                                    <img decoding=\"async\" src=\"https:\/\/redur.es\/wp-content\/uploads\/2021\/06\/Grupo-5490.svg\" class=\"attachment-full size-full\" alt=\"\" \/>                                <\/div>\n                                                        <\/div>\n                            <div class=\"second-part\">\n                                                            <div class=\"title_carac\">T\u00eaxtil<\/div>\n                             \n                             \n                            <\/div>\n                        <\/div> \n                            <\/div> \n                    <\/div>\n    <\/section>\n\n\n\n<section id=\"title-text-btn-block_678b543b32eba66affc8b916ffb383cc\" class=\"block-title-text-btn py-4 py-lg-0\" style=\"background-color: #ffffff\">\n\t<div class=\"content-block container d-flex img-mv-up flex-column-reverse flex-md-column-reverse flex-lg-row-reverse block-left justify-content-between\">\n        <div class=\"col-12 col-sm-12 col-md-12 col-lg-6 col-xl-6 px-0 pl-lg-5\">\n                        <div class=\"icon-block\" data-aos=\"fade\">\n                <img decoding=\"async\" src=\"https:\/\/redur.es\/wp-content\/uploads\/2021\/02\/camion_servicios.svg\" class=\"icon-title-text-btn\" alt=\"\" \/>            <\/div>\n                                \t   <div class=\"title-block\" data-aos=\"fade\"><p>Servi\u00e7o dom\u00e9stico<\/p>\n<\/div>\n                                        <div class=\"descr-block\" data-aos=\"fade\">A partir de cada uma das nossas delega\u00e7\u00f5es, oferecemos servi\u00e7o de transporte combinados de encomendas e paletes de forma conjunta num \u00fanico envio no \u00e2mbito peninsular e nas ilhas.<\/div>\n                                    <div class=\"cont-btn-block\" data-aos=\"fade\">\n                <a href=\"\" class=\"btn\"><span>Saiba mais<\/span><\/a>\n            <\/div>\n                    <\/div>\n                <div class=\"col-12 col-sm-12 col-md-12 col-lg-6 cont-img-title-text-btn px-0 \" data-aos=\"fade\">\n            <img loading=\"lazy\" decoding=\"async\" width=\"900\" height=\"940\" src=\"https:\/\/redur.es\/wp-content\/uploads\/2021\/05\/REDUR-SERVICIOS-PORTADA_03@2x-1.jpg\" class=\"img-title-text-btn\" alt=\"\" data-aos=\"fade\" srcset=\"https:\/\/redur.es\/wp-content\/uploads\/2021\/05\/REDUR-SERVICIOS-PORTADA_03@2x-1.jpg 900w, https:\/\/redur.es\/wp-content\/uploads\/2021\/05\/REDUR-SERVICIOS-PORTADA_03@2x-1-287x300.jpg 287w, https:\/\/redur.es\/wp-content\/uploads\/2021\/05\/REDUR-SERVICIOS-PORTADA_03@2x-1-768x802.jpg 768w\" sizes=\"auto, (max-width: 900px) 100vw, 900px\" \/>        <\/div>\n                    <\/div>\n     \n    \n<\/section>\n\n<section id=\"title-text-btn-block_acee2417ac93992bbdebf911a5223a0b\" class=\"block-title-text-btn py-4 py-lg-0\" style=\"background-color: #ffffff\">\n\t<div class=\"content-block container d-flex img-mv-up flex-column-reverse flex-md-column-reverse flex-lg-row block-right justify-content-between\">\n        <div class=\"col-12 col-sm-12 col-md-12 col-lg-6 col-xl-6 px-0 pr-lg-5\">\n                        <div class=\"icon-block\" data-aos=\"fade\">\n                <img decoding=\"async\" src=\"https:\/\/redur.es\/wp-content\/uploads\/2021\/02\/envios_servicios.svg\" class=\"icon-title-text-btn\" alt=\"\" \/>            <\/div>\n                                \t   <div class=\"title-block\" data-aos=\"fade\"><p>Servi\u00e7o internacional<\/p>\n<\/div>\n                                        <div class=\"descr-block\" data-aos=\"fade\">Envios combinados para a Europa de encomendas e paletes de forma conjunta atrav\u00e9s da nossa rede Eurodis.<\/div>\n                                    <div class=\"cont-btn-block\" data-aos=\"fade\">\n                <a href=\"https:\/\/redur.es\/pt-pt\/servicos\/servico-internacional\/\" class=\"btn\"><span>Saiba mais<\/span><\/a>\n            <\/div>\n                    <\/div>\n                <div class=\"col-12 col-sm-12 col-md-12 col-lg-6 cont-img-title-text-btn px-0 \" data-aos=\"fade\">\n            <img loading=\"lazy\" decoding=\"async\" width=\"900\" height=\"940\" src=\"https:\/\/redur.es\/wp-content\/uploads\/2021\/05\/REDUR-SERVICIOS-PORTADA_04@2x-1.jpg\" class=\"img-title-text-btn\" alt=\"\" data-aos=\"fade\" srcset=\"https:\/\/redur.es\/wp-content\/uploads\/2021\/05\/REDUR-SERVICIOS-PORTADA_04@2x-1.jpg 900w, https:\/\/redur.es\/wp-content\/uploads\/2021\/05\/REDUR-SERVICIOS-PORTADA_04@2x-1-287x300.jpg 287w, https:\/\/redur.es\/wp-content\/uploads\/2021\/05\/REDUR-SERVICIOS-PORTADA_04@2x-1-768x802.jpg 768w\" sizes=\"auto, (max-width: 900px) 100vw, 900px\" \/>        <\/div>\n                    <\/div>\n                <svg id=\"background-block-2\" class=\"background-svg d-none d-lg-block\" data-aos=\"fade\" data-aos-delay=\"500\" xmlns=\"http:\/\/www.w3.org\/2000\/svg\" viewBox=\"0 0 1242.15 606.1\" ><title>text-img-svg-2-1<\/title><path d=\"M1242.15,45H561.1C276.06,45,45,276.07,45,561.1v43.35\" style=\"fill:none;stroke:#e5e5e5;stroke-miterlimit:10;stroke-width:90px\"\/><\/svg>\n            <svg id=\"background-block-2-mobile\" class=\"background-svg d-block d-lg-none\" data-aos=\"fade\" data-aos-delay=\"500\" xmlns=\"http:\/\/www.w3.org\/2000\/svg\" viewBox=\"0 0 693.01 337.18\"><title>text-img-svg-2-1-mobile<\/title><path d=\"M50,337.18H0V313A313,313,0,0,1,313,0H693V50H313C168,50,50,168,50,313Z\" style=\"fill:#e5e5e5\"\/><\/svg>\n          \n    \n<\/section>\n\n<section id=\"title-text-btn-block_6aa6a0b23841d51d786cc24800fa27a1\" class=\"block-title-text-btn py-4 py-lg-0\" style=\"background-color: #ffffff\">\n\t<div class=\"content-block container d-flex img-mv-up flex-column-reverse flex-md-column-reverse flex-lg-row-reverse block-left justify-content-between\">\n        <div class=\"col-12 col-sm-12 col-md-12 col-lg-6 col-xl-6 px-0 pl-lg-5\">\n                        <div class=\"icon-block\" data-aos=\"fade\">\n                <img decoding=\"async\" src=\"https:\/\/redur.es\/wp-content\/uploads\/2021\/02\/farma_servicios.svg\" class=\"icon-title-text-btn\" alt=\"\" \/>            <\/div>\n                                \t   <div class=\"title-block\" data-aos=\"fade\"><p>Farma 15-25<\/p>\n<\/div>\n                                        <div class=\"descr-block\" data-aos=\"fade\">Servi\u00e7o exclusivo para o envio de produtos farmac\u00eauticos com temperatura controlada 15-25, na estrita observ\u00e2ncia da regulamenta\u00e7\u00e3o GDP.<\/div>\n                                    <div class=\"cont-btn-block\" data-aos=\"fade\">\n                <a href=\"https:\/\/redur.es\/pt-pt\/servicos\/farma-15-25\/\" class=\"btn\"><span>Saiba mais<\/span><\/a>\n            <\/div>\n                    <\/div>\n                <div class=\"col-12 col-sm-12 col-md-12 col-lg-6 cont-img-title-text-btn px-0 \" data-aos=\"fade\">\n            <img loading=\"lazy\" decoding=\"async\" width=\"1060\" height=\"760\" src=\"https:\/\/redur.es\/wp-content\/uploads\/2021\/05\/REDUR-SERVICIOS-PORTADA_05@2x-1.jpg\" class=\"img-title-text-btn\" alt=\"\" data-aos=\"fade\" srcset=\"https:\/\/redur.es\/wp-content\/uploads\/2021\/05\/REDUR-SERVICIOS-PORTADA_05@2x-1.jpg 1060w, https:\/\/redur.es\/wp-content\/uploads\/2021\/05\/REDUR-SERVICIOS-PORTADA_05@2x-1-300x215.jpg 300w, https:\/\/redur.es\/wp-content\/uploads\/2021\/05\/REDUR-SERVICIOS-PORTADA_05@2x-1-1024x734.jpg 1024w, https:\/\/redur.es\/wp-content\/uploads\/2021\/05\/REDUR-SERVICIOS-PORTADA_05@2x-1-768x551.jpg 768w\" sizes=\"auto, (max-width: 1060px) 100vw, 1060px\" \/>        <\/div>\n                    <\/div>\n                <svg id=\"background-block-3\" class=\"background-svg d-none d-lg-block\" data-aos=\"fade\" data-aos-delay=\"500\" xmlns=\"http:\/\/www.w3.org\/2000\/svg\" viewBox=\"0 0 1242.15 597.84\"><title>text-img-svg-2-2<\/title><path d=\"M0,552.84H681c285,0,516.11-90.46,516.11-552.84\" style=\"fill:none;stroke:#e5e5e5;stroke-miterlimit:10;stroke-width:90px\"\/><\/svg>\n            <svg id=\"background-block-3-mobile\" class=\"background-svg d-block d-lg-none\" data-aos=\"fade\" data-aos-delay=\"500\" xmlns=\"http:\/\/www.w3.org\/2000\/svg\" viewBox=\"0 0 1231.19 582.01\"><title>text-img-svg-2-2-mobile<\/title><path d=\"M686.18,582H0V532H686.18c162.28,0,273.93-31.06,351.39-97.75C1134.21,351.06,1181.19,209,1181.19,0h50c0,114.71-14.24,212.93-42.31,291.94-26.5,74.59-66.44,135.23-118.69,180.21-47.63,41-105,69.66-175.44,87.57C835.78,574.72,767.56,582,686.18,582Z\" style=\"fill:#e5e5e5\"\/><\/svg>\n          \n    \n<\/section>\n\n<section id=\"title-text-btn-block_32fae7ef01df5aaac1a3a4990174e378\" class=\"block-title-text-btn py-4 py-lg-0\" style=\"background-color: #ffffff\">\n\t<div class=\"content-block container d-flex img-mv-up flex-column-reverse flex-md-column-reverse flex-lg-row block-right justify-content-between\">\n        <div class=\"col-12 col-sm-12 col-md-12 col-lg-6 col-xl-6 px-0 pr-lg-5\">\n                        <div class=\"icon-block\" data-aos=\"fade\">\n                <img decoding=\"async\" src=\"https:\/\/redur.es\/wp-content\/uploads\/2021\/02\/logistica_servicios.svg\" class=\"icon-title-text-btn\" alt=\"\" \/>            <\/div>\n                                \t   <div class=\"title-block\" data-aos=\"fade\"><p>Log\u00edstica integral<\/p>\n<\/div>\n                                        <div class=\"descr-block\" data-aos=\"fade\">Operador log\u00edstico integral, capaz de se adaptar \u00e0s necessidades e exig\u00eancias de todo o tipo de cliente e sector industrial.<\/div>\n                                    <div class=\"cont-btn-block\" data-aos=\"fade\">\n                <a href=\"https:\/\/redur.es\/pt-pt\/servicos\/logistica-integral\/\" class=\"btn\"><span>Saiba mais<\/span><\/a>\n            <\/div>\n                    <\/div>\n                <div class=\"col-12 col-sm-12 col-md-12 col-lg-6 cont-img-title-text-btn px-0 \" data-aos=\"fade\">\n            <img loading=\"lazy\" decoding=\"async\" width=\"900\" height=\"940\" src=\"https:\/\/redur.es\/wp-content\/uploads\/2021\/05\/REDUR-SERVICIOS-PORTADA_06@2x-1.jpg\" class=\"img-title-text-btn\" alt=\"\" data-aos=\"fade\" srcset=\"https:\/\/redur.es\/wp-content\/uploads\/2021\/05\/REDUR-SERVICIOS-PORTADA_06@2x-1.jpg 900w, https:\/\/redur.es\/wp-content\/uploads\/2021\/05\/REDUR-SERVICIOS-PORTADA_06@2x-1-287x300.jpg 287w, https:\/\/redur.es\/wp-content\/uploads\/2021\/05\/REDUR-SERVICIOS-PORTADA_06@2x-1-768x802.jpg 768w\" sizes=\"auto, (max-width: 900px) 100vw, 900px\" \/>        <\/div>\n                    <\/div>\n     \n    \n<\/section>","protected":false},"excerpt":{"rendered":"","protected":false},"author":1,"featured_media":0,"parent":0,"menu_order":0,"comment_status":"closed","ping_status":"closed","template":"","meta":{"_acf_changed":false,"footnotes":""},"class_list":["post-5276","page","type-page","status-publish","hentry"],"acf":[],"yoast_head":"<!-- This site is optimized with the Yoast SEO plugin v23.6 - https:\/\/yoast.com\/wordpress\/plugins\/seo\/ -->\n<title>Servi\u00e7os | REDUR<\/title>\n<meta name=\"robots\" content=\"index, follow, max-snippet:-1, max-image-preview:large, max-video-preview:-1\" \/>\n<link rel=\"canonical\" href=\"https:\/\/redur.es\/pt-pt\/servicos\/\" \/>\n<meta property=\"og:locale\" content=\"pt_PT\" \/>\n<meta property=\"og:type\" content=\"article\" \/>\n<meta property=\"og:title\" content=\"Servi\u00e7os | REDUR\" \/>\n<meta property=\"og:url\" content=\"https:\/\/redur.es\/pt-pt\/servicos\/\" \/>\n<meta property=\"og:site_name\" content=\"REDUR\" \/>\n<meta property=\"article:modified_time\" content=\"2024-05-14T06:18:02+00:00\" \/>\n<meta name=\"twitter:card\" content=\"summary_large_image\" \/>\n<script type=\"application\/ld+json\" class=\"yoast-schema-graph\">{\"@context\":\"https:\/\/schema.org\",\"@graph\":[{\"@type\":\"WebPage\",\"@id\":\"https:\/\/redur.es\/pt-pt\/servicos\/\",\"url\":\"https:\/\/redur.es\/pt-pt\/servicos\/\",\"name\":\"Servi\u00e7os | REDUR\",\"isPartOf\":{\"@id\":\"https:\/\/redur.es\/pt-pt\/#website\"},\"datePublished\":\"2021-06-04T09:43:21+00:00\",\"dateModified\":\"2024-05-14T06:18:02+00:00\",\"breadcrumb\":{\"@id\":\"https:\/\/redur.es\/pt-pt\/servicos\/#breadcrumb\"},\"inLanguage\":\"pt-PT\",\"potentialAction\":[{\"@type\":\"ReadAction\",\"target\":[\"https:\/\/redur.es\/pt-pt\/servicos\/\"]}]},{\"@type\":\"BreadcrumbList\",\"@id\":\"https:\/\/redur.es\/pt-pt\/servicos\/#breadcrumb\",\"itemListElement\":[{\"@type\":\"ListItem\",\"position\":1,\"name\":\"Portada\",\"item\":\"https:\/\/redur.es\/pt-pt\/\"},{\"@type\":\"ListItem\",\"position\":2,\"name\":\"Servi\u00e7os\"}]},{\"@type\":\"WebSite\",\"@id\":\"https:\/\/redur.es\/pt-pt\/#website\",\"url\":\"https:\/\/redur.es\/pt-pt\/\",\"name\":\"REDUR\",\"description\":\"Log\u00edstica e Transporte\",\"publisher\":{\"@id\":\"https:\/\/redur.es\/pt-pt\/#organization\"},\"potentialAction\":[{\"@type\":\"SearchAction\",\"target\":{\"@type\":\"EntryPoint\",\"urlTemplate\":\"https:\/\/redur.es\/pt-pt\/?s={search_term_string}\"},\"query-input\":{\"@type\":\"PropertyValueSpecification\",\"valueRequired\":true,\"valueName\":\"search_term_string\"}}],\"inLanguage\":\"pt-PT\"},{\"@type\":\"Organization\",\"@id\":\"https:\/\/redur.es\/pt-pt\/#organization\",\"name\":\"REDUR\",\"url\":\"https:\/\/redur.es\/pt-pt\/\",\"logo\":{\"@type\":\"ImageObject\",\"inLanguage\":\"pt-PT\",\"@id\":\"https:\/\/redur.es\/pt-pt\/#\/schema\/logo\/image\/\",\"url\":\"\",\"contentUrl\":\"\",\"caption\":\"REDUR\"},\"image\":{\"@id\":\"https:\/\/redur.es\/pt-pt\/#\/schema\/logo\/image\/\"}}]}<\/script>\n<!-- \/ Yoast SEO plugin. -->","yoast_head_json":{"title":"Servi\u00e7os | REDUR","robots":{"index":"index","follow":"follow","max-snippet":"max-snippet:-1","max-image-preview":"max-image-preview:large","max-video-preview":"max-video-preview:-1"},"canonical":"https:\/\/redur.es\/pt-pt\/servicos\/","og_locale":"pt_PT","og_type":"article","og_title":"Servi\u00e7os | REDUR","og_url":"https:\/\/redur.es\/pt-pt\/servicos\/","og_site_name":"REDUR","article_modified_time":"2024-05-14T06:18:02+00:00","twitter_card":"summary_large_image","schema":{"@context":"https:\/\/schema.org","@graph":[{"@type":"WebPage","@id":"https:\/\/redur.es\/pt-pt\/servicos\/","url":"https:\/\/redur.es\/pt-pt\/servicos\/","name":"Servi\u00e7os | REDUR","isPartOf":{"@id":"https:\/\/redur.es\/pt-pt\/#website"},"datePublished":"2021-06-04T09:43:21+00:00","dateModified":"2024-05-14T06:18:02+00:00","breadcrumb":{"@id":"https:\/\/redur.es\/pt-pt\/servicos\/#breadcrumb"},"inLanguage":"pt-PT","potentialAction":[{"@type":"ReadAction","target":["https:\/\/redur.es\/pt-pt\/servicos\/"]}]},{"@type":"BreadcrumbList","@id":"https:\/\/redur.es\/pt-pt\/servicos\/#breadcrumb","itemListElement":[{"@type":"ListItem","position":1,"name":"Portada","item":"https:\/\/redur.es\/pt-pt\/"},{"@type":"ListItem","position":2,"name":"Servi\u00e7os"}]},{"@type":"WebSite","@id":"https:\/\/redur.es\/pt-pt\/#website","url":"https:\/\/redur.es\/pt-pt\/","name":"REDUR","description":"Log\u00edstica e Transporte","publisher":{"@id":"https:\/\/redur.es\/pt-pt\/#organization"},"potentialAction":[{"@type":"SearchAction","target":{"@type":"EntryPoint","urlTemplate":"https:\/\/redur.es\/pt-pt\/?s={search_term_string}"},"query-input":{"@type":"PropertyValueSpecification","valueRequired":true,"valueName":"search_term_string"}}],"inLanguage":"pt-PT"},{"@type":"Organization","@id":"https:\/\/redur.es\/pt-pt\/#organization","name":"REDUR","url":"https:\/\/redur.es\/pt-pt\/","logo":{"@type":"ImageObject","inLanguage":"pt-PT","@id":"https:\/\/redur.es\/pt-pt\/#\/schema\/logo\/image\/","url":"","contentUrl":"","caption":"REDUR"},"image":{"@id":"https:\/\/redur.es\/pt-pt\/#\/schema\/logo\/image\/"}}]}},"_links":{"self":[{"href":"https:\/\/redur.es\/pt-pt\/wp-json\/wp\/v2\/pages\/5276","targetHints":{"allow":["GET"]}}],"collection":[{"href":"https:\/\/redur.es\/pt-pt\/wp-json\/wp\/v2\/pages"}],"about":[{"href":"https:\/\/redur.es\/pt-pt\/wp-json\/wp\/v2\/types\/page"}],"author":[{"embeddable":true,"href":"https:\/\/redur.es\/pt-pt\/wp-json\/wp\/v2\/users\/1"}],"replies":[{"embeddable":true,"href":"https:\/\/redur.es\/pt-pt\/wp-json\/wp\/v2\/comments?post=5276"}],"version-history":[{"count":4,"href":"https:\/\/redur.es\/pt-pt\/wp-json\/wp\/v2\/pages\/5276\/revisions"}],"predecessor-version":[{"id":5810,"href":"https:\/\/redur.es\/pt-pt\/wp-json\/wp\/v2\/pages\/5276\/revisions\/5810"}],"wp:attachment":[{"href":"https:\/\/redur.es\/pt-pt\/wp-json\/wp\/v2\/media?parent=5276"}],"curies":[{"name":"wp","href":"https:\/\/api.w.org\/{rel}","templated":true}]}}