{"id":5289,"date":"2021-06-07T09:27:12","date_gmt":"2021-06-07T09:27:12","guid":{"rendered":"https:\/\/redur.es\/trabalhe-na-redur\/"},"modified":"2024-10-23T06:44:12","modified_gmt":"2024-10-23T06:44:12","slug":"trabalhe-na-redur","status":"publish","type":"page","link":"https:\/\/redur.es\/pt-pt\/trabalhe-na-redur\/","title":{"rendered":"Trabalhe na Redur"},"content":{"rendered":"<section id=\"header-block_272264125b5816795b542fa34fe38301\" class=\"block-header bg_svg_1 height_85 \" style=\"min-height: 85vh;background-color:  ;\">\n\t<div class=\"img-header bg d-flex flex-column justify-content-end justify-content-md-center \" style=\"min-height: 85vh; background-image: url('');\" data-default=\"\" data-mobile=\"\" >\n        <div class=\"container d-flex flex-column justify-content-between \">\n            <div class=\"display-2\">\n                            \t                    <h1>Junte-se \u00e0 <br \/>\r\nnossa equipa<br \/>\r\n<\/h1>\n                            <\/div>\n                            <div class=\"text-desc \" data-aos=\"fade\">\n                    <p>Procuramos pessoas motivadas com vontade de crescer pessoal e profissionalmente, independentemente da idade ou do n\u00edvel de estudos.<\/p>\n                                <\/div>\n               \n            \n        <\/div>\n    <\/div>\n                <svg id=\"background-header-1\" class=\"background-header\" xmlns=\"http:\/\/www.w3.org\/2000\/svg\" viewBox=\"0 0 1506.6 678.5\"><title>svg_1<\/title><path d=\"M579.9,678.5H0v-90H579.9A180.37,180.37,0,0,0,760.4,408V270.5A270.41,270.41,0,0,1,1030.9,0h475.7V90H1030.9A180.61,180.61,0,0,0,850.4,270.5V408A270.4,270.4,0,0,1,579.9,678.5Z\" style=\"fill: var(--color-green-primary)\"\/><\/svg>\n            <svg version=\"1.1\" id=\"background-header-1-1\" class=\"background-header\" xmlns=\"http:\/\/www.w3.org\/2000\/svg\" xmlns:xlink=\"http:\/\/www.w3.org\/1999\/xlink\" x=\"0px\" y=\"0px\" viewBox=\"0 0 860.8 681.8\" xml:space=\"preserve\"><path class=\"st0\" d=\"M331.3,681.8H0v-50h331.3c27.7,0,53.8-10.8,73.4-30.4c19.6-19.6,30.4-45.7,30.4-73.4V153.9C435.2,69,504.2,0,589,0c0,0,0,0,0,0h271.8v50H589c-57.3,0-103.9,46.6-103.9,103.9v374.1c0,41.1-16,79.7-45.1,108.8C411.1,665.8,372.4,681.8,331.3,681.8z\"  style=\"fill: var(--color-green-primary);\"\/><\/svg>\n             \n    <\/section><section id=\"title-text-block_a9c164e165fbcb01aa1a0f2fa2acfc64\" class=\"block-title-text \" style=\"background-color: #ffffff\">\n    <div class=\"container-fluid d-flex align-items-center flex-column justify-content-center height-30\" style=\"min-height: 30vh;\">\n       <div class=\"block-title h2 pt-5\" data-aos=\"fade-up\"><p>Perfis profissionais<\/p>\n<\/div>\n         \n    <\/div>\n<\/section>    <section id=\"card-img-block_479c5b6d4db3258cf6bb7b5d267fa4ab\" class=\"block-card-img\">\n    <div class=\"content-block container-fluid row \n                single-card-4 single-card-slider \">\n\n            <div class=\"single-card \n        col-6 col-sm-6 col-md-6 col-lg-3 \" data-aos=\"fade-up\"> \n             <a class=\"card-img-link\" href=\"https:\/\/redur.es\/pt-pt\/ofertas-de-emprego-estudantes\/\">  \n                    <div class=\"first-part\">\n                                            <div class=\"card-img-img\">\n                            <div class=\"card-img-img-principal\">\n                                <img decoding=\"async\" src=\"https:\/\/redur.es\/wp-content\/uploads\/2021\/06\/Grupo-5595.svg\" class=\"attachment-full size-full\" alt=\"\" \/>                            <\/div>\n                                                        <div class=\"card-img-img-hover\">\n                                <img decoding=\"async\" src=\"https:\/\/redur.es\/wp-content\/uploads\/2021\/06\/Grupo-5595.svg\" class=\"attachment-full size-full\" alt=\"\" \/>                            <\/div>\n                                                    <\/div>\n                                            <div class=\"first-part-texts\">\n                                                            <div class=\"card-img-subtitle\">Estudantes<\/div>\n                             \n                        <\/div>\n                    <\/div>\n                    <div class=\"second-part\">\n                                                    <div class=\"card-img-text\"><p>Alargue os seus conhecimentos e desenvolva a sua carreira profissional connosco.<\/p>\n<\/div>\n                                                    <div class=\"cont-btn-block\">\n                                <a href=\"https:\/\/redur.es\/pt-pt\/ofertas-de-emprego-estudantes\/\" class=\"btn-animated sm\"><span>Veja ofertas<\/span><\/a>\n                            <\/div>\n                         \n                    <\/div> \n             <\/a>  \n        <\/div>         <div class=\"single-card \n        col-6 col-sm-6 col-md-6 col-lg-3 \" data-aos=\"fade-up\"> \n             <a class=\"card-img-link\" href=\"https:\/\/redur.es\/pt-pt\/ofertas-de-empleo-profissionais\/\">  \n                    <div class=\"first-part\">\n                                            <div class=\"card-img-img\">\n                            <div class=\"card-img-img-principal\">\n                                <img decoding=\"async\" src=\"https:\/\/redur.es\/wp-content\/uploads\/2021\/06\/Grupo-5619.svg\" class=\"attachment-full size-full\" alt=\"\" \/>                            <\/div>\n                                                        <div class=\"card-img-img-hover\">\n                                <img decoding=\"async\" src=\"https:\/\/redur.es\/wp-content\/uploads\/2021\/06\/Grupo-5619.svg\" class=\"attachment-full size-full\" alt=\"\" \/>                            <\/div>\n                                                    <\/div>\n                                            <div class=\"first-part-texts\">\n                                                            <div class=\"card-img-subtitle\">Profissionais<\/div>\n                             \n                        <\/div>\n                    <\/div>\n                    <div class=\"second-part\">\n                                                    <div class=\"card-img-text\"><p>Aumente o seu crescimento profissional, experi\u00eancia e paix\u00e3o pelo nosso trabalho.<\/p>\n<\/div>\n                                                    <div class=\"cont-btn-block\">\n                                <a href=\"https:\/\/redur.es\/pt-pt\/ofertas-de-empleo-profissionais\/\" class=\"btn-animated sm\"><span>Veja ofertas<\/span><\/a>\n                            <\/div>\n                         \n                    <\/div> \n             <\/a>  \n        <\/div>         <div class=\"single-card \n        col-6 col-sm-6 col-md-6 col-lg-3 \" data-aos=\"fade-up\"> \n             <a class=\"card-img-link\" href=\"https:\/\/redur.es\/pt-pt\/ofertas-de-emprego-distribuidores\/\">  \n                    <div class=\"first-part\">\n                                            <div class=\"card-img-img\">\n                            <div class=\"card-img-img-principal\">\n                                <img decoding=\"async\" src=\"https:\/\/redur.es\/wp-content\/uploads\/2021\/06\/Grupo-5634.svg\" class=\"attachment-full size-full\" alt=\"\" \/>                            <\/div>\n                                                        <div class=\"card-img-img-hover\">\n                                <img decoding=\"async\" src=\"https:\/\/redur.es\/wp-content\/uploads\/2021\/06\/Grupo-5634.svg\" class=\"attachment-full size-full\" alt=\"\" \/>                            <\/div>\n                                                    <\/div>\n                                            <div class=\"first-part-texts\">\n                                                            <div class=\"card-img-subtitle\">Distribuidor\/a<\/div>\n                             \n                        <\/div>\n                    <\/div>\n                    <div class=\"second-part\">\n                                                    <div class=\"card-img-text\"><p>Trabalhadores aut\u00f3nomos do sector industrial com viaturas e\/ou carrinhas pr\u00f3prias.<\/p>\n<\/div>\n                                                    <div class=\"cont-btn-block\">\n                                <a href=\"https:\/\/redur.es\/pt-pt\/ofertas-de-emprego-distribuidores\/\" class=\"btn-animated sm\"><span>Veja ofertas<\/span><\/a>\n                            <\/div>\n                         \n                    <\/div> \n             <\/a>  \n        <\/div>         <div class=\"single-card \n        col-6 col-sm-6 col-md-6 col-lg-3 \" data-aos=\"fade-up\"> \n             <a class=\"card-img-link\" href=\"https:\/\/redur.es\/pt-pt\/trabalhe-connosco\/\">  \n                    <div class=\"first-part\">\n                                            <div class=\"card-img-img\">\n                            <div class=\"card-img-img-principal\">\n                                <img decoding=\"async\" src=\"https:\/\/redur.es\/wp-content\/uploads\/2021\/06\/Grupo-5659.svg\" class=\"attachment-full size-full\" alt=\"\" \/>                            <\/div>\n                                                        <div class=\"card-img-img-hover\">\n                                <img decoding=\"async\" src=\"https:\/\/redur.es\/wp-content\/uploads\/2021\/06\/Grupo-5659.svg\" class=\"attachment-full size-full\" alt=\"\" \/>                            <\/div>\n                                                    <\/div>\n                                            <div class=\"first-part-texts\">\n                                                            <div class=\"card-img-subtitle\">Envie-nos o seu CV<\/div>\n                             \n                        <\/div>\n                    <\/div>\n                    <div class=\"second-part\">\n                                                    <div class=\"card-img-text\"><p>Contacte e encontre a oportunidade que melhor se adapte ao seu perfil.<\/p>\n<\/div>\n                                                    <div class=\"cont-btn-block\">\n                                <a href=\"https:\/\/redur.es\/pt-pt\/trabalhe-connosco\/\" class=\"btn-animated sm\"><span>Enviar CV<\/span><\/a>\n                            <\/div>\n                         \n                    <\/div> \n             <\/a>  \n        <\/div> <\/div><\/section>    <section id=\"offer-block-block_31a3af50b8d29e40e49cdfbc9db55dab\" class=\"block-offer\" style=\"background-color: #f4f6f7\">\n    <div class=\"content-block container px-md-0 d-flex flex-column flex-md-column flex-lg-row\">\n        <div class=\"column-1 d-flex flex-column\">\n                            <div class=\"offer-section-title\" data-aos=\"fade-up\"><h2>O que oferece a Redur<\/h2><\/div>\n                                <\/div>\n        <div class=\"column-2 d-flex flex-row flex-wrap justify-content-between\" data-aos=\"fade-up\">\n                    <div class=\"single-offer\"> \n                                    <div class=\"single-offer-title\">Benef\u00edcios<\/div>\n                                    <div class=\"single-offer-text\"><p>Dispomos de uma rede constitu\u00edda por <strong>60 delega\u00e7\u00f5es<\/strong> em Portugal e Espanha, com a possibilidade de chegarmos ainda mais longe, realizando envios para 34 pa\u00edses da Europa.<\/p>\n<\/div>\n                 \n            <\/div>             <div class=\"single-offer\"> \n                                    <div class=\"single-offer-title\">Desenvolvimento<\/div>\n                                    <div class=\"single-offer-text\"><p>Oferecemos oportunidades de emprego a longo prazo em todas as \u00e1reas da nossa atividade: opera\u00e7\u00f5es, seguran\u00e7a, marketing e vendas, recursos humanos e servi\u00e7o ao cliente, entre outros.<\/p>\n<\/div>\n                 \n            <\/div>             <div class=\"single-offer\"> \n                                    <div class=\"single-offer-title\">Valores<\/div>\n                                    <div class=\"single-offer-text\"><p>O compromisso, a humildade e o amor representam a ess\u00eancia do que somos. Uma <strong>filosofia<\/strong> que guia o nosso caminho para atingir os nossos objetivos em equipa e com sucesso.<\/p>\n<\/div>\n                 \n            <\/div>             <div class=\"single-offer\"> \n                                    <div class=\"single-offer-title\">Forma\u00e7\u00e3o<\/div>\n                                    <div class=\"single-offer-text\"><p>Na nossa escola Redur, procuramos alargar conhecimentos e melhorar a capacidade de adapta\u00e7\u00e3o dos nossos trabalhadores, promovendo assim o seu crescimento pessoal.<\/p>\n<\/div>\n                 \n            <\/div> <\/div><\/div><\/section>    <section id=\"card-link-block_601a89138e533\" class=\"block-card-link\" style=\"background-color: #FFFFFF\">\n        <div class=\"content-block container single-card-2 p-sm-0\">\n            <div class=\"card-data-principal\">\n                 \n                                    <div class=\"block-card-link-title\" data-aos=\"fade-up\"><p>Mais informa\u00e7\u00e3o da <strong>Redur<\/strong><\/p>\n<\/div>\n                 \n            <\/div>\n            <div class=\"card-link-cards w-100 m-auto row d-flex justify-content-sm-center justify-content-md-between\">\n                                        <div class=\"single-card\" data-aos=\"fade-up\" data-aos-delay=\"300\"> \n                             <a class=\"card-link-url\" href=\"https:\/\/redur.es\/pt-pt\/historia\/\">  \n                                <div class=\"first-part\">\n                                                                    <div class=\"block-card-link-icon\">\n                                        <img decoding=\"async\" src=\"https:\/\/redur.es\/wp-content\/uploads\/2021\/02\/empresa.svg\">                                    <\/div>\n                                                                                                    <div class=\"card-link-descr\">A nossa empresa<\/div> \n                                 \n                                <\/div>\n                             <\/a>  \n                        <\/div> \n                                        <div class=\"single-card\" data-aos=\"fade-up\" data-aos-delay=\"300\"> \n                             <a class=\"card-link-url\" href=\"https:\/\/redur.es\/pt-pt\/missao-e-valores\/\">  \n                                <div class=\"first-part\">\n                                                                    <div class=\"block-card-link-icon\">\n                                        <img decoding=\"async\" src=\"https:\/\/redur.es\/wp-content\/uploads\/2021\/02\/valores.svg\">                                    <\/div>\n                                                                                                    <div class=\"card-link-descr\">Os nossos valores<\/div> \n                                 \n                                <\/div>\n                             <\/a>  \n                        <\/div> \n                                        <div class=\"single-card\" data-aos=\"fade-up\" data-aos-delay=\"300\"> \n                             <a class=\"card-link-url\" href=\"https:\/\/redur.es\/pt-pt\/a-redur-em-numeros\/\">  \n                                <div class=\"first-part\">\n                                                                    <div class=\"block-card-link-icon\">\n                                        <img decoding=\"async\" src=\"https:\/\/redur.es\/wp-content\/uploads\/2021\/02\/cifras.svg\">                                    <\/div>\n                                                                                                    <div class=\"card-link-descr\">Os n\u00fameros s\u00e3o a nossa garantia<\/div> \n                                 \n                                <\/div>\n                             <\/a>  \n                        <\/div> \n                                        <div class=\"single-card\" data-aos=\"fade-up\" data-aos-delay=\"300\"> \n                             <a class=\"card-link-url\" href=\"https:\/\/redur.es\/pt-pt\/servicos\/\">  \n                                <div class=\"first-part\">\n                                                                    <div class=\"block-card-link-icon\">\n                                        <img decoding=\"async\" src=\"https:\/\/redur.es\/wp-content\/uploads\/2021\/02\/servicios.svg\">                                    <\/div>\n                                                                                                    <div class=\"card-link-descr\">Os nossos servi\u00e7os<\/div> \n                                 \n                                <\/div>\n                             <\/a>  \n                        <\/div> \n                                        <div class=\"single-card\" data-aos=\"fade-up\" data-aos-delay=\"300\"> \n                             <a class=\"card-link-url\" href=\"https:\/\/redur.es\/pt-pt\/delegacoes\/\">  \n                                <div class=\"first-part\">\n                                                                    <div class=\"block-card-link-icon\">\n                                        <img decoding=\"async\" src=\"https:\/\/redur.es\/wp-content\/uploads\/2021\/02\/delegaciones-1.svg\">                                    <\/div>\n                                                                                                    <div class=\"card-link-descr\">Rede de delega\u00e7\u00f5es<\/div> \n                                 \n                                <\/div>\n                             <\/a>  \n                        <\/div> \n                                        <div class=\"single-card\" data-aos=\"fade-up\" data-aos-delay=\"300\"> \n                             <a class=\"card-link-url\" href=\"https:\/\/redur.es\/pt-pt\/o-nosso-rsc\/\">  \n                                <div class=\"first-part\">\n                                                                    <div class=\"block-card-link-icon\">\n                                        <img decoding=\"async\" src=\"https:\/\/redur.es\/wp-content\/uploads\/2021\/02\/compromiso.svg\">                                    <\/div>\n                                                                                                    <div class=\"card-link-descr\">Compromisso e projetos<\/div> \n                                 \n                                <\/div>\n                             <\/a>  \n                        <\/div> \n                            <\/div> \n        <\/div>\n    <\/section>\n\n","protected":false},"excerpt":{"rendered":"","protected":false},"author":1,"featured_media":0,"parent":0,"menu_order":0,"comment_status":"closed","ping_status":"closed","template":"","meta":{"_acf_changed":false,"footnotes":""},"class_list":["post-5289","page","type-page","status-publish","hentry"],"acf":[],"yoast_head":"<!-- This site is optimized with the Yoast SEO plugin v23.6 - https:\/\/yoast.com\/wordpress\/plugins\/seo\/ -->\n<title>Trabalhe na Redur | REDUR<\/title>\n<meta name=\"robots\" content=\"index, follow, max-snippet:-1, max-image-preview:large, max-video-preview:-1\" \/>\n<link rel=\"canonical\" href=\"https:\/\/redur.es\/pt-pt\/trabalhe-na-redur\/\" \/>\n<meta property=\"og:locale\" content=\"pt_PT\" \/>\n<meta property=\"og:type\" content=\"article\" \/>\n<meta property=\"og:title\" content=\"Trabalhe na Redur | REDUR\" \/>\n<meta property=\"og:url\" content=\"https:\/\/redur.es\/pt-pt\/trabalhe-na-redur\/\" \/>\n<meta property=\"og:site_name\" content=\"REDUR\" \/>\n<meta property=\"article:modified_time\" content=\"2024-10-23T06:44:12+00:00\" \/>\n<meta name=\"twitter:card\" content=\"summary_large_image\" \/>\n<script type=\"application\/ld+json\" class=\"yoast-schema-graph\">{\"@context\":\"https:\/\/schema.org\",\"@graph\":[{\"@type\":\"WebPage\",\"@id\":\"https:\/\/redur.es\/pt-pt\/trabalhe-na-redur\/\",\"url\":\"https:\/\/redur.es\/pt-pt\/trabalhe-na-redur\/\",\"name\":\"Trabalhe na Redur | REDUR\",\"isPartOf\":{\"@id\":\"https:\/\/redur.es\/pt-pt\/#website\"},\"datePublished\":\"2021-06-07T09:27:12+00:00\",\"dateModified\":\"2024-10-23T06:44:12+00:00\",\"breadcrumb\":{\"@id\":\"https:\/\/redur.es\/pt-pt\/trabalhe-na-redur\/#breadcrumb\"},\"inLanguage\":\"pt-PT\",\"potentialAction\":[{\"@type\":\"ReadAction\",\"target\":[\"https:\/\/redur.es\/pt-pt\/trabalhe-na-redur\/\"]}]},{\"@type\":\"BreadcrumbList\",\"@id\":\"https:\/\/redur.es\/pt-pt\/trabalhe-na-redur\/#breadcrumb\",\"itemListElement\":[{\"@type\":\"ListItem\",\"position\":1,\"name\":\"Portada\",\"item\":\"https:\/\/redur.es\/pt-pt\/\"},{\"@type\":\"ListItem\",\"position\":2,\"name\":\"Trabalhe na Redur\"}]},{\"@type\":\"WebSite\",\"@id\":\"https:\/\/redur.es\/pt-pt\/#website\",\"url\":\"https:\/\/redur.es\/pt-pt\/\",\"name\":\"REDUR\",\"description\":\"Log\u00edstica e Transporte\",\"publisher\":{\"@id\":\"https:\/\/redur.es\/pt-pt\/#organization\"},\"potentialAction\":[{\"@type\":\"SearchAction\",\"target\":{\"@type\":\"EntryPoint\",\"urlTemplate\":\"https:\/\/redur.es\/pt-pt\/?s={search_term_string}\"},\"query-input\":{\"@type\":\"PropertyValueSpecification\",\"valueRequired\":true,\"valueName\":\"search_term_string\"}}],\"inLanguage\":\"pt-PT\"},{\"@type\":\"Organization\",\"@id\":\"https:\/\/redur.es\/pt-pt\/#organization\",\"name\":\"REDUR\",\"url\":\"https:\/\/redur.es\/pt-pt\/\",\"logo\":{\"@type\":\"ImageObject\",\"inLanguage\":\"pt-PT\",\"@id\":\"https:\/\/redur.es\/pt-pt\/#\/schema\/logo\/image\/\",\"url\":\"\",\"contentUrl\":\"\",\"caption\":\"REDUR\"},\"image\":{\"@id\":\"https:\/\/redur.es\/pt-pt\/#\/schema\/logo\/image\/\"}}]}<\/script>\n<!-- \/ Yoast SEO plugin. -->","yoast_head_json":{"title":"Trabalhe na Redur | REDUR","robots":{"index":"index","follow":"follow","max-snippet":"max-snippet:-1","max-image-preview":"max-image-preview:large","max-video-preview":"max-video-preview:-1"},"canonical":"https:\/\/redur.es\/pt-pt\/trabalhe-na-redur\/","og_locale":"pt_PT","og_type":"article","og_title":"Trabalhe na Redur | REDUR","og_url":"https:\/\/redur.es\/pt-pt\/trabalhe-na-redur\/","og_site_name":"REDUR","article_modified_time":"2024-10-23T06:44:12+00:00","twitter_card":"summary_large_image","schema":{"@context":"https:\/\/schema.org","@graph":[{"@type":"WebPage","@id":"https:\/\/redur.es\/pt-pt\/trabalhe-na-redur\/","url":"https:\/\/redur.es\/pt-pt\/trabalhe-na-redur\/","name":"Trabalhe na Redur | REDUR","isPartOf":{"@id":"https:\/\/redur.es\/pt-pt\/#website"},"datePublished":"2021-06-07T09:27:12+00:00","dateModified":"2024-10-23T06:44:12+00:00","breadcrumb":{"@id":"https:\/\/redur.es\/pt-pt\/trabalhe-na-redur\/#breadcrumb"},"inLanguage":"pt-PT","potentialAction":[{"@type":"ReadAction","target":["https:\/\/redur.es\/pt-pt\/trabalhe-na-redur\/"]}]},{"@type":"BreadcrumbList","@id":"https:\/\/redur.es\/pt-pt\/trabalhe-na-redur\/#breadcrumb","itemListElement":[{"@type":"ListItem","position":1,"name":"Portada","item":"https:\/\/redur.es\/pt-pt\/"},{"@type":"ListItem","position":2,"name":"Trabalhe na Redur"}]},{"@type":"WebSite","@id":"https:\/\/redur.es\/pt-pt\/#website","url":"https:\/\/redur.es\/pt-pt\/","name":"REDUR","description":"Log\u00edstica e Transporte","publisher":{"@id":"https:\/\/redur.es\/pt-pt\/#organization"},"potentialAction":[{"@type":"SearchAction","target":{"@type":"EntryPoint","urlTemplate":"https:\/\/redur.es\/pt-pt\/?s={search_term_string}"},"query-input":{"@type":"PropertyValueSpecification","valueRequired":true,"valueName":"search_term_string"}}],"inLanguage":"pt-PT"},{"@type":"Organization","@id":"https:\/\/redur.es\/pt-pt\/#organization","name":"REDUR","url":"https:\/\/redur.es\/pt-pt\/","logo":{"@type":"ImageObject","inLanguage":"pt-PT","@id":"https:\/\/redur.es\/pt-pt\/#\/schema\/logo\/image\/","url":"","contentUrl":"","caption":"REDUR"},"image":{"@id":"https:\/\/redur.es\/pt-pt\/#\/schema\/logo\/image\/"}}]}},"_links":{"self":[{"href":"https:\/\/redur.es\/pt-pt\/wp-json\/wp\/v2\/pages\/5289","targetHints":{"allow":["GET"]}}],"collection":[{"href":"https:\/\/redur.es\/pt-pt\/wp-json\/wp\/v2\/pages"}],"about":[{"href":"https:\/\/redur.es\/pt-pt\/wp-json\/wp\/v2\/types\/page"}],"author":[{"embeddable":true,"href":"https:\/\/redur.es\/pt-pt\/wp-json\/wp\/v2\/users\/1"}],"replies":[{"embeddable":true,"href":"https:\/\/redur.es\/pt-pt\/wp-json\/wp\/v2\/comments?post=5289"}],"version-history":[{"count":8,"href":"https:\/\/redur.es\/pt-pt\/wp-json\/wp\/v2\/pages\/5289\/revisions"}],"predecessor-version":[{"id":8208,"href":"https:\/\/redur.es\/pt-pt\/wp-json\/wp\/v2\/pages\/5289\/revisions\/8208"}],"wp:attachment":[{"href":"https:\/\/redur.es\/pt-pt\/wp-json\/wp\/v2\/media?parent=5289"}],"curies":[{"name":"wp","href":"https:\/\/api.w.org\/{rel}","templated":true}]}}