{"id":8142,"date":"2024-10-23T06:44:55","date_gmt":"2024-10-23T06:44:55","guid":{"rendered":"https:\/\/redur.es\/?page_id=8142"},"modified":"2024-10-23T06:44:55","modified_gmt":"2024-10-23T06:44:55","slug":"trabalhe-connosco","status":"publish","type":"page","link":"https:\/\/redur.es\/pt-pt\/trabalhe-connosco\/","title":{"rendered":"Trabalhe connosco"},"content":{"rendered":"<section id=\"header-block_ec1f03f496f65abd83e43a1c64645f7e\" class=\"block-header header_contacto bg_svg_2 height_70 \" style=\"min-height: 70vh;background-color:  ;\">\n\t<div class=\"img-header bg d-flex flex-column justify-content-end justify-content-md-center \" style=\"min-height: 70vh; background-image: url('');\" data-default=\"\" data-mobile=\"\" >\n        <div class=\"container d-flex flex-column justify-content-between \">\n            <div class=\"display-2\">\n                            \t                    <h1>Trabalhe<br \/>\r\nconnosco<\/h1>\n                            <\/div>\n               \n            \n        <\/div>\n    <\/div>\n                <svg id=\"background-header-2\" class=\"background-header\" xmlns=\"http:\/\/www.w3.org\/2000\/svg\" viewBox=\"0 0 831.41 1251.34\"><path d=\"M766.7,1251.34,87.23,548.47a307.34,307.34,0,0,1-67.52-107.1A315.73,315.73,0,0,1,.19,320.07c2.91-85.61,38.92-166,101.41-226.42a333.6,333.6,0,0,1,150-83.74,323.43,323.43,0,0,1,165.19,1.66,308.92,308.92,0,0,1,139.9,83.17L802.78,349.35,738.07,411.9,491.93,157.27a219,219,0,0,0-99.17-59c-79.81-22.14-167.39.88-228.61,60.06C70.41,249,64.93,395.91,151.94,485.92l679.47,702.86Z\" style=\"fill: var(--color-green-accent)\"\/><\/svg>\n             \n    <\/section>\n<div class=\"wp-block-contact-form-7-contact-form-selector\">\n<div class=\"wpcf7 no-js\" id=\"wpcf7-f8161-o1\" lang=\"pt-PT\" dir=\"ltr\" data-wpcf7-id=\"8161\">\n<div class=\"screen-reader-response\"><p role=\"status\" aria-live=\"polite\" aria-atomic=\"true\"><\/p> <ul><\/ul><\/div>\n<form action=\"\/pt-pt\/wp-json\/wp\/v2\/pages\/8142#wpcf7-f8161-o1\" method=\"post\" class=\"wpcf7-form init\" aria-label=\"Formul\u00e1rio de contacto\" enctype=\"multipart\/form-data\" novalidate=\"novalidate\" data-status=\"init\">\n<fieldset class=\"hidden-fields-container\"><input type=\"hidden\" name=\"_wpcf7\" value=\"8161\" \/><input type=\"hidden\" name=\"_wpcf7_version\" value=\"6.1.1\" \/><input type=\"hidden\" name=\"_wpcf7_locale\" value=\"pt_PT\" \/><input type=\"hidden\" name=\"_wpcf7_unit_tag\" value=\"wpcf7-f8161-o1\" \/><input type=\"hidden\" name=\"_wpcf7_container_post\" value=\"0\" \/><input type=\"hidden\" name=\"_wpcf7_posted_data_hash\" value=\"\" \/>\n<\/fieldset>\n<div class=\"block-contact-container\">\n\t<div class=\"block-contact\">\n\t\t<div class=\"row\">\n\t\t\t<div class=\"col-lg-6\">\n\t\t\t\t<p><label> <span class=\"block-contact-label\">Nome completo*<span><\/span><\/span><\/label><br \/>\n<span class=\"wpcf7-form-control-wrap\" data-name=\"your-name\"><input size=\"40\" maxlength=\"400\" class=\"wpcf7-form-control wpcf7-text wpcf7-validates-as-required\" aria-required=\"true\" aria-invalid=\"false\" placeholder=\"Nome completo\" value=\"\" type=\"text\" name=\"your-name\" \/><\/span>\n\t\t\t\t<\/p>\n\t\t\t<\/div>\n\t\t\t<div class=\"col-lg-6\">\n\t\t\t\t<p><label> <span class=\"block-contact-label\">Endere\u00e7o de e-mail*<span><\/span><\/span><\/label><br \/>\n<span class=\"wpcf7-form-control-wrap\" data-name=\"your-email\"><input size=\"40\" maxlength=\"400\" class=\"wpcf7-form-control wpcf7-email wpcf7-validates-as-required wpcf7-text wpcf7-validates-as-email\" aria-required=\"true\" aria-invalid=\"false\" placeholder=\"Endere\u00e7o de e-mail\" value=\"\" type=\"email\" name=\"your-email\" \/><\/span>\n\t\t\t\t<\/p>\n\t\t\t<\/div>\n\t\t<\/div>\n\t\t<div class=\"row\">\n\t\t\t<div class=\"col-lg-6\">\n\t\t\t\t<p><label> <span class=\"block-contact-label\">Perfis profissionais<span> <\/span><\/span><\/label>\n\t\t\t\t<\/p>\n\t\t\t\t<div class=\"select-wrapper\">\n\t\t\t\t\t<p><span class=\"wpcf7-form-control-wrap\" data-name=\"departamento\"><select class=\"wpcf7-form-control wpcf7-select wpcf7-validates-as-required\" aria-required=\"true\" aria-invalid=\"false\" name=\"departamento\"><option value=\"\">Perfil profissional a que se candidata*<\/option><option value=\"Estudantes\">Estudantes<\/option><option value=\"Profissionais\">Profissionais<\/option><option value=\"Distribuidor\/a\">Distribuidor\/a<\/option><option value=\"Outras\">Outras<\/option><\/select><\/span>\n\t\t\t\t\t<\/p>\n\t\t\t\t<\/div>\n\t\t\t<\/div>\n\t\t\t<div class=\"col-lg-6 p-hidden\">\n\t\t\t\t<p><label><span class=\"block-contact-label\">Selecione a prov\u00edncia*<span><\/span><\/span><\/label>\n\t\t\t\t<\/p>\n\t\t\t\t<div class=\"select-wrapper\">\n\t\t\t\t\t<p><span class=\"wpcf7-form-control-wrap\" data-name=\"provincia\"><select class=\"wpcf7-form-control wpcf7-select wpcf7-validates-as-required\" aria-required=\"true\" aria-invalid=\"false\" name=\"provincia\"><option value=\"\">Prov\u00edncia de oferta*<\/option><option value=\"\u00c1lava\">\u00c1lava<\/option><option value=\"Albacete\">Albacete<\/option><option value=\"Alicante\">Alicante<\/option><option value=\"Almer\u00eda\">Almer\u00eda<\/option><option value=\"Andorra\">Andorra<\/option><option value=\"Asturias\">Asturias<\/option><option value=\"\u00c1vila\">\u00c1vila<\/option><option value=\"Badajoz\">Badajoz<\/option><option value=\"Baleares\">Baleares<\/option><option value=\"Barcelona\">Barcelona<\/option><option value=\"Burgos\">Burgos<\/option><option value=\"C\u00e1ceres\">C\u00e1ceres<\/option><option value=\"C\u00e1diz\">C\u00e1diz<\/option><option value=\"Cantabria\">Cantabria<\/option><option value=\"Castell\u00f3n de la Plana\">Castell\u00f3n de la Plana<\/option><option value=\"Ciudad Real\">Ciudad Real<\/option><option value=\"Co\u00edmbra\">Co\u00edmbra<\/option><option value=\"C\u00f3rdoba\">C\u00f3rdoba<\/option><option value=\"Cuenca\">Cuenca<\/option><option value=\"\u00c9vora\">\u00c9vora<\/option><option value=\"Faro\">Faro<\/option><option value=\"Gerona\">Gerona<\/option><option value=\"Granada\">Granada<\/option><option value=\"Guadalajara\">Guadalajara<\/option><option value=\"Guipuzcoa\">Guipuzcoa<\/option><option value=\"Huelva\">Huelva<\/option><option value=\"Ja\u00e9n\">Ja\u00e9n<\/option><option value=\"La Coru\u00f1a\">La Coru\u00f1a<\/option><option value=\"La Rioja\">La Rioja<\/option><option value=\"Las Palmas\">Las Palmas<\/option><option value=\"Leiria\">Leiria<\/option><option value=\"L\u00e9rida\">L\u00e9rida<\/option><option value=\"Lisboa\">Lisboa<\/option><option value=\"Lugo\">Lugo<\/option><option value=\"Madrid\">Madrid<\/option><option value=\"M\u00e1laga\">M\u00e1laga<\/option><option value=\"Murcia\">Murcia<\/option><option value=\"Navarra\">Navarra<\/option><option value=\"Oporto\">Oporto<\/option><option value=\"Orense\">Orense<\/option><option value=\"Palencia\">Palencia<\/option><option value=\"Pontevedra\">Pontevedra<\/option><option value=\"Salamanca\">Salamanca<\/option><option value=\"Santa Cruz de Tenerife\">Santa Cruz de Tenerife<\/option><option value=\"Segovia\">Segovia<\/option><option value=\"Sevilla\">Sevilla<\/option><option value=\"Tarragona\">Tarragona<\/option><option value=\"Teruel\">Teruel<\/option><option value=\"Toledo\">Toledo<\/option><option value=\"Valencia\">Valencia<\/option><option value=\"Valladolid\">Valladolid<\/option><option value=\"Vizcaya\">Vizcaya<\/option><option value=\"Zamora\">Zamora<\/option><option value=\"Zaragoza\">Zaragoza<\/option><\/select><\/span>\n\t\t\t\t\t<\/p>\n\t\t\t\t<\/div>\n\t\t\t<\/div>\n\t\t<\/div>\n\t\t<div class=\"row\">\n\t\t\t<div class=\"col-lg-6\">\n\t\t\t\t<p><label> <span class=\"block-contact-label\">Oferta de emprego para a qual se candidata*<span><\/span><\/span><\/label><br \/>\n<span class=\"wpcf7-form-control-wrap\" data-name=\"nombre-oferta\"><input size=\"40\" maxlength=\"400\" class=\"wpcf7-form-control wpcf7-text wpcf7-validates-as-required\" aria-required=\"true\" aria-invalid=\"false\" placeholder=\"Ex: Distribuidores\" value=\"\" type=\"text\" name=\"nombre-oferta\" \/><\/span>\n\t\t\t\t<\/p>\n\t\t\t<\/div>\n\t\t\t<div class=\"col-lg-6 p-hidden\">\n\t\t\t\t<p><label><span class=\"block-contact-label\">Anexar documento<span><span class=\"wpcf7-form-control-wrap\" data-name=\"file-386\"><input size=\"40\" class=\"wpcf7-form-control wpcf7-file file-hidden\" accept=\".pdf\" aria-invalid=\"false\" type=\"file\" name=\"file-386\" \/><\/span><\/span><\/span><\/label>\n\t\t\t\t<\/p>\n\t\t\t\t<div class=\"file-upload\">\n\t\t\t\t\t<p><button class=\"file-upload-btn\" type=\"button\">Carregar ficheiro<\/button><span class=\"file-upload-icon\"><\/span>\n\t\t\t\t\t<\/p>\n\t\t\t\t<\/div>\n\t\t\t<\/div>\n\t\t<\/div>\n\t\t<div class=\"row\">\n\t\t\t<div class=\"col-lg-12\">\n\t\t\t\t<p><label> <span class=\"block-contact-label\">Coment\u00e1rio<span><br \/>\n<span class=\"wpcf7-form-control-wrap\" data-name=\"textarea-987\"><textarea cols=\"100\" rows=\"6\" maxlength=\"2000\" class=\"wpcf7-form-control wpcf7-textarea\" aria-invalid=\"false\" placeholder=\"Escreva sua mensagem aqui\" name=\"textarea-987\"><\/textarea><\/span><br \/>\n<\/span><\/span><\/label>\n\t\t\t\t<\/p>\n\t\t\t<\/div>\n\t\t<\/div>\n\t\t<div class=\"row\">\n\t\t\t<div class=\"col-lg-12\">\n\t\t\t\t<p><span class=\"wpcf7-form-control-wrap\" data-name=\"acceptance-privacidad\"><span class=\"wpcf7-form-control wpcf7-acceptance\"><span class=\"wpcf7-list-item\"><label><input type=\"checkbox\" name=\"acceptance-privacidad\" value=\"1\" aria-invalid=\"false\" \/><span class=\"wpcf7-list-item-label\">Concordo com a pol\u00edtica de privacidade<\/span><\/label><\/span><\/span><\/span><br \/>\n<span class=\"wpcf7-form-control-wrap\" data-name=\"acceptance-publicidad\"><span class=\"wpcf7-form-control wpcf7-acceptance optional\"><span class=\"wpcf7-list-item\"><label><input type=\"checkbox\" name=\"acceptance-publicidad\" value=\"1\" aria-invalid=\"false\" \/><span class=\"wpcf7-list-item-label\">Concordo com receber comunica\u00e7\u00f5es da Redur<\/span><\/label><\/span><\/span><\/span><br \/>\n\t\t\t\t<div class=\"wpcf7-turnstile cf-turnstile\" data-sitekey=\"0x4AAAAAABqo8NrrtCPtPJF6\" data-response-field-name=\"_wpcf7_turnstile_response\" data-theme=\"light\"><\/div>\n\t\t\t\t<\/p>\n\t\t\t<\/div>\n\t\t<\/div>\n\t\t<div class=\"row\">\n\t\t\t<div class=\"col-lg-12\">\n\t\t\t\t<p class=\"text-info-contact\">Os seus dados ser\u00e3o incorporados num arquivo titularidade e responsabilidade da Redur S. A. a fim de responder \u00e0s quest\u00f5es que nos formula e conservar os seus dados como pessoa de contacto na empresa que representa. Pode exercer os seus direitos de acesso, retifica\u00e7\u00e3o, cancelamento e oposi\u00e7\u00e3o escrevendo para a Redur S. A. P. I. Redur Cr.Algete-Madrid, km 2,500 28110 Algete, Madrid, Espanha, ou para o n\u00famero de fax 916281560, anexando fotoc\u00f3pia do seu bilhete de identidade.\n\t\t\t\t<\/p>\n\t\t\t<\/div>\n\t\t<\/div>\n\t\t<div class=\"text-center\">\n\t\t\t<p><input class=\"wpcf7-form-control wpcf7-submit has-spinner\" type=\"submit\" value=\"Mandar\" \/>\n\t\t\t<\/p>\n\t\t<\/div>\n\t<\/div>\n<\/div><div class=\"wpcf7-response-output\" aria-hidden=\"true\"><\/div>\n<\/form>\n<\/div>\n<\/div>\n\n<div class=\"wp-block-columns mb-0 pb-5 justify-content-center has-background is-layout-flex wp-container-core-columns-is-layout-9d6595d7 wp-block-columns-is-layout-flex\" style=\"background-color:#f4f6f7\">\n<div class=\"wp-block-column is-layout-flow wp-block-column-is-layout-flow\" style=\"flex-basis:35%\"><div class=\"wp-block-image\">\n<figure class=\"aligncenter size-large\"><img decoding=\"async\" src=\"https:\/\/redur.es\/wp-content\/uploads\/2021\/05\/REDUR-CONTACTO_01.svg\" alt=\"\" class=\"wp-image-3671\"\/><\/figure><\/div>\n\n\n<p class=\"has-text-align-center has-text-color has-medium-font-size\" style=\"color:#52af61\">Morada escrit\u00f3rio central<\/p>\n\n\n\n<p class=\"has-text-align-center has-text-color\" style=\"color:#505050;font-size:17px\"><a href=\"https:\/\/goo.gl\/maps\/FF2bWxNCZg5WragJ8\" target=\"_blank\" rel=\"noreferrer noopener\">P.I. Redur Cr. Algete &#8211; Madrid Km 2,500 28110 <\/a><br\/><a href=\"https:\/\/goo.gl\/maps\/FF2bWxNCZg5WragJ8\" target=\"_blank\" rel=\"noreferrer noopener\">Algete, Madrid, Espa\u00f1a<\/a><\/p>\n<\/div>\n\n\n\n<div class=\"wp-block-column is-layout-flow wp-block-column-is-layout-flow\" style=\"flex-basis:35%\"><div class=\"wp-block-image\">\n<figure class=\"aligncenter size-large\"><img decoding=\"async\" src=\"https:\/\/redur.es\/wp-content\/uploads\/2021\/05\/REDUR-CONTACTO_02.svg\" alt=\"\" class=\"wp-image-3674\"\/><\/figure><\/div>\n\n\n<p class=\"has-text-align-center has-text-color has-medium-font-size\" style=\"color:#52af61\">Servi\u00e7o ao cliente<\/p>\n\n\n\n<p class=\"has-text-align-center has-text-color\" style=\"color:#505050;font-size:17px\"><a href=\"tel:+34916281560\">T. 91 628 15 60<\/a><br\/><a href=\"tel:+34916281560\">F. 91 628 15 60<\/a><br\/><a href=\"mailto:info@redur.es\">info@redur.es<\/a><\/p>\n<\/div>\n<\/div>\n    <section id=\"card-link-block_601a89138e533\" class=\"block-card-link\" style=\"background-color: #FFFFFF\">\n        <div class=\"content-block container single-card-2 p-sm-0\">\n            <div class=\"card-data-principal\">\n                 \n                                    <div class=\"block-card-link-title\" data-aos=\"fade-up\"><p>Mais informa\u00e7\u00e3o da <strong>Redur<\/strong><\/p>\n<\/div>\n                 \n            <\/div>\n            <div class=\"card-link-cards w-100 m-auto row d-flex justify-content-sm-center justify-content-md-between\">\n                                        <div class=\"single-card\" data-aos=\"fade-up\" data-aos-delay=\"300\"> \n                             <a class=\"card-link-url\" href=\"https:\/\/redur.es\/pt-pt\/historia\/\">  \n                                <div class=\"first-part\">\n                                                                    <div class=\"block-card-link-icon\">\n                                        <img decoding=\"async\" src=\"https:\/\/redur.es\/wp-content\/uploads\/2021\/02\/empresa.svg\">                                    <\/div>\n                                                                                                    <div class=\"card-link-descr\">A nossa empresa<\/div> \n                                 \n                                <\/div>\n                             <\/a>  \n                        <\/div> \n                                        <div class=\"single-card\" data-aos=\"fade-up\" data-aos-delay=\"300\"> \n                             <a class=\"card-link-url\" href=\"https:\/\/redur.es\/pt-pt\/missao-e-valores\/\">  \n                                <div class=\"first-part\">\n                                                                    <div class=\"block-card-link-icon\">\n                                        <img decoding=\"async\" src=\"https:\/\/redur.es\/wp-content\/uploads\/2021\/02\/valores.svg\">                                    <\/div>\n                                                                                                    <div class=\"card-link-descr\">Os nossos valores<\/div> \n                                 \n                                <\/div>\n                             <\/a>  \n                        <\/div> \n                                        <div class=\"single-card\" data-aos=\"fade-up\" data-aos-delay=\"300\"> \n                             <a class=\"card-link-url\" href=\"https:\/\/redur.es\/pt-pt\/a-redur-em-numeros\/\">  \n                                <div class=\"first-part\">\n                                                                    <div class=\"block-card-link-icon\">\n                                        <img decoding=\"async\" src=\"https:\/\/redur.es\/wp-content\/uploads\/2021\/02\/cifras.svg\">                                    <\/div>\n                                                                                                    <div class=\"card-link-descr\">Os n\u00fameros s\u00e3o a nossa garantia<\/div> \n                                 \n                                <\/div>\n                             <\/a>  \n                        <\/div> \n                                        <div class=\"single-card\" data-aos=\"fade-up\" data-aos-delay=\"300\"> \n                             <a class=\"card-link-url\" href=\"https:\/\/redur.es\/pt-pt\/servicos\/\">  \n                                <div class=\"first-part\">\n                                                                    <div class=\"block-card-link-icon\">\n                                        <img decoding=\"async\" src=\"https:\/\/redur.es\/wp-content\/uploads\/2021\/02\/servicios.svg\">                                    <\/div>\n                                                                                                    <div class=\"card-link-descr\">Os nossos servi\u00e7os<\/div> \n                                 \n                                <\/div>\n                             <\/a>  \n                        <\/div> \n                                        <div class=\"single-card\" data-aos=\"fade-up\" data-aos-delay=\"300\"> \n                             <a class=\"card-link-url\" href=\"https:\/\/redur.es\/pt-pt\/delegacoes\/\">  \n                                <div class=\"first-part\">\n                                                                    <div class=\"block-card-link-icon\">\n                                        <img decoding=\"async\" src=\"https:\/\/redur.es\/wp-content\/uploads\/2021\/02\/delegaciones-1.svg\">                                    <\/div>\n                                                                                                    <div class=\"card-link-descr\">Rede de delega\u00e7\u00f5es<\/div> \n                                 \n                                <\/div>\n                             <\/a>  \n                        <\/div> \n                                        <div class=\"single-card\" data-aos=\"fade-up\" data-aos-delay=\"300\"> \n                             <a class=\"card-link-url\" href=\"https:\/\/redur.es\/pt-pt\/o-nosso-rsc\/\">  \n                                <div class=\"first-part\">\n                                                                    <div class=\"block-card-link-icon\">\n                                        <img decoding=\"async\" src=\"https:\/\/redur.es\/wp-content\/uploads\/2021\/02\/compromiso.svg\">                                    <\/div>\n                                                                                                    <div class=\"card-link-descr\">Compromisso e projetos<\/div> \n                                 \n                                <\/div>\n                             <\/a>  \n                        <\/div> \n                            <\/div> \n        <\/div>\n    <\/section>\n\n\n<p><\/p>\n","protected":false},"excerpt":{"rendered":"<p>Morada escrit\u00f3rio central P.I. Redur Cr. Algete &#8211; Madrid Km 2,500 28110 Algete, Madrid, Espa\u00f1a Servi\u00e7o ao cliente T. 91 628 15 60F. 91 628 15 60info@redur.es<\/p>\n","protected":false},"author":1,"featured_media":0,"parent":0,"menu_order":0,"comment_status":"closed","ping_status":"closed","template":"","meta":{"_acf_changed":false,"footnotes":""},"class_list":["post-8142","page","type-page","status-publish","hentry"],"acf":[],"yoast_head":"<!-- This site is optimized with the Yoast SEO plugin v23.6 - https:\/\/yoast.com\/wordpress\/plugins\/seo\/ -->\n<title>Trabalhe connosco | REDUR<\/title>\n<meta name=\"robots\" content=\"index, follow, max-snippet:-1, max-image-preview:large, max-video-preview:-1\" \/>\n<link rel=\"canonical\" href=\"https:\/\/redur.es\/pt-pt\/trabalhe-connosco\/\" \/>\n<meta property=\"og:locale\" content=\"pt_PT\" \/>\n<meta property=\"og:type\" content=\"article\" \/>\n<meta property=\"og:title\" content=\"Trabalhe connosco | REDUR\" \/>\n<meta property=\"og:description\" content=\"Morada escrit\u00f3rio central P.I. Redur Cr. Algete &#8211; Madrid Km 2,500 28110 Algete, Madrid, Espa\u00f1a Servi\u00e7o ao cliente T. 91 628 15 60F. 91 628 15 60info@redur.es\" \/>\n<meta property=\"og:url\" content=\"https:\/\/redur.es\/pt-pt\/trabalhe-connosco\/\" \/>\n<meta property=\"og:site_name\" content=\"REDUR\" \/>\n<meta name=\"twitter:card\" content=\"summary_large_image\" \/>\n<meta name=\"twitter:label1\" content=\"Tempo estimado de leitura\" \/>\n\t<meta name=\"twitter:data1\" content=\"1 minuto\" \/>\n<script type=\"application\/ld+json\" class=\"yoast-schema-graph\">{\"@context\":\"https:\/\/schema.org\",\"@graph\":[{\"@type\":\"WebPage\",\"@id\":\"https:\/\/redur.es\/pt-pt\/trabalhe-connosco\/\",\"url\":\"https:\/\/redur.es\/pt-pt\/trabalhe-connosco\/\",\"name\":\"Trabalhe connosco | REDUR\",\"isPartOf\":{\"@id\":\"https:\/\/redur.es\/pt-pt\/#website\"},\"primaryImageOfPage\":{\"@id\":\"https:\/\/redur.es\/pt-pt\/trabalhe-connosco\/#primaryimage\"},\"image\":{\"@id\":\"https:\/\/redur.es\/pt-pt\/trabalhe-connosco\/#primaryimage\"},\"thumbnailUrl\":\"https:\/\/redur.es\/wp-content\/uploads\/2021\/05\/REDUR-CONTACTO_01.svg\",\"datePublished\":\"2024-10-23T06:44:55+00:00\",\"dateModified\":\"2024-10-23T06:44:55+00:00\",\"breadcrumb\":{\"@id\":\"https:\/\/redur.es\/pt-pt\/trabalhe-connosco\/#breadcrumb\"},\"inLanguage\":\"pt-PT\",\"potentialAction\":[{\"@type\":\"ReadAction\",\"target\":[\"https:\/\/redur.es\/pt-pt\/trabalhe-connosco\/\"]}]},{\"@type\":\"ImageObject\",\"inLanguage\":\"pt-PT\",\"@id\":\"https:\/\/redur.es\/pt-pt\/trabalhe-connosco\/#primaryimage\",\"url\":\"https:\/\/redur.es\/wp-content\/uploads\/2021\/05\/REDUR-CONTACTO_01.svg\",\"contentUrl\":\"https:\/\/redur.es\/wp-content\/uploads\/2021\/05\/REDUR-CONTACTO_01.svg\"},{\"@type\":\"BreadcrumbList\",\"@id\":\"https:\/\/redur.es\/pt-pt\/trabalhe-connosco\/#breadcrumb\",\"itemListElement\":[{\"@type\":\"ListItem\",\"position\":1,\"name\":\"Portada\",\"item\":\"https:\/\/redur.es\/pt-pt\/\"},{\"@type\":\"ListItem\",\"position\":2,\"name\":\"Trabalhe connosco\"}]},{\"@type\":\"WebSite\",\"@id\":\"https:\/\/redur.es\/pt-pt\/#website\",\"url\":\"https:\/\/redur.es\/pt-pt\/\",\"name\":\"REDUR\",\"description\":\"Log\u00edstica e Transporte\",\"publisher\":{\"@id\":\"https:\/\/redur.es\/pt-pt\/#organization\"},\"potentialAction\":[{\"@type\":\"SearchAction\",\"target\":{\"@type\":\"EntryPoint\",\"urlTemplate\":\"https:\/\/redur.es\/pt-pt\/?s={search_term_string}\"},\"query-input\":{\"@type\":\"PropertyValueSpecification\",\"valueRequired\":true,\"valueName\":\"search_term_string\"}}],\"inLanguage\":\"pt-PT\"},{\"@type\":\"Organization\",\"@id\":\"https:\/\/redur.es\/pt-pt\/#organization\",\"name\":\"REDUR\",\"url\":\"https:\/\/redur.es\/pt-pt\/\",\"logo\":{\"@type\":\"ImageObject\",\"inLanguage\":\"pt-PT\",\"@id\":\"https:\/\/redur.es\/pt-pt\/#\/schema\/logo\/image\/\",\"url\":\"\",\"contentUrl\":\"\",\"caption\":\"REDUR\"},\"image\":{\"@id\":\"https:\/\/redur.es\/pt-pt\/#\/schema\/logo\/image\/\"}}]}<\/script>\n<!-- \/ Yoast SEO plugin. -->","yoast_head_json":{"title":"Trabalhe connosco | REDUR","robots":{"index":"index","follow":"follow","max-snippet":"max-snippet:-1","max-image-preview":"max-image-preview:large","max-video-preview":"max-video-preview:-1"},"canonical":"https:\/\/redur.es\/pt-pt\/trabalhe-connosco\/","og_locale":"pt_PT","og_type":"article","og_title":"Trabalhe connosco | REDUR","og_description":"Morada escrit\u00f3rio central P.I. Redur Cr. Algete &#8211; Madrid Km 2,500 28110 Algete, Madrid, Espa\u00f1a Servi\u00e7o ao cliente T. 91 628 15 60F. 91 628 15 60info@redur.es","og_url":"https:\/\/redur.es\/pt-pt\/trabalhe-connosco\/","og_site_name":"REDUR","twitter_card":"summary_large_image","twitter_misc":{"Tempo estimado de leitura":"1 minuto"},"schema":{"@context":"https:\/\/schema.org","@graph":[{"@type":"WebPage","@id":"https:\/\/redur.es\/pt-pt\/trabalhe-connosco\/","url":"https:\/\/redur.es\/pt-pt\/trabalhe-connosco\/","name":"Trabalhe connosco | REDUR","isPartOf":{"@id":"https:\/\/redur.es\/pt-pt\/#website"},"primaryImageOfPage":{"@id":"https:\/\/redur.es\/pt-pt\/trabalhe-connosco\/#primaryimage"},"image":{"@id":"https:\/\/redur.es\/pt-pt\/trabalhe-connosco\/#primaryimage"},"thumbnailUrl":"https:\/\/redur.es\/wp-content\/uploads\/2021\/05\/REDUR-CONTACTO_01.svg","datePublished":"2024-10-23T06:44:55+00:00","dateModified":"2024-10-23T06:44:55+00:00","breadcrumb":{"@id":"https:\/\/redur.es\/pt-pt\/trabalhe-connosco\/#breadcrumb"},"inLanguage":"pt-PT","potentialAction":[{"@type":"ReadAction","target":["https:\/\/redur.es\/pt-pt\/trabalhe-connosco\/"]}]},{"@type":"ImageObject","inLanguage":"pt-PT","@id":"https:\/\/redur.es\/pt-pt\/trabalhe-connosco\/#primaryimage","url":"https:\/\/redur.es\/wp-content\/uploads\/2021\/05\/REDUR-CONTACTO_01.svg","contentUrl":"https:\/\/redur.es\/wp-content\/uploads\/2021\/05\/REDUR-CONTACTO_01.svg"},{"@type":"BreadcrumbList","@id":"https:\/\/redur.es\/pt-pt\/trabalhe-connosco\/#breadcrumb","itemListElement":[{"@type":"ListItem","position":1,"name":"Portada","item":"https:\/\/redur.es\/pt-pt\/"},{"@type":"ListItem","position":2,"name":"Trabalhe connosco"}]},{"@type":"WebSite","@id":"https:\/\/redur.es\/pt-pt\/#website","url":"https:\/\/redur.es\/pt-pt\/","name":"REDUR","description":"Log\u00edstica e Transporte","publisher":{"@id":"https:\/\/redur.es\/pt-pt\/#organization"},"potentialAction":[{"@type":"SearchAction","target":{"@type":"EntryPoint","urlTemplate":"https:\/\/redur.es\/pt-pt\/?s={search_term_string}"},"query-input":{"@type":"PropertyValueSpecification","valueRequired":true,"valueName":"search_term_string"}}],"inLanguage":"pt-PT"},{"@type":"Organization","@id":"https:\/\/redur.es\/pt-pt\/#organization","name":"REDUR","url":"https:\/\/redur.es\/pt-pt\/","logo":{"@type":"ImageObject","inLanguage":"pt-PT","@id":"https:\/\/redur.es\/pt-pt\/#\/schema\/logo\/image\/","url":"","contentUrl":"","caption":"REDUR"},"image":{"@id":"https:\/\/redur.es\/pt-pt\/#\/schema\/logo\/image\/"}}]}},"_links":{"self":[{"href":"https:\/\/redur.es\/pt-pt\/wp-json\/wp\/v2\/pages\/8142","targetHints":{"allow":["GET"]}}],"collection":[{"href":"https:\/\/redur.es\/pt-pt\/wp-json\/wp\/v2\/pages"}],"about":[{"href":"https:\/\/redur.es\/pt-pt\/wp-json\/wp\/v2\/types\/page"}],"author":[{"embeddable":true,"href":"https:\/\/redur.es\/pt-pt\/wp-json\/wp\/v2\/users\/1"}],"replies":[{"embeddable":true,"href":"https:\/\/redur.es\/pt-pt\/wp-json\/wp\/v2\/comments?post=8142"}],"version-history":[{"count":9,"href":"https:\/\/redur.es\/pt-pt\/wp-json\/wp\/v2\/pages\/8142\/revisions"}],"predecessor-version":[{"id":8175,"href":"https:\/\/redur.es\/pt-pt\/wp-json\/wp\/v2\/pages\/8142\/revisions\/8175"}],"wp:attachment":[{"href":"https:\/\/redur.es\/pt-pt\/wp-json\/wp\/v2\/media?parent=8142"}],"curies":[{"name":"wp","href":"https:\/\/api.w.org\/{rel}","templated":true}]}}