{"id":8336,"date":"2025-09-11T12:06:16","date_gmt":"2025-09-11T12:06:16","guid":{"rendered":"https:\/\/redur.es\/?page_id=8336"},"modified":"2025-09-11T12:06:16","modified_gmt":"2025-09-11T12:06:16","slug":"grandes-superficies","status":"publish","type":"page","link":"https:\/\/redur.es\/pt-pt\/grandes-superficies\/","title":{"rendered":"Grandes Superf\u00edcies"},"content":{"rendered":"<section id=\"header-block_0365536152dcc10ef538b6c61272112c\" class=\"block-header bg_svg_1 height_73 \" style=\"min-height: 73vh;background-color:  ;\">\n\t<div class=\"img-header bg d-flex flex-column justify-content-end justify-content-md-center \" style=\"min-height: 73vh; background-image: url('');\" data-default=\"\" data-mobile=\"\" >\n        <div class=\"container d-flex flex-column justify-content-between \">\n            <div class=\"display-2\">\n                            \t                    <h1>Grandes<br \/>\r\nSuperf\u00edcies<\/h1>\n                            <\/div>\n               \n            \n        <\/div>\n    <\/div>\n                <svg id=\"background-header-1\" class=\"background-header\" xmlns=\"http:\/\/www.w3.org\/2000\/svg\" viewBox=\"0 0 1506.6 678.5\"><title>svg_1<\/title><path d=\"M579.9,678.5H0v-90H579.9A180.37,180.37,0,0,0,760.4,408V270.5A270.41,270.41,0,0,1,1030.9,0h475.7V90H1030.9A180.61,180.61,0,0,0,850.4,270.5V408A270.4,270.4,0,0,1,579.9,678.5Z\" style=\"fill: var(--color-green-primary)\"\/><\/svg>\n            <svg version=\"1.1\" id=\"background-header-1-1\" class=\"background-header\" xmlns=\"http:\/\/www.w3.org\/2000\/svg\" xmlns:xlink=\"http:\/\/www.w3.org\/1999\/xlink\" x=\"0px\" y=\"0px\" viewBox=\"0 0 860.8 681.8\" xml:space=\"preserve\"><path class=\"st0\" d=\"M331.3,681.8H0v-50h331.3c27.7,0,53.8-10.8,73.4-30.4c19.6-19.6,30.4-45.7,30.4-73.4V153.9C435.2,69,504.2,0,589,0c0,0,0,0,0,0h271.8v50H589c-57.3,0-103.9,46.6-103.9,103.9v374.1c0,41.1-16,79.7-45.1,108.8C411.1,665.8,372.4,681.8,331.3,681.8z\"  style=\"fill: var(--color-green-primary);\"\/><\/svg>\n             \n    <\/section>\n<div style=\"height:70px\" aria-hidden=\"true\" class=\"wp-block-spacer\"><\/div>\n\n<div class=\"wp-block-columns container-fluid is-layout-flex wp-container-core-columns-is-layout-9d6595d7 wp-block-columns-is-layout-flex\">\n<div class=\"wp-block-column is-layout-flow wp-block-column-is-layout-flow\" style=\"flex-basis:15%\"><\/div>\n\n\n\n<div class=\"wp-block-column is-layout-flow wp-block-column-is-layout-flow\" style=\"flex-basis:70%\">\n<p class=\"has-text-align-center\">Abaixo segue o documento detalhando as plataformas log\u00edsticas, hipermercados, centros comerciais e grandes superf\u00edcies especializadas que exigem um processo de coordena\u00e7\u00e3o e arranjo de entrega.<\/p>\n\n\n\n<div class=\"wp-block-buttons is-content-justification-center is-layout-flex wp-container-core-buttons-is-layout-16018d1d wp-block-buttons-is-layout-flex\">\n<div class=\"wp-block-button\"><a class=\"wp-block-button__link has-background wp-element-button\" href=\"https:\/\/redur.es\/wp-content\/uploads\/2025\/09\/GrandesSuperficies.pdf\" style=\"background-color:#0c4c49\" target=\"_blank\" rel=\"noreferrer noopener\">Baixe a lista de grandes superf\u00edcies<\/a><\/div>\n<\/div>\n<\/div>\n\n\n\n<div class=\"wp-block-column is-layout-flow wp-block-column-is-layout-flow\" style=\"flex-basis:15%\"><\/div>\n<\/div>\n\n<div style=\"height:50px\" aria-hidden=\"true\" class=\"wp-block-spacer\"><\/div>\n\n<p><\/p>\n","protected":false},"excerpt":{"rendered":"<p>Abaixo segue o documento detalhando as plataformas log\u00edsticas, hipermercados, centros comerciais e grandes superf\u00edcies especializadas que exigem um processo de coordena\u00e7\u00e3o e arranjo de entrega.<\/p>\n","protected":false},"author":1,"featured_media":0,"parent":0,"menu_order":0,"comment_status":"closed","ping_status":"closed","template":"","meta":{"_acf_changed":false,"footnotes":""},"class_list":["post-8336","page","type-page","status-publish","hentry"],"acf":[],"yoast_head":"<!-- This site is optimized with the Yoast SEO plugin v23.6 - https:\/\/yoast.com\/wordpress\/plugins\/seo\/ -->\n<title>Grandes Superf\u00edcies | REDUR<\/title>\n<meta name=\"robots\" content=\"index, follow, max-snippet:-1, max-image-preview:large, max-video-preview:-1\" \/>\n<link rel=\"canonical\" href=\"https:\/\/redur.es\/pt-pt\/grandes-superficies\/\" \/>\n<meta property=\"og:locale\" content=\"pt_PT\" \/>\n<meta property=\"og:type\" content=\"article\" \/>\n<meta property=\"og:title\" content=\"Grandes Superf\u00edcies | REDUR\" \/>\n<meta property=\"og:description\" content=\"Abaixo segue o documento detalhando as plataformas log\u00edsticas, hipermercados, centros comerciais e grandes superf\u00edcies especializadas que exigem um processo de coordena\u00e7\u00e3o e arranjo de entrega.\" \/>\n<meta property=\"og:url\" content=\"https:\/\/redur.es\/pt-pt\/grandes-superficies\/\" \/>\n<meta property=\"og:site_name\" content=\"REDUR\" \/>\n<meta name=\"twitter:card\" content=\"summary_large_image\" \/>\n<script type=\"application\/ld+json\" class=\"yoast-schema-graph\">{\"@context\":\"https:\/\/schema.org\",\"@graph\":[{\"@type\":\"WebPage\",\"@id\":\"https:\/\/redur.es\/pt-pt\/grandes-superficies\/\",\"url\":\"https:\/\/redur.es\/pt-pt\/grandes-superficies\/\",\"name\":\"Grandes Superf\u00edcies | REDUR\",\"isPartOf\":{\"@id\":\"https:\/\/redur.es\/pt-pt\/#website\"},\"datePublished\":\"2025-09-11T12:06:16+00:00\",\"dateModified\":\"2025-09-11T12:06:16+00:00\",\"breadcrumb\":{\"@id\":\"https:\/\/redur.es\/pt-pt\/grandes-superficies\/#breadcrumb\"},\"inLanguage\":\"pt-PT\",\"potentialAction\":[{\"@type\":\"ReadAction\",\"target\":[\"https:\/\/redur.es\/pt-pt\/grandes-superficies\/\"]}]},{\"@type\":\"BreadcrumbList\",\"@id\":\"https:\/\/redur.es\/pt-pt\/grandes-superficies\/#breadcrumb\",\"itemListElement\":[{\"@type\":\"ListItem\",\"position\":1,\"name\":\"Portada\",\"item\":\"https:\/\/redur.es\/pt-pt\/\"},{\"@type\":\"ListItem\",\"position\":2,\"name\":\"Grandes Superf\u00edcies\"}]},{\"@type\":\"WebSite\",\"@id\":\"https:\/\/redur.es\/pt-pt\/#website\",\"url\":\"https:\/\/redur.es\/pt-pt\/\",\"name\":\"REDUR\",\"description\":\"Log\u00edstica e Transporte\",\"publisher\":{\"@id\":\"https:\/\/redur.es\/pt-pt\/#organization\"},\"potentialAction\":[{\"@type\":\"SearchAction\",\"target\":{\"@type\":\"EntryPoint\",\"urlTemplate\":\"https:\/\/redur.es\/pt-pt\/?s={search_term_string}\"},\"query-input\":{\"@type\":\"PropertyValueSpecification\",\"valueRequired\":true,\"valueName\":\"search_term_string\"}}],\"inLanguage\":\"pt-PT\"},{\"@type\":\"Organization\",\"@id\":\"https:\/\/redur.es\/pt-pt\/#organization\",\"name\":\"REDUR\",\"url\":\"https:\/\/redur.es\/pt-pt\/\",\"logo\":{\"@type\":\"ImageObject\",\"inLanguage\":\"pt-PT\",\"@id\":\"https:\/\/redur.es\/pt-pt\/#\/schema\/logo\/image\/\",\"url\":\"\",\"contentUrl\":\"\",\"caption\":\"REDUR\"},\"image\":{\"@id\":\"https:\/\/redur.es\/pt-pt\/#\/schema\/logo\/image\/\"}}]}<\/script>\n<!-- \/ Yoast SEO plugin. -->","yoast_head_json":{"title":"Grandes Superf\u00edcies | REDUR","robots":{"index":"index","follow":"follow","max-snippet":"max-snippet:-1","max-image-preview":"max-image-preview:large","max-video-preview":"max-video-preview:-1"},"canonical":"https:\/\/redur.es\/pt-pt\/grandes-superficies\/","og_locale":"pt_PT","og_type":"article","og_title":"Grandes Superf\u00edcies | REDUR","og_description":"Abaixo segue o documento detalhando as plataformas log\u00edsticas, hipermercados, centros comerciais e grandes superf\u00edcies especializadas que exigem um processo de coordena\u00e7\u00e3o e arranjo de entrega.","og_url":"https:\/\/redur.es\/pt-pt\/grandes-superficies\/","og_site_name":"REDUR","twitter_card":"summary_large_image","schema":{"@context":"https:\/\/schema.org","@graph":[{"@type":"WebPage","@id":"https:\/\/redur.es\/pt-pt\/grandes-superficies\/","url":"https:\/\/redur.es\/pt-pt\/grandes-superficies\/","name":"Grandes Superf\u00edcies | REDUR","isPartOf":{"@id":"https:\/\/redur.es\/pt-pt\/#website"},"datePublished":"2025-09-11T12:06:16+00:00","dateModified":"2025-09-11T12:06:16+00:00","breadcrumb":{"@id":"https:\/\/redur.es\/pt-pt\/grandes-superficies\/#breadcrumb"},"inLanguage":"pt-PT","potentialAction":[{"@type":"ReadAction","target":["https:\/\/redur.es\/pt-pt\/grandes-superficies\/"]}]},{"@type":"BreadcrumbList","@id":"https:\/\/redur.es\/pt-pt\/grandes-superficies\/#breadcrumb","itemListElement":[{"@type":"ListItem","position":1,"name":"Portada","item":"https:\/\/redur.es\/pt-pt\/"},{"@type":"ListItem","position":2,"name":"Grandes Superf\u00edcies"}]},{"@type":"WebSite","@id":"https:\/\/redur.es\/pt-pt\/#website","url":"https:\/\/redur.es\/pt-pt\/","name":"REDUR","description":"Log\u00edstica e Transporte","publisher":{"@id":"https:\/\/redur.es\/pt-pt\/#organization"},"potentialAction":[{"@type":"SearchAction","target":{"@type":"EntryPoint","urlTemplate":"https:\/\/redur.es\/pt-pt\/?s={search_term_string}"},"query-input":{"@type":"PropertyValueSpecification","valueRequired":true,"valueName":"search_term_string"}}],"inLanguage":"pt-PT"},{"@type":"Organization","@id":"https:\/\/redur.es\/pt-pt\/#organization","name":"REDUR","url":"https:\/\/redur.es\/pt-pt\/","logo":{"@type":"ImageObject","inLanguage":"pt-PT","@id":"https:\/\/redur.es\/pt-pt\/#\/schema\/logo\/image\/","url":"","contentUrl":"","caption":"REDUR"},"image":{"@id":"https:\/\/redur.es\/pt-pt\/#\/schema\/logo\/image\/"}}]}},"_links":{"self":[{"href":"https:\/\/redur.es\/pt-pt\/wp-json\/wp\/v2\/pages\/8336","targetHints":{"allow":["GET"]}}],"collection":[{"href":"https:\/\/redur.es\/pt-pt\/wp-json\/wp\/v2\/pages"}],"about":[{"href":"https:\/\/redur.es\/pt-pt\/wp-json\/wp\/v2\/types\/page"}],"author":[{"embeddable":true,"href":"https:\/\/redur.es\/pt-pt\/wp-json\/wp\/v2\/users\/1"}],"replies":[{"embeddable":true,"href":"https:\/\/redur.es\/pt-pt\/wp-json\/wp\/v2\/comments?post=8336"}],"version-history":[{"count":9,"href":"https:\/\/redur.es\/pt-pt\/wp-json\/wp\/v2\/pages\/8336\/revisions"}],"predecessor-version":[{"id":8371,"href":"https:\/\/redur.es\/pt-pt\/wp-json\/wp\/v2\/pages\/8336\/revisions\/8371"}],"wp:attachment":[{"href":"https:\/\/redur.es\/pt-pt\/wp-json\/wp\/v2\/media?parent=8336"}],"curies":[{"name":"wp","href":"https:\/\/api.w.org\/{rel}","templated":true}]}}